{"id":2680,"date":"2020-11-12T16:57:37","date_gmt":"2020-11-12T15:57:37","guid":{"rendered":"https:\/\/www.zeenworld.com\/novy\/?page_id=2680"},"modified":"2024-08-08T15:08:01","modified_gmt":"2024-08-08T13:08:01","slug":"uvod","status":"publish","type":"page","link":"https:\/\/www.zeenworld.com\/sk\/","title":{"rendered":"\u00davod"},"content":{"rendered":"\n<div class=\"wp-block-columns are-vertically-aligned-center is-layout-flex wp-container-core-columns-is-layout-1 wp-block-columns-is-layout-flex\">\n<div class=\"wp-block-column is-vertically-aligned-center is-layout-flow wp-block-column-is-layout-flow\" style=\"flex-basis:33.33%\">\n<h2 class=\"wp-block-heading\">Odha\u013ete tajomstvo ZEEN produktov<\/h2>\n\n\n\n<p>Za na\u0161imi produktmi sa skr\u00fdva viac ne\u017e len kr\u00e1sne balenia. Na\u0161e pr\u00e9miov\u00e9 vitam\u00ednov\u00e9 doplnky a kolag\u00e9n pre \u017eeny aj mu\u017eov podporia va\u0161u prirodzen\u00fa kr\u00e1su a zdravie bez oh\u013eadu na vek \u010di pohlavie. Bez kompromisov.<\/p>\n\n\n\n<p><strong>ZEEN pre \u0148u<\/strong> &#8211; Aby sa va\u0161e vlasy stali korunkou kr\u00e1sy a pru\u017en\u00e1 poko\u017eka v\u00e1m dodala sebavedomie, v\u010faka ktor\u00e9mu sa budete kone\u010dne c\u00edti\u0165 skvele vo svojej ko\u017ei.<\/p>\n\n\n\n<p><strong>ZEEN pre neho<\/strong> &#8211; \u00daspe\u0161n\u00fd mu\u017e tejto dynamickej doby sa star\u00e1 nielen o svoj vzh\u013ead, ale podpor\u00ed aj svoje zdravie a \u017eivotn\u00fd \u0161t\u00fdl, ktor\u00e9 mu pom\u00f4\u017eu dosta\u0165 sa do vyt\u00fa\u017een\u00e9ho cie\u013ea.<\/p>\n\n\n\n<div class=\"wp-block-buttons is-layout-flex wp-block-buttons-is-layout-flex\">\n<div class=\"wp-block-button\"><a class=\"wp-block-button__link wp-element-button\" href=\"https:\/\/www.zeenworld.com\/sk\/shop\/\">Pozrie\u0165 produkty<\/a><\/div>\n<\/div>\n<\/div>\n\n\n\n<div class=\"wp-block-column is-vertically-aligned-center is-layout-flow wp-block-column-is-layout-flow\" style=\"flex-basis:66.66%\">\n<figure class=\"wp-block-image alignright size-full is-resized\"><img decoding=\"async\" width=\"800\" height=\"831\" src=\"https:\/\/www.zeenworld.com\/sk\/wp-content\/uploads\/2024\/07\/kolagen-duo-new.webp\" alt=\"\" class=\"wp-image-15801\" style=\"width:552px;height:auto\" srcset=\"https:\/\/www.zeenworld.com\/sk\/wp-content\/uploads\/2024\/07\/kolagen-duo-new.webp 800w, https:\/\/www.zeenworld.com\/sk\/wp-content\/uploads\/2024\/07\/kolagen-duo-new-620x644.webp 620w, https:\/\/www.zeenworld.com\/sk\/wp-content\/uploads\/2024\/07\/kolagen-duo-new-289x300.webp 289w, https:\/\/www.zeenworld.com\/sk\/wp-content\/uploads\/2024\/07\/kolagen-duo-new-760x789.webp 760w, https:\/\/www.zeenworld.com\/sk\/wp-content\/uploads\/2024\/07\/kolagen-duo-new-370x384.webp 370w\" sizes=\"(max-width: 800px) 100vw, 800px\" \/><\/figure>\n<\/div>\n<\/div>\n\n\n\n<div class=\"wp-block-columns alignfull trio is-layout-flex wp-container-core-columns-is-layout-2 wp-block-columns-is-layout-flex\">\n<div class=\"wp-block-column is-vertically-aligned-bottom is-layout-flow wp-block-column-is-layout-flow\">\n<figure class=\"wp-block-image aligncenter size-full is-resized bottom-margin block-visibility-hide-small-screen\"><a href=\"https:\/\/www.zeenworld.com\/sk\/produkt\/zeen-collagen-gold\/\"><img decoding=\"async\" width=\"800\" height=\"528\" src=\"https:\/\/www.zeenworld.com\/sk\/wp-content\/uploads\/2024\/07\/zeen_coll_gold-1.webp\" alt=\"\" class=\"wp-image-15804\" style=\"width:274px;height:auto\" srcset=\"https:\/\/www.zeenworld.com\/sk\/wp-content\/uploads\/2024\/07\/zeen_coll_gold-1.webp 800w, https:\/\/www.zeenworld.com\/sk\/wp-content\/uploads\/2024\/07\/zeen_coll_gold-1-620x409.webp 620w, https:\/\/www.zeenworld.com\/sk\/wp-content\/uploads\/2024\/07\/zeen_coll_gold-1-300x198.webp 300w, https:\/\/www.zeenworld.com\/sk\/wp-content\/uploads\/2024\/07\/zeen_coll_gold-1-760x502.webp 760w, https:\/\/www.zeenworld.com\/sk\/wp-content\/uploads\/2024\/07\/zeen_coll_gold-1-370x244.webp 370w\" sizes=\"(max-width: 800px) 100vw, 800px\" \/><\/a><\/figure>\n\n\n\n<h3 class=\"wp-block-heading has-text-align-center block-visibility-hide-small-screen\"><a href=\"https:\/\/www.zeenworld.com\/sk\/produkt\/zeen-collagen-gold\/\">PR\u00c9MIOV\u00dd KOLAG\u00c9N<\/a><\/h3>\n<\/div>\n\n\n\n<div class=\"wp-block-column is-vertically-aligned-bottom is-layout-flow wp-block-column-is-layout-flow\">\n<figure class=\"wp-block-image aligncenter size-full is-resized\"><a href=\"https:\/\/www.zeenworld.com\/sk\/produkty\/kolagen\/\"><img decoding=\"async\" width=\"800\" height=\"653\" src=\"https:\/\/www.zeenworld.com\/sk\/wp-content\/uploads\/2024\/07\/beauty-klbovy.webp\" alt=\"\" class=\"wp-image-15807\" style=\"width:299px;height:auto\" srcset=\"https:\/\/www.zeenworld.com\/sk\/wp-content\/uploads\/2024\/07\/beauty-klbovy.webp 800w, https:\/\/www.zeenworld.com\/sk\/wp-content\/uploads\/2024\/07\/beauty-klbovy-620x506.webp 620w, https:\/\/www.zeenworld.com\/sk\/wp-content\/uploads\/2024\/07\/beauty-klbovy-300x245.webp 300w, https:\/\/www.zeenworld.com\/sk\/wp-content\/uploads\/2024\/07\/beauty-klbovy-760x620.webp 760w, https:\/\/www.zeenworld.com\/sk\/wp-content\/uploads\/2024\/07\/beauty-klbovy-370x302.webp 370w\" sizes=\"(max-width: 800px) 100vw, 800px\" \/><\/a><\/figure>\n\n\n\n<h3 class=\"wp-block-heading has-text-align-center\"><a href=\"https:\/\/www.zeenworld.com\/sk\/produkty\/kolagen\/\">BEAUTY A K\u0139BOV\u00dd KOLAG\u00c9N<\/a><\/h3>\n<\/div>\n\n\n\n<div class=\"wp-block-column is-vertically-aligned-bottom is-layout-flow wp-block-column-is-layout-flow\">\n<figure class=\"wp-block-image aligncenter size-full is-resized\"><a href=\"https:\/\/www.zeenworld.com\/sk\/produkty\/vyzivove-doplnky-a-vitaminy\/\"><img decoding=\"async\" width=\"800\" height=\"653\" src=\"https:\/\/www.zeenworld.com\/sk\/wp-content\/uploads\/2024\/07\/vitaminy-titulka.webp\" alt=\"\" class=\"wp-image-15803\" style=\"width:349px;height:auto\" srcset=\"https:\/\/www.zeenworld.com\/sk\/wp-content\/uploads\/2024\/07\/vitaminy-titulka.webp 800w, https:\/\/www.zeenworld.com\/sk\/wp-content\/uploads\/2024\/07\/vitaminy-titulka-620x506.webp 620w, https:\/\/www.zeenworld.com\/sk\/wp-content\/uploads\/2024\/07\/vitaminy-titulka-300x245.webp 300w, https:\/\/www.zeenworld.com\/sk\/wp-content\/uploads\/2024\/07\/vitaminy-titulka-760x620.webp 760w, https:\/\/www.zeenworld.com\/sk\/wp-content\/uploads\/2024\/07\/vitaminy-titulka-370x302.webp 370w\" sizes=\"(max-width: 800px) 100vw, 800px\" \/><\/a><\/figure>\n\n\n\n<h3 class=\"wp-block-heading has-text-align-center\"><a href=\"https:\/\/www.zeenworld.com\/sk\/produkty\/vyzivove-doplnky-a-vitaminy\/\">DOPLNKY V\u00dd\u017dIVY<\/a><\/h3>\n<\/div>\n<\/div>\n","protected":false},"excerpt":{"rendered":"<p>Odha\u013ete tajomstvo ZEEN produktov Za na\u0161imi produktmi sa skr\u00fdva viac ne\u017e len kr\u00e1sne balenia. Na\u0161e pr\u00e9miov\u00e9 vitam\u00ednov\u00e9 doplnky a kolag\u00e9n pre \u017eeny aj mu\u017eov podporia va\u0161u prirodzen\u00fa kr\u00e1su a zdravie bez oh\u013eadu na vek \u010di pohlavie. Bez kompromisov. ZEEN pre \u0148u &#8211; Aby sa va\u0161e vlasy stali korunkou kr\u00e1sy a pru\u017en\u00e1 poko\u017eka v\u00e1m dodala sebavedomie, [&hellip;]<\/p>\n","protected":false},"author":9,"featured_media":0,"parent":0,"menu_order":0,"comment_status":"closed","ping_status":"closed","template":"","meta":{"site-sidebar-layout":"default","site-content-layout":"","ast-site-content-layout":"","site-content-style":"default","site-sidebar-style":"default","ast-global-header-display":"","ast-banner-title-visibility":"","ast-main-header-display":"","ast-hfb-above-header-display":"","ast-hfb-below-header-display":"","ast-hfb-mobile-header-display":"","site-post-title":"","ast-breadcrumbs-content":"","ast-featured-img":"","footer-sml-layout":"","theme-transparent-header-meta":"","adv-header-id-meta":"","stick-header-meta":"","header-above-stick-meta":"","header-main-stick-meta":"","header-below-stick-meta":"","astra-migrate-meta-layouts":"default","ast-page-background-enabled":"default","ast-page-background-meta":{"desktop":{"background-color":"var(--ast-global-color-4)","background-image":"","background-repeat":"repeat","background-position":"center center","background-size":"auto","background-attachment":"scroll","background-type":"","background-media":"","overlay-type":"","overlay-color":"","overlay-opacity":"","overlay-gradient":""},"tablet":{"background-color":"","background-image":"","background-repeat":"repeat","background-position":"center center","background-size":"auto","background-attachment":"scroll","background-type":"","background-media":"","overlay-type":"","overlay-color":"","overlay-opacity":"","overlay-gradient":""},"mobile":{"background-color":"","background-image":"","background-repeat":"repeat","background-position":"center center","background-size":"auto","background-attachment":"scroll","background-type":"","background-media":"","overlay-type":"","overlay-color":"","overlay-opacity":"","overlay-gradient":""}},"ast-content-background-meta":{"desktop":{"background-color":"var(--ast-global-color-5)","background-image":"","background-repeat":"repeat","background-position":"center center","background-size":"auto","background-attachment":"scroll","background-type":"","background-media":"","overlay-type":"","overlay-color":"","overlay-opacity":"","overlay-gradient":""},"tablet":{"background-color":"var(--ast-global-color-5)","background-image":"","background-repeat":"repeat","background-position":"center center","background-size":"auto","background-attachment":"scroll","background-type":"","background-media":"","overlay-type":"","overlay-color":"","overlay-opacity":"","overlay-gradient":""},"mobile":{"background-color":"var(--ast-global-color-5)","background-image":"","background-repeat":"repeat","background-position":"center center","background-size":"auto","background-attachment":"scroll","background-type":"","background-media":"","overlay-type":"","overlay-color":"","overlay-opacity":"","overlay-gradient":""}},"footnotes":""},"yoast_head":"<!-- This site is optimized with the Yoast SEO plugin v24.2 - https:\/\/yoast.com\/wordpress\/plugins\/seo\/ -->\n<title>\u00davod - ZEEN WORLD<\/title>\n<meta name=\"description\" content=\"Pr\u00e9miov\u00e9 pr\u00edrodn\u00e9 produkty pre Va\u0161u kr\u00e1su a zdravie. Kolag\u00e9ny, lie\u010div\u00e9 konope CBD a CBG, v\u00fd\u017eivov\u00e9 doplnky a vitam\u00edny.\" \/>\n<meta name=\"robots\" content=\"index, follow, max-snippet:-1, max-image-preview:large, max-video-preview:-1\" \/>\n<link rel=\"canonical\" href=\"https:\/\/www.zeenworld.com\/sk\/\" \/>\n<meta property=\"og:locale\" content=\"sk_SK\" \/>\n<meta property=\"og:type\" content=\"article\" \/>\n<meta property=\"og:title\" content=\"\u00davod - ZEEN WORLD\" \/>\n<meta property=\"og:description\" content=\"Pr\u00e9miov\u00e9 pr\u00edrodn\u00e9 produkty pre Va\u0161u kr\u00e1su a zdravie. Kolag\u00e9ny, lie\u010div\u00e9 konope CBD a CBG, v\u00fd\u017eivov\u00e9 doplnky a vitam\u00edny.\" \/>\n<meta property=\"og:url\" content=\"https:\/\/www.zeenworld.com\/sk\/\" \/>\n<meta property=\"og:site_name\" content=\"ZEEN WORLD\" \/>\n<meta property=\"article:modified_time\" content=\"2024-08-08T13:08:01+00:00\" \/>\n<meta property=\"og:image\" content=\"https:\/\/www.zeenworld.com\/sk\/wp-content\/uploads\/2024\/07\/kolagen-duo-new.webp\" \/>\n<meta name=\"twitter:card\" content=\"summary_large_image\" \/>\n<meta name=\"twitter:label1\" content=\"Predpokladan\u00fd \u010das \u010d\u00edtania\" \/>\n\t<meta name=\"twitter:data1\" content=\"2 min\u00faty\" \/>\n<script type=\"application\/ld+json\" class=\"yoast-schema-graph\">{\"@context\":\"https:\/\/schema.org\",\"@graph\":[{\"@type\":\"WebPage\",\"@id\":\"https:\/\/www.zeenworld.com\/sk\/\",\"url\":\"https:\/\/www.zeenworld.com\/sk\/\",\"name\":\"\u00davod - ZEEN WORLD\",\"isPartOf\":{\"@id\":\"https:\/\/www.zeenworld.com\/sk\/#website\"},\"primaryImageOfPage\":{\"@id\":\"https:\/\/www.zeenworld.com\/sk\/#primaryimage\"},\"image\":{\"@id\":\"https:\/\/www.zeenworld.com\/sk\/#primaryimage\"},\"thumbnailUrl\":\"https:\/\/www.zeenworld.com\/sk\/wp-content\/uploads\/2024\/07\/kolagen-duo-new.webp\",\"datePublished\":\"2020-11-12T15:57:37+00:00\",\"dateModified\":\"2024-08-08T13:08:01+00:00\",\"description\":\"Pr\u00e9miov\u00e9 pr\u00edrodn\u00e9 produkty pre Va\u0161u kr\u00e1su a zdravie. Kolag\u00e9ny, lie\u010div\u00e9 konope CBD a CBG, v\u00fd\u017eivov\u00e9 doplnky a vitam\u00edny.\",\"breadcrumb\":{\"@id\":\"https:\/\/www.zeenworld.com\/sk\/#breadcrumb\"},\"inLanguage\":\"sk-SK\",\"potentialAction\":[{\"@type\":\"ReadAction\",\"target\":[\"https:\/\/www.zeenworld.com\/sk\/\"]}]},{\"@type\":\"ImageObject\",\"inLanguage\":\"sk-SK\",\"@id\":\"https:\/\/www.zeenworld.com\/sk\/#primaryimage\",\"url\":\"https:\/\/www.zeenworld.com\/sk\/wp-content\/uploads\/2024\/07\/kolagen-duo-new.webp\",\"contentUrl\":\"https:\/\/www.zeenworld.com\/sk\/wp-content\/uploads\/2024\/07\/kolagen-duo-new.webp\",\"width\":800,\"height\":831},{\"@type\":\"BreadcrumbList\",\"@id\":\"https:\/\/www.zeenworld.com\/sk\/#breadcrumb\",\"itemListElement\":[{\"@type\":\"ListItem\",\"position\":1,\"name\":\"Domovsk\u00e1 str\u00e1nka\",\"item\":\"https:\/\/www.zeenworld.com\/sk\/\"},{\"@type\":\"ListItem\",\"position\":2,\"name\":\"\u00davod\"}]},{\"@type\":\"WebSite\",\"@id\":\"https:\/\/www.zeenworld.com\/sk\/#website\",\"url\":\"https:\/\/www.zeenworld.com\/sk\/\",\"name\":\"ZEEN WORLD\",\"description\":\"Kr\u00e1sa a zdravie bez kompromisov\",\"publisher\":{\"@id\":\"https:\/\/www.zeenworld.com\/sk\/#organization\"},\"potentialAction\":[{\"@type\":\"SearchAction\",\"target\":{\"@type\":\"EntryPoint\",\"urlTemplate\":\"https:\/\/www.zeenworld.com\/sk\/?s={search_term_string}\"},\"query-input\":{\"@type\":\"PropertyValueSpecification\",\"valueRequired\":true,\"valueName\":\"search_term_string\"}}],\"inLanguage\":\"sk-SK\"},{\"@type\":\"Organization\",\"@id\":\"https:\/\/www.zeenworld.com\/sk\/#organization\",\"name\":\"ZEEN WORLD\",\"url\":\"https:\/\/www.zeenworld.com\/sk\/\",\"logo\":{\"@type\":\"ImageObject\",\"inLanguage\":\"sk-SK\",\"@id\":\"https:\/\/www.zeenworld.com\/sk\/#\/schema\/logo\/image\/\",\"url\":\"https:\/\/www.zeenworld.com\/sk\/wp-content\/uploads\/2020\/11\/zeen-22.png\",\"contentUrl\":\"https:\/\/www.zeenworld.com\/sk\/wp-content\/uploads\/2020\/11\/zeen-22.png\",\"width\":630,\"height\":630,\"caption\":\"ZEEN WORLD\"},\"image\":{\"@id\":\"https:\/\/www.zeenworld.com\/sk\/#\/schema\/logo\/image\/\"}}]}<\/script>\n<!-- \/ Yoast SEO plugin. -->","yoast_head_json":{"title":"\u00davod - ZEEN WORLD","description":"Pr\u00e9miov\u00e9 pr\u00edrodn\u00e9 produkty pre Va\u0161u kr\u00e1su a zdravie. Kolag\u00e9ny, lie\u010div\u00e9 konope CBD a CBG, v\u00fd\u017eivov\u00e9 doplnky a vitam\u00edny.","robots":{"index":"index","follow":"follow","max-snippet":"max-snippet:-1","max-image-preview":"max-image-preview:large","max-video-preview":"max-video-preview:-1"},"canonical":"https:\/\/www.zeenworld.com\/sk\/","og_locale":"sk_SK","og_type":"article","og_title":"\u00davod - ZEEN WORLD","og_description":"Pr\u00e9miov\u00e9 pr\u00edrodn\u00e9 produkty pre Va\u0161u kr\u00e1su a zdravie. Kolag\u00e9ny, lie\u010div\u00e9 konope CBD a CBG, v\u00fd\u017eivov\u00e9 doplnky a vitam\u00edny.","og_url":"https:\/\/www.zeenworld.com\/sk\/","og_site_name":"ZEEN WORLD","article_modified_time":"2024-08-08T13:08:01+00:00","og_image":[{"url":"https:\/\/www.zeenworld.com\/sk\/wp-content\/uploads\/2024\/07\/kolagen-duo-new.webp","type":"","width":"","height":""}],"twitter_card":"summary_large_image","twitter_misc":{"Predpokladan\u00fd \u010das \u010d\u00edtania":"2 min\u00faty"},"schema":{"@context":"https:\/\/schema.org","@graph":[{"@type":"WebPage","@id":"https:\/\/www.zeenworld.com\/sk\/","url":"https:\/\/www.zeenworld.com\/sk\/","name":"\u00davod - ZEEN WORLD","isPartOf":{"@id":"https:\/\/www.zeenworld.com\/sk\/#website"},"primaryImageOfPage":{"@id":"https:\/\/www.zeenworld.com\/sk\/#primaryimage"},"image":{"@id":"https:\/\/www.zeenworld.com\/sk\/#primaryimage"},"thumbnailUrl":"https:\/\/www.zeenworld.com\/sk\/wp-content\/uploads\/2024\/07\/kolagen-duo-new.webp","datePublished":"2020-11-12T15:57:37+00:00","dateModified":"2024-08-08T13:08:01+00:00","description":"Pr\u00e9miov\u00e9 pr\u00edrodn\u00e9 produkty pre Va\u0161u kr\u00e1su a zdravie. Kolag\u00e9ny, lie\u010div\u00e9 konope CBD a CBG, v\u00fd\u017eivov\u00e9 doplnky a vitam\u00edny.","breadcrumb":{"@id":"https:\/\/www.zeenworld.com\/sk\/#breadcrumb"},"inLanguage":"sk-SK","potentialAction":[{"@type":"ReadAction","target":["https:\/\/www.zeenworld.com\/sk\/"]}]},{"@type":"ImageObject","inLanguage":"sk-SK","@id":"https:\/\/www.zeenworld.com\/sk\/#primaryimage","url":"https:\/\/www.zeenworld.com\/sk\/wp-content\/uploads\/2024\/07\/kolagen-duo-new.webp","contentUrl":"https:\/\/www.zeenworld.com\/sk\/wp-content\/uploads\/2024\/07\/kolagen-duo-new.webp","width":800,"height":831},{"@type":"BreadcrumbList","@id":"https:\/\/www.zeenworld.com\/sk\/#breadcrumb","itemListElement":[{"@type":"ListItem","position":1,"name":"Domovsk\u00e1 str\u00e1nka","item":"https:\/\/www.zeenworld.com\/sk\/"},{"@type":"ListItem","position":2,"name":"\u00davod"}]},{"@type":"WebSite","@id":"https:\/\/www.zeenworld.com\/sk\/#website","url":"https:\/\/www.zeenworld.com\/sk\/","name":"ZEEN WORLD","description":"Kr\u00e1sa a zdravie bez kompromisov","publisher":{"@id":"https:\/\/www.zeenworld.com\/sk\/#organization"},"potentialAction":[{"@type":"SearchAction","target":{"@type":"EntryPoint","urlTemplate":"https:\/\/www.zeenworld.com\/sk\/?s={search_term_string}"},"query-input":{"@type":"PropertyValueSpecification","valueRequired":true,"valueName":"search_term_string"}}],"inLanguage":"sk-SK"},{"@type":"Organization","@id":"https:\/\/www.zeenworld.com\/sk\/#organization","name":"ZEEN WORLD","url":"https:\/\/www.zeenworld.com\/sk\/","logo":{"@type":"ImageObject","inLanguage":"sk-SK","@id":"https:\/\/www.zeenworld.com\/sk\/#\/schema\/logo\/image\/","url":"https:\/\/www.zeenworld.com\/sk\/wp-content\/uploads\/2020\/11\/zeen-22.png","contentUrl":"https:\/\/www.zeenworld.com\/sk\/wp-content\/uploads\/2020\/11\/zeen-22.png","width":630,"height":630,"caption":"ZEEN WORLD"},"image":{"@id":"https:\/\/www.zeenworld.com\/sk\/#\/schema\/logo\/image\/"}}]}},"_links":{"self":[{"href":"https:\/\/www.zeenworld.com\/sk\/wp-json\/wp\/v2\/pages\/2680"}],"collection":[{"href":"https:\/\/www.zeenworld.com\/sk\/wp-json\/wp\/v2\/pages"}],"about":[{"href":"https:\/\/www.zeenworld.com\/sk\/wp-json\/wp\/v2\/types\/page"}],"author":[{"embeddable":true,"href":"https:\/\/www.zeenworld.com\/sk\/wp-json\/wp\/v2\/users\/9"}],"replies":[{"embeddable":true,"href":"https:\/\/www.zeenworld.com\/sk\/wp-json\/wp\/v2\/comments?post=2680"}],"version-history":[{"count":0,"href":"https:\/\/www.zeenworld.com\/sk\/wp-json\/wp\/v2\/pages\/2680\/revisions"}],"wp:attachment":[{"href":"https:\/\/www.zeenworld.com\/sk\/wp-json\/wp\/v2\/media?parent=2680"}],"curies":[{"name":"wp","href":"https:\/\/api.w.org\/{rel}","templated":true}]}}