{"id":281,"date":"2019-06-24T20:16:15","date_gmt":"2019-06-24T20:16:15","guid":{"rendered":"https:\/\/www.zeenworld.com\/novy\/cart\/"},"modified":"2020-12-07T09:57:55","modified_gmt":"2020-12-07T08:57:55","slug":"kosik","status":"publish","type":"page","link":"https:\/\/www.zeenworld.com\/sk\/kosik\/","title":{"rendered":"Ko\u0161\u00edk"},"content":{"rendered":"<div class=\"woocommerce\"><div class=\"woocommerce-notices-wrapper\"><\/div><div class=\"wc-empty-cart-message\">\n\t<div class=\"cart-empty woocommerce-info\">\n\t\tV\u00e1\u0161 ko\u0161\u00edk je pr\u00e1zdny.\t<\/div>\n<\/div>\t<p class=\"return-to-shop\">\n\t\t<a class=\"button wc-backward\" href=\"https:\/\/www.zeenworld.com\/sk\/shop\/\">\n\t\t\tVr\u00e1ti\u0165 sa do obchodu\t\t<\/a>\n\t<\/p>\n<\/div>\n","protected":false},"excerpt":{"rendered":"","protected":false},"author":9,"featured_media":0,"parent":0,"menu_order":0,"comment_status":"closed","ping_status":"closed","template":"","meta":{"site-sidebar-layout":"default","site-content-layout":"","ast-site-content-layout":"","site-content-style":"default","site-sidebar-style":"default","ast-global-header-display":"","ast-banner-title-visibility":"","ast-main-header-display":"","ast-hfb-above-header-display":"","ast-hfb-below-header-display":"","ast-hfb-mobile-header-display":"","site-post-title":"","ast-breadcrumbs-content":"","ast-featured-img":"","footer-sml-layout":"","theme-transparent-header-meta":"","adv-header-id-meta":"","stick-header-meta":"","header-above-stick-meta":"","header-main-stick-meta":"","header-below-stick-meta":"","astra-migrate-meta-layouts":"default","ast-page-background-enabled":"default","ast-page-background-meta":{"desktop":{"background-color":"var(--ast-global-color-4)","background-image":"","background-repeat":"repeat","background-position":"center center","background-size":"auto","background-attachment":"scroll","background-type":"","background-media":"","overlay-type":"","overlay-color":"","overlay-opacity":"","overlay-gradient":""},"tablet":{"background-color":"","background-image":"","background-repeat":"repeat","background-position":"center center","background-size":"auto","background-attachment":"scroll","background-type":"","background-media":"","overlay-type":"","overlay-color":"","overlay-opacity":"","overlay-gradient":""},"mobile":{"background-color":"","background-image":"","background-repeat":"repeat","background-position":"center center","background-size":"auto","background-attachment":"scroll","background-type":"","background-media":"","overlay-type":"","overlay-color":"","overlay-opacity":"","overlay-gradient":""}},"ast-content-background-meta":{"desktop":{"background-color":"var(--ast-global-color-5)","background-image":"","background-repeat":"repeat","background-position":"center center","background-size":"auto","background-attachment":"scroll","background-type":"","background-media":"","overlay-type":"","overlay-color":"","overlay-opacity":"","overlay-gradient":""},"tablet":{"background-color":"var(--ast-global-color-5)","background-image":"","background-repeat":"repeat","background-position":"center center","background-size":"auto","background-attachment":"scroll","background-type":"","background-media":"","overlay-type":"","overlay-color":"","overlay-opacity":"","overlay-gradient":""},"mobile":{"background-color":"var(--ast-global-color-5)","background-image":"","background-repeat":"repeat","background-position":"center center","background-size":"auto","background-attachment":"scroll","background-type":"","background-media":"","overlay-type":"","overlay-color":"","overlay-opacity":"","overlay-gradient":""}},"footnotes":""},"yoast_head":"<!-- This site is optimized with the Yoast SEO plugin v24.2 - https:\/\/yoast.com\/wordpress\/plugins\/seo\/ -->\n<title>Ko\u0161\u00edk - ZEEN WORLD<\/title>\n<meta name=\"robots\" content=\"index, follow, max-snippet:-1, max-image-preview:large, max-video-preview:-1\" \/>\n<link rel=\"canonical\" href=\"https:\/\/www.zeenworld.com\/sk\/kosik\/\" \/>\n<meta property=\"og:locale\" content=\"sk_SK\" \/>\n<meta property=\"og:type\" content=\"article\" \/>\n<meta property=\"og:title\" content=\"Ko\u0161\u00edk - ZEEN WORLD\" \/>\n<meta property=\"og:url\" content=\"https:\/\/www.zeenworld.com\/sk\/kosik\/\" \/>\n<meta property=\"og:site_name\" content=\"ZEEN WORLD\" \/>\n<meta property=\"article:modified_time\" content=\"2020-12-07T08:57:55+00:00\" \/>\n<meta name=\"twitter:card\" content=\"summary_large_image\" \/>\n<script type=\"application\/ld+json\" class=\"yoast-schema-graph\">{\"@context\":\"https:\/\/schema.org\",\"@graph\":[{\"@type\":\"WebPage\",\"@id\":\"https:\/\/www.zeenworld.com\/sk\/kosik\/\",\"url\":\"https:\/\/www.zeenworld.com\/sk\/kosik\/\",\"name\":\"Ko\u0161\u00edk - ZEEN WORLD\",\"isPartOf\":{\"@id\":\"https:\/\/www.zeenworld.com\/sk\/#website\"},\"datePublished\":\"2019-06-24T20:16:15+00:00\",\"dateModified\":\"2020-12-07T08:57:55+00:00\",\"breadcrumb\":{\"@id\":\"https:\/\/www.zeenworld.com\/sk\/kosik\/#breadcrumb\"},\"inLanguage\":\"sk-SK\",\"potentialAction\":[{\"@type\":\"ReadAction\",\"target\":[\"https:\/\/www.zeenworld.com\/sk\/kosik\/\"]}]},{\"@type\":\"BreadcrumbList\",\"@id\":\"https:\/\/www.zeenworld.com\/sk\/kosik\/#breadcrumb\",\"itemListElement\":[{\"@type\":\"ListItem\",\"position\":1,\"name\":\"Domovsk\u00e1 str\u00e1nka\",\"item\":\"https:\/\/www.zeenworld.com\/sk\/\"},{\"@type\":\"ListItem\",\"position\":2,\"name\":\"Ko\u0161\u00edk\"}]},{\"@type\":\"WebSite\",\"@id\":\"https:\/\/www.zeenworld.com\/sk\/#website\",\"url\":\"https:\/\/www.zeenworld.com\/sk\/\",\"name\":\"ZEEN WORLD\",\"description\":\"Kr\u00e1sa a zdravie bez kompromisov\",\"publisher\":{\"@id\":\"https:\/\/www.zeenworld.com\/sk\/#organization\"},\"potentialAction\":[{\"@type\":\"SearchAction\",\"target\":{\"@type\":\"EntryPoint\",\"urlTemplate\":\"https:\/\/www.zeenworld.com\/sk\/?s={search_term_string}\"},\"query-input\":{\"@type\":\"PropertyValueSpecification\",\"valueRequired\":true,\"valueName\":\"search_term_string\"}}],\"inLanguage\":\"sk-SK\"},{\"@type\":\"Organization\",\"@id\":\"https:\/\/www.zeenworld.com\/sk\/#organization\",\"name\":\"ZEEN WORLD\",\"url\":\"https:\/\/www.zeenworld.com\/sk\/\",\"logo\":{\"@type\":\"ImageObject\",\"inLanguage\":\"sk-SK\",\"@id\":\"https:\/\/www.zeenworld.com\/sk\/#\/schema\/logo\/image\/\",\"url\":\"https:\/\/www.zeenworld.com\/sk\/wp-content\/uploads\/2020\/11\/zeen-22.png\",\"contentUrl\":\"https:\/\/www.zeenworld.com\/sk\/wp-content\/uploads\/2020\/11\/zeen-22.png\",\"width\":630,\"height\":630,\"caption\":\"ZEEN WORLD\"},\"image\":{\"@id\":\"https:\/\/www.zeenworld.com\/sk\/#\/schema\/logo\/image\/\"}}]}<\/script>\n<!-- \/ Yoast SEO plugin. -->","yoast_head_json":{"title":"Ko\u0161\u00edk - ZEEN WORLD","robots":{"index":"index","follow":"follow","max-snippet":"max-snippet:-1","max-image-preview":"max-image-preview:large","max-video-preview":"max-video-preview:-1"},"canonical":"https:\/\/www.zeenworld.com\/sk\/kosik\/","og_locale":"sk_SK","og_type":"article","og_title":"Ko\u0161\u00edk - ZEEN WORLD","og_url":"https:\/\/www.zeenworld.com\/sk\/kosik\/","og_site_name":"ZEEN WORLD","article_modified_time":"2020-12-07T08:57:55+00:00","twitter_card":"summary_large_image","schema":{"@context":"https:\/\/schema.org","@graph":[{"@type":"WebPage","@id":"https:\/\/www.zeenworld.com\/sk\/kosik\/","url":"https:\/\/www.zeenworld.com\/sk\/kosik\/","name":"Ko\u0161\u00edk - ZEEN WORLD","isPartOf":{"@id":"https:\/\/www.zeenworld.com\/sk\/#website"},"datePublished":"2019-06-24T20:16:15+00:00","dateModified":"2020-12-07T08:57:55+00:00","breadcrumb":{"@id":"https:\/\/www.zeenworld.com\/sk\/kosik\/#breadcrumb"},"inLanguage":"sk-SK","potentialAction":[{"@type":"ReadAction","target":["https:\/\/www.zeenworld.com\/sk\/kosik\/"]}]},{"@type":"BreadcrumbList","@id":"https:\/\/www.zeenworld.com\/sk\/kosik\/#breadcrumb","itemListElement":[{"@type":"ListItem","position":1,"name":"Domovsk\u00e1 str\u00e1nka","item":"https:\/\/www.zeenworld.com\/sk\/"},{"@type":"ListItem","position":2,"name":"Ko\u0161\u00edk"}]},{"@type":"WebSite","@id":"https:\/\/www.zeenworld.com\/sk\/#website","url":"https:\/\/www.zeenworld.com\/sk\/","name":"ZEEN WORLD","description":"Kr\u00e1sa a zdravie bez kompromisov","publisher":{"@id":"https:\/\/www.zeenworld.com\/sk\/#organization"},"potentialAction":[{"@type":"SearchAction","target":{"@type":"EntryPoint","urlTemplate":"https:\/\/www.zeenworld.com\/sk\/?s={search_term_string}"},"query-input":{"@type":"PropertyValueSpecification","valueRequired":true,"valueName":"search_term_string"}}],"inLanguage":"sk-SK"},{"@type":"Organization","@id":"https:\/\/www.zeenworld.com\/sk\/#organization","name":"ZEEN WORLD","url":"https:\/\/www.zeenworld.com\/sk\/","logo":{"@type":"ImageObject","inLanguage":"sk-SK","@id":"https:\/\/www.zeenworld.com\/sk\/#\/schema\/logo\/image\/","url":"https:\/\/www.zeenworld.com\/sk\/wp-content\/uploads\/2020\/11\/zeen-22.png","contentUrl":"https:\/\/www.zeenworld.com\/sk\/wp-content\/uploads\/2020\/11\/zeen-22.png","width":630,"height":630,"caption":"ZEEN WORLD"},"image":{"@id":"https:\/\/www.zeenworld.com\/sk\/#\/schema\/logo\/image\/"}}]}},"_links":{"self":[{"href":"https:\/\/www.zeenworld.com\/sk\/wp-json\/wp\/v2\/pages\/281"}],"collection":[{"href":"https:\/\/www.zeenworld.com\/sk\/wp-json\/wp\/v2\/pages"}],"about":[{"href":"https:\/\/www.zeenworld.com\/sk\/wp-json\/wp\/v2\/types\/page"}],"author":[{"embeddable":true,"href":"https:\/\/www.zeenworld.com\/sk\/wp-json\/wp\/v2\/users\/9"}],"replies":[{"embeddable":true,"href":"https:\/\/www.zeenworld.com\/sk\/wp-json\/wp\/v2\/comments?post=281"}],"version-history":[{"count":0,"href":"https:\/\/www.zeenworld.com\/sk\/wp-json\/wp\/v2\/pages\/281\/revisions"}],"wp:attachment":[{"href":"https:\/\/www.zeenworld.com\/sk\/wp-json\/wp\/v2\/media?parent=281"}],"curies":[{"name":"wp","href":"https:\/\/api.w.org\/{rel}","templated":true}]}}