{"id":3011,"date":"2020-12-09T12:10:43","date_gmt":"2020-12-09T11:10:43","guid":{"rendered":"https:\/\/www.zeenworld.com\/novy\/?page_id=3011"},"modified":"2024-08-08T13:32:15","modified_gmt":"2024-08-08T11:32:15","slug":"o-nas","status":"publish","type":"page","link":"https:\/\/www.zeenworld.com\/sk\/o-nas\/","title":{"rendered":"O n\u00e1s"},"content":{"rendered":"\n<div class=\"wrapper textcenter\">\n  <h2>\u010co je Zeen World?<\/h2>      \n<div class=\"spinny-wrapper\">\n    <h1><span class=\"spinny-words\">\n      <span>Zdravie<\/span>\n      <span>Kr\u00e1sa<\/span>\n      <span>Kvalita<\/span>\n      <span>Ple\u0165<\/span>\n      <span>K\u013aby<\/span>\n      <span>Vlasy<\/span>\n    <\/span>&nbsp;bez kompromisov.\n    <\/h1>\n  <\/div>\n <\/div>\n\n\n\n<div class=\"wp-block-cover alignfull\"><span aria-hidden=\"true\" class=\"wp-block-cover__background has-background-dim\"><\/span><img decoding=\"async\" width=\"1024\" height=\"576\" class=\"wp-block-cover__image-background wp-image-15922\" alt=\"\" src=\"https:\/\/www.zeenworld.com\/sk\/wp-content\/uploads\/2024\/08\/slzicka-1024x576.png\" data-object-fit=\"cover\" srcset=\"https:\/\/www.zeenworld.com\/sk\/wp-content\/uploads\/2024\/08\/slzicka-1024x576.png 1024w, https:\/\/www.zeenworld.com\/sk\/wp-content\/uploads\/2024\/08\/slzicka-300x169.png 300w, https:\/\/www.zeenworld.com\/sk\/wp-content\/uploads\/2024\/08\/slzicka-1536x864.png 1536w, https:\/\/www.zeenworld.com\/sk\/wp-content\/uploads\/2024\/08\/slzicka-620x349.png 620w, https:\/\/www.zeenworld.com\/sk\/wp-content\/uploads\/2024\/08\/slzicka-1170x658.png 1170w, https:\/\/www.zeenworld.com\/sk\/wp-content\/uploads\/2024\/08\/slzicka-760x428.png 760w, https:\/\/www.zeenworld.com\/sk\/wp-content\/uploads\/2024\/08\/slzicka-370x208.png 370w, https:\/\/www.zeenworld.com\/sk\/wp-content\/uploads\/2024\/08\/slzicka-270x152.png 270w, https:\/\/www.zeenworld.com\/sk\/wp-content\/uploads\/2024\/08\/slzicka.png 1920w\" sizes=\"(max-width: 1024px) 100vw, 1024px\" \/><div class=\"wp-block-cover__inner-container is-layout-flow wp-block-cover-is-layout-flow\">\n<h3 class=\"wp-block-heading has-text-align-center\">Na za\u010diatku bol SEN O PR\u00c9MIOV\u00ddCH PRODUKTOCH.<br>Zo sna sa stala REALITA V PODOBE ZNA\u010cKY ZEEN BY ROAL.<br>Svet, ktor\u00fd SP\u00c1JA PR\u00cdRODU S L\u00c1SKOU A KVALITOU.<\/h3>\n<\/div><\/div>\n\n\n\n<div class=\"wp-block-columns alignfull is-layout-flex wp-container-core-columns-is-layout-1 wp-block-columns-is-layout-flex\" style=\"padding-top:0px;padding-bottom:0px\">\n<div class=\"wp-block-column is-vertically-aligned-center is-layout-flow wp-block-column-is-layout-flow\" style=\"padding-top:0;padding-right:var(--wp--preset--spacing--50);padding-bottom:0;padding-left:var(--wp--preset--spacing--50)\">\n<h2 class=\"wp-block-heading\">N\u00e1\u0161 pr\u00edbeh<\/h2>\n\n\n\n<p>Cesta n\u00e1\u0161ho brandu <strong>za\u010dala v roku 2018<\/strong>, kedy sme do sveta vypustili prv\u00e9 v\u00fd\u017eivov\u00e9 doplnky.<\/p>\n\n\n\n<p>Po nieko\u013ek\u00fdch rokoch sk\u00fasenost\u00ed sme si v\u0161imli <strong>dopyt trhu po kolag\u00e9ne v pr\u00e1\u0161ku \u010di v\u00fd\u017eivov\u00fdch doplnkoch na zdravie a kr\u00e1su<\/strong>.<\/p>\n\n\n\n<p>Aj preto sme sa rozhodli vytvori\u0165 <strong>pr\u00e9miov\u00fa zna\u010dku ZEEN<\/strong>, ktor\u00e1 sa sp\u00e1ja s<strong> luxusom<\/strong> a <strong>pr\u00edrodn\u00fdm zlo\u017een\u00edm<\/strong> produktov tej <strong>najvy\u0161\u0161ej kvality<\/strong>.<\/p>\n\n\n\n<div class=\"wp-block-buttons is-layout-flex wp-block-buttons-is-layout-flex\">\n<div class=\"wp-block-button\"><a class=\"wp-block-button__link wp-element-button\" href=\"https:\/\/www.zeenworld.com\/sk\/shop\">ponuka produktov<\/a><\/div>\n<\/div>\n<\/div>\n\n\n\n<div class=\"wp-block-column is-layout-flow wp-block-column-is-layout-flow\">\n<figure class=\"wp-block-image size-large\"><img decoding=\"async\" width=\"1024\" height=\"683\" src=\"https:\/\/www.zeenworld.com\/sk\/wp-content\/uploads\/2024\/08\/ITF_5685-1024x683.jpg\" alt=\"Kolag\u00e9ny Zeen\" class=\"wp-image-15948\" srcset=\"https:\/\/www.zeenworld.com\/sk\/wp-content\/uploads\/2024\/08\/ITF_5685-1024x683.jpg 1024w, https:\/\/www.zeenworld.com\/sk\/wp-content\/uploads\/2024\/08\/ITF_5685-300x200.jpg 300w, https:\/\/www.zeenworld.com\/sk\/wp-content\/uploads\/2024\/08\/ITF_5685-620x413.jpg 620w, https:\/\/www.zeenworld.com\/sk\/wp-content\/uploads\/2024\/08\/ITF_5685-760x507.jpg 760w, https:\/\/www.zeenworld.com\/sk\/wp-content\/uploads\/2024\/08\/ITF_5685-370x247.jpg 370w, https:\/\/www.zeenworld.com\/sk\/wp-content\/uploads\/2024\/08\/ITF_5685.jpg 1324w\" sizes=\"(max-width: 1024px) 100vw, 1024px\" \/><\/figure>\n<\/div>\n<\/div>\n\n\n\n<div class=\"wp-block-columns alignfull is-layout-flex wp-container-core-columns-is-layout-2 wp-block-columns-is-layout-flex\" style=\"margin-top:0px;margin-bottom:0px;padding-top:0px;padding-bottom:0px\">\n<div class=\"wp-block-column has-ast-global-color-0-background-color has-background is-layout-flow wp-block-column-is-layout-flow\">\n<figure class=\"wp-block-image size-large is-resized\"><img decoding=\"async\" width=\"768\" height=\"1024\" src=\"https:\/\/www.zeenworld.com\/sk\/wp-content\/uploads\/2024\/08\/E9BC8CC1-3775-41BD-B7CF-0C8C7ACB2FFC-2-768x1024.jpeg\" alt=\"Pr\u00edrodn\u00e9 kolag\u00e9ny Zeen\" class=\"wp-image-15981\" style=\"width:492px;height:auto\" srcset=\"https:\/\/www.zeenworld.com\/sk\/wp-content\/uploads\/2024\/08\/E9BC8CC1-3775-41BD-B7CF-0C8C7ACB2FFC-2-768x1024.jpeg 768w, https:\/\/www.zeenworld.com\/sk\/wp-content\/uploads\/2024\/08\/E9BC8CC1-3775-41BD-B7CF-0C8C7ACB2FFC-2-225x300.jpeg 225w, https:\/\/www.zeenworld.com\/sk\/wp-content\/uploads\/2024\/08\/E9BC8CC1-3775-41BD-B7CF-0C8C7ACB2FFC-2-1152x1536.jpeg 1152w, https:\/\/www.zeenworld.com\/sk\/wp-content\/uploads\/2024\/08\/E9BC8CC1-3775-41BD-B7CF-0C8C7ACB2FFC-2-scaled.jpeg 1536w, https:\/\/www.zeenworld.com\/sk\/wp-content\/uploads\/2024\/08\/E9BC8CC1-3775-41BD-B7CF-0C8C7ACB2FFC-2-620x827.jpeg 620w, https:\/\/www.zeenworld.com\/sk\/wp-content\/uploads\/2024\/08\/E9BC8CC1-3775-41BD-B7CF-0C8C7ACB2FFC-2-370x493.jpeg 370w, https:\/\/www.zeenworld.com\/sk\/wp-content\/uploads\/2024\/08\/E9BC8CC1-3775-41BD-B7CF-0C8C7ACB2FFC-2-760x1013.jpeg 760w\" sizes=\"(max-width: 768px) 100vw, 768px\" \/><\/figure>\n<\/div>\n\n\n\n<div class=\"wp-block-column has-black-color has-ast-global-color-0-background-color has-text-color has-background has-link-color wp-elements-4d6457b64fe2c620a304d1b6f9b8f9b6 is-layout-constrained wp-block-column-is-layout-constrained\" style=\"padding-top:var(--wp--preset--spacing--60);padding-right:var(--wp--preset--spacing--60);padding-bottom:var(--wp--preset--spacing--60);padding-left:var(--wp--preset--spacing--60)\">\n<h2 class=\"wp-block-heading has-black-color has-text-color has-link-color wp-elements-04e93adfa5c2bb0f46681aa35c4606e9\">Kvalita je cie\u013e<\/h2>\n\n\n\n<p class=\"has-black-color has-text-color has-link-color wp-elements-490767216626ea80be17426fc72586cc\">V dne\u0161nom upon\u00e1h\u013eanom svete sa potrebujeme o na\u0161e <strong>telesn\u00e9 aj du\u0161evn\u00e9 zdravie<\/strong> stara\u0165 viac ako kedyko\u013evek predt\u00fdm.<\/p>\n\n\n\n<p class=\"has-black-color has-text-color has-link-color wp-elements-137bff38545aeb1a0ab99fe7de204504\">Preto ZEEN pon\u00faka <strong>pr\u00e9miov\u00e9 v\u00fd\u017eivov\u00e9 doplnky<\/strong>, ktor\u00e9 v\u00e1m pom\u00f4\u017eu <strong>skvalitni\u0165 sp\u00e1nok<\/strong>, <strong>imunitu<\/strong> \u010di <strong>celkov\u00fd \u017eivot<\/strong>.<\/p>\n\n\n\n<p class=\"has-black-color has-text-color has-link-color wp-elements-0bda466c0955b3de389fbc4d480177ad\"><strong>Za necel\u00fd rok<\/strong> sa na\u0161a zna\u010dka dostala na <strong>popredn\u00e9 prie\u010dky predaja<\/strong> a ka\u017ed\u00fdm rokom sa \u010falej <strong>rozrast\u00e1 o kvalitn\u00e9 produkty<\/strong>, ktor\u00e9 <strong>na trhu nemaj\u00fa obdoby<\/strong>.<\/p>\n\n\n\n<div class=\"wp-block-buttons is-layout-flex wp-block-buttons-is-layout-flex\">\n<div class=\"wp-block-button is-style-outline\" style=\"text-transform:uppercase\"><a class=\"wp-block-button__link has-black-color has-text-color has-link-color has-border-color has-black-border-color wp-element-button\" href=\"https:\/\/www.zeenworld.com\/sk\/shop\" style=\"border-width:2px\">pozrie\u0165 novinky<\/a><\/div>\n<\/div>\n<\/div>\n<\/div>\n\n\n\n<div class=\"wp-block-columns alignfull is-layout-flex wp-container-core-columns-is-layout-3 wp-block-columns-is-layout-flex\" style=\"padding-top:0px;padding-bottom:0px\">\n<div class=\"wp-block-column is-vertically-aligned-center is-layout-flow wp-block-column-is-layout-flow\" style=\"padding-top:var(--wp--preset--spacing--30);padding-right:var(--wp--preset--spacing--70);padding-bottom:var(--wp--preset--spacing--30);padding-left:var(--wp--preset--spacing--70)\">\n<h2 class=\"wp-block-heading\">V\u00edzia zna\u010dky<\/h2>\n\n\n\n<p>Chceme by\u0165 tou <strong>prvou a najlep\u0161ou vo\u013ebou<\/strong> pre z\u00e1kazn\u00edka, ktor\u00e9mu z\u00e1le\u017e\u00ed na jeho fyzickej aj psychickej pohode.<\/p>\n\n\n\n<p>Chceme na\u010falej vyr\u00e1ba\u0165 <strong>produkty s kvalitn\u00fdm zlo\u017een\u00edm<\/strong> a <strong>v s\u00falade s pr\u00edrodou<\/strong>.<\/p>\n\n\n\n<p>Chceme pom\u00e1ha\u0165 v oblasti kr\u00e1sy a zdravia \u013eu\u010fom <strong>nielen na Slovensku<\/strong>, ale po <strong>celom svete<\/strong>.<\/p>\n\n\n\n<div class=\"wp-block-buttons is-layout-flex wp-block-buttons-is-layout-flex\">\n<div class=\"wp-block-button\"><a class=\"wp-block-button__link wp-element-button\" href=\"https:\/\/www.zeenworld.com\/sk\/shop\">chcem nak\u00fapi\u0165<\/a><\/div>\n<\/div>\n<\/div>\n\n\n\n<div class=\"wp-block-column is-layout-flow wp-block-column-is-layout-flow\">\n<figure class=\"wp-block-image size-large\"><img decoding=\"async\" width=\"1024\" height=\"683\" src=\"https:\/\/www.zeenworld.com\/sk\/wp-content\/uploads\/2024\/08\/ITF_5659-1024x683.jpg\" alt=\"Pure kolag\u00e9n\" class=\"wp-image-15950\" srcset=\"https:\/\/www.zeenworld.com\/sk\/wp-content\/uploads\/2024\/08\/ITF_5659-1024x683.jpg 1024w, https:\/\/www.zeenworld.com\/sk\/wp-content\/uploads\/2024\/08\/ITF_5659-300x200.jpg 300w, https:\/\/www.zeenworld.com\/sk\/wp-content\/uploads\/2024\/08\/ITF_5659-620x413.jpg 620w, https:\/\/www.zeenworld.com\/sk\/wp-content\/uploads\/2024\/08\/ITF_5659-760x507.jpg 760w, https:\/\/www.zeenworld.com\/sk\/wp-content\/uploads\/2024\/08\/ITF_5659-370x247.jpg 370w, https:\/\/www.zeenworld.com\/sk\/wp-content\/uploads\/2024\/08\/ITF_5659.jpg 1324w\" sizes=\"(max-width: 1024px) 100vw, 1024px\" \/><\/figure>\n<\/div>\n<\/div>\n","protected":false},"excerpt":{"rendered":"<p>\u010co je Zeen World? Zdravie Kr\u00e1sa Kvalita Ple\u0165 K\u013aby Vlasy &nbsp;bez kompromisov. N\u00e1\u0161 pr\u00edbeh Cesta n\u00e1\u0161ho brandu za\u010dala v roku 2018, kedy sme do sveta vypustili prv\u00e9 v\u00fd\u017eivov\u00e9 doplnky. Po nieko\u013ek\u00fdch rokoch sk\u00fasenost\u00ed sme si v\u0161imli dopyt trhu po kolag\u00e9ne v pr\u00e1\u0161ku \u010di v\u00fd\u017eivov\u00fdch doplnkoch na zdravie a kr\u00e1su. Aj preto sme sa rozhodli vytvori\u0165 [&hellip;]<\/p>\n","protected":false},"author":9,"featured_media":0,"parent":0,"menu_order":0,"comment_status":"closed","ping_status":"closed","template":"","meta":{"site-sidebar-layout":"default","site-content-layout":"","ast-site-content-layout":"","site-content-style":"default","site-sidebar-style":"default","ast-global-header-display":"","ast-banner-title-visibility":"","ast-main-header-display":"","ast-hfb-above-header-display":"","ast-hfb-below-header-display":"","ast-hfb-mobile-header-display":"","site-post-title":"disabled","ast-breadcrumbs-content":"","ast-featured-img":"","footer-sml-layout":"","theme-transparent-header-meta":"","adv-header-id-meta":"","stick-header-meta":"","header-above-stick-meta":"","header-main-stick-meta":"","header-below-stick-meta":"","astra-migrate-meta-layouts":"default","ast-page-background-enabled":"default","ast-page-background-meta":{"desktop":{"background-color":"var(--ast-global-color-4)","background-image":"","background-repeat":"repeat","background-position":"center center","background-size":"auto","background-attachment":"scroll","background-type":"","background-media":"","overlay-type":"","overlay-color":"","overlay-opacity":"","overlay-gradient":""},"tablet":{"background-color":"","background-image":"","background-repeat":"repeat","background-position":"center center","background-size":"auto","background-attachment":"scroll","background-type":"","background-media":"","overlay-type":"","overlay-color":"","overlay-opacity":"","overlay-gradient":""},"mobile":{"background-color":"","background-image":"","background-repeat":"repeat","background-position":"center center","background-size":"auto","background-attachment":"scroll","background-type":"","background-media":"","overlay-type":"","overlay-color":"","overlay-opacity":"","overlay-gradient":""}},"ast-content-background-meta":{"desktop":{"background-color":"var(--ast-global-color-5)","background-image":"","background-repeat":"repeat","background-position":"center center","background-size":"auto","background-attachment":"scroll","background-type":"","background-media":"","overlay-type":"","overlay-color":"","overlay-opacity":"","overlay-gradient":""},"tablet":{"background-color":"var(--ast-global-color-5)","background-image":"","background-repeat":"repeat","background-position":"center center","background-size":"auto","background-attachment":"scroll","background-type":"","background-media":"","overlay-type":"","overlay-color":"","overlay-opacity":"","overlay-gradient":""},"mobile":{"background-color":"var(--ast-global-color-5)","background-image":"","background-repeat":"repeat","background-position":"center center","background-size":"auto","background-attachment":"scroll","background-type":"","background-media":"","overlay-type":"","overlay-color":"","overlay-opacity":"","overlay-gradient":""}},"footnotes":""},"yoast_head":"<!-- This site is optimized with the Yoast SEO plugin v24.2 - https:\/\/yoast.com\/wordpress\/plugins\/seo\/ -->\n<title>O n\u00e1s - ZEEN WORLD<\/title>\n<meta name=\"robots\" content=\"index, follow, max-snippet:-1, max-image-preview:large, max-video-preview:-1\" \/>\n<link rel=\"canonical\" href=\"https:\/\/www.zeenworld.com\/sk\/o-nas\/\" \/>\n<meta property=\"og:locale\" content=\"sk_SK\" \/>\n<meta property=\"og:type\" content=\"article\" \/>\n<meta property=\"og:title\" content=\"O n\u00e1s - ZEEN WORLD\" \/>\n<meta property=\"og:description\" content=\"\u010co je Zeen World? Zdravie Kr\u00e1sa Kvalita Ple\u0165 K\u013aby Vlasy &nbsp;bez kompromisov. N\u00e1\u0161 pr\u00edbeh Cesta n\u00e1\u0161ho brandu za\u010dala v roku 2018, kedy sme do sveta vypustili prv\u00e9 v\u00fd\u017eivov\u00e9 doplnky. Po nieko\u013ek\u00fdch rokoch sk\u00fasenost\u00ed sme si v\u0161imli dopyt trhu po kolag\u00e9ne v pr\u00e1\u0161ku \u010di v\u00fd\u017eivov\u00fdch doplnkoch na zdravie a kr\u00e1su. Aj preto sme sa rozhodli vytvori\u0165 [&hellip;]\" \/>\n<meta property=\"og:url\" content=\"https:\/\/www.zeenworld.com\/sk\/o-nas\/\" \/>\n<meta property=\"og:site_name\" content=\"ZEEN WORLD\" \/>\n<meta property=\"article:modified_time\" content=\"2024-08-08T11:32:15+00:00\" \/>\n<meta property=\"og:image\" content=\"https:\/\/www.zeenworld.com\/sk\/wp-content\/uploads\/2024\/08\/slzicka-1024x576.png\" \/>\n<meta name=\"twitter:card\" content=\"summary_large_image\" \/>\n<meta name=\"twitter:label1\" content=\"Predpokladan\u00fd \u010das \u010d\u00edtania\" \/>\n\t<meta name=\"twitter:data1\" content=\"2 min\u00faty\" \/>\n<script type=\"application\/ld+json\" class=\"yoast-schema-graph\">{\"@context\":\"https:\/\/schema.org\",\"@graph\":[{\"@type\":\"WebPage\",\"@id\":\"https:\/\/www.zeenworld.com\/sk\/o-nas\/\",\"url\":\"https:\/\/www.zeenworld.com\/sk\/o-nas\/\",\"name\":\"O n\u00e1s - ZEEN WORLD\",\"isPartOf\":{\"@id\":\"https:\/\/www.zeenworld.com\/sk\/#website\"},\"primaryImageOfPage\":{\"@id\":\"https:\/\/www.zeenworld.com\/sk\/o-nas\/#primaryimage\"},\"image\":{\"@id\":\"https:\/\/www.zeenworld.com\/sk\/o-nas\/#primaryimage\"},\"thumbnailUrl\":\"https:\/\/www.zeenworld.com\/sk\/wp-content\/uploads\/2024\/08\/slzicka-1024x576.png\",\"datePublished\":\"2020-12-09T11:10:43+00:00\",\"dateModified\":\"2024-08-08T11:32:15+00:00\",\"breadcrumb\":{\"@id\":\"https:\/\/www.zeenworld.com\/sk\/o-nas\/#breadcrumb\"},\"inLanguage\":\"sk-SK\",\"potentialAction\":[{\"@type\":\"ReadAction\",\"target\":[\"https:\/\/www.zeenworld.com\/sk\/o-nas\/\"]}]},{\"@type\":\"ImageObject\",\"inLanguage\":\"sk-SK\",\"@id\":\"https:\/\/www.zeenworld.com\/sk\/o-nas\/#primaryimage\",\"url\":\"https:\/\/www.zeenworld.com\/sk\/wp-content\/uploads\/2024\/08\/slzicka.png\",\"contentUrl\":\"https:\/\/www.zeenworld.com\/sk\/wp-content\/uploads\/2024\/08\/slzicka.png\",\"width\":1920,\"height\":1080},{\"@type\":\"BreadcrumbList\",\"@id\":\"https:\/\/www.zeenworld.com\/sk\/o-nas\/#breadcrumb\",\"itemListElement\":[{\"@type\":\"ListItem\",\"position\":1,\"name\":\"Domovsk\u00e1 str\u00e1nka\",\"item\":\"https:\/\/www.zeenworld.com\/sk\/\"},{\"@type\":\"ListItem\",\"position\":2,\"name\":\"O n\u00e1s\"}]},{\"@type\":\"WebSite\",\"@id\":\"https:\/\/www.zeenworld.com\/sk\/#website\",\"url\":\"https:\/\/www.zeenworld.com\/sk\/\",\"name\":\"ZEEN WORLD\",\"description\":\"Kr\u00e1sa a zdravie bez kompromisov\",\"publisher\":{\"@id\":\"https:\/\/www.zeenworld.com\/sk\/#organization\"},\"potentialAction\":[{\"@type\":\"SearchAction\",\"target\":{\"@type\":\"EntryPoint\",\"urlTemplate\":\"https:\/\/www.zeenworld.com\/sk\/?s={search_term_string}\"},\"query-input\":{\"@type\":\"PropertyValueSpecification\",\"valueRequired\":true,\"valueName\":\"search_term_string\"}}],\"inLanguage\":\"sk-SK\"},{\"@type\":\"Organization\",\"@id\":\"https:\/\/www.zeenworld.com\/sk\/#organization\",\"name\":\"ZEEN WORLD\",\"url\":\"https:\/\/www.zeenworld.com\/sk\/\",\"logo\":{\"@type\":\"ImageObject\",\"inLanguage\":\"sk-SK\",\"@id\":\"https:\/\/www.zeenworld.com\/sk\/#\/schema\/logo\/image\/\",\"url\":\"https:\/\/www.zeenworld.com\/sk\/wp-content\/uploads\/2020\/11\/zeen-22.png\",\"contentUrl\":\"https:\/\/www.zeenworld.com\/sk\/wp-content\/uploads\/2020\/11\/zeen-22.png\",\"width\":630,\"height\":630,\"caption\":\"ZEEN WORLD\"},\"image\":{\"@id\":\"https:\/\/www.zeenworld.com\/sk\/#\/schema\/logo\/image\/\"}}]}<\/script>\n<!-- \/ Yoast SEO plugin. -->","yoast_head_json":{"title":"O n\u00e1s - ZEEN WORLD","robots":{"index":"index","follow":"follow","max-snippet":"max-snippet:-1","max-image-preview":"max-image-preview:large","max-video-preview":"max-video-preview:-1"},"canonical":"https:\/\/www.zeenworld.com\/sk\/o-nas\/","og_locale":"sk_SK","og_type":"article","og_title":"O n\u00e1s - ZEEN WORLD","og_description":"\u010co je Zeen World? Zdravie Kr\u00e1sa Kvalita Ple\u0165 K\u013aby Vlasy &nbsp;bez kompromisov. N\u00e1\u0161 pr\u00edbeh Cesta n\u00e1\u0161ho brandu za\u010dala v roku 2018, kedy sme do sveta vypustili prv\u00e9 v\u00fd\u017eivov\u00e9 doplnky. Po nieko\u013ek\u00fdch rokoch sk\u00fasenost\u00ed sme si v\u0161imli dopyt trhu po kolag\u00e9ne v pr\u00e1\u0161ku \u010di v\u00fd\u017eivov\u00fdch doplnkoch na zdravie a kr\u00e1su. Aj preto sme sa rozhodli vytvori\u0165 [&hellip;]","og_url":"https:\/\/www.zeenworld.com\/sk\/o-nas\/","og_site_name":"ZEEN WORLD","article_modified_time":"2024-08-08T11:32:15+00:00","og_image":[{"url":"https:\/\/www.zeenworld.com\/sk\/wp-content\/uploads\/2024\/08\/slzicka-1024x576.png","type":"","width":"","height":""}],"twitter_card":"summary_large_image","twitter_misc":{"Predpokladan\u00fd \u010das \u010d\u00edtania":"2 min\u00faty"},"schema":{"@context":"https:\/\/schema.org","@graph":[{"@type":"WebPage","@id":"https:\/\/www.zeenworld.com\/sk\/o-nas\/","url":"https:\/\/www.zeenworld.com\/sk\/o-nas\/","name":"O n\u00e1s - ZEEN WORLD","isPartOf":{"@id":"https:\/\/www.zeenworld.com\/sk\/#website"},"primaryImageOfPage":{"@id":"https:\/\/www.zeenworld.com\/sk\/o-nas\/#primaryimage"},"image":{"@id":"https:\/\/www.zeenworld.com\/sk\/o-nas\/#primaryimage"},"thumbnailUrl":"https:\/\/www.zeenworld.com\/sk\/wp-content\/uploads\/2024\/08\/slzicka-1024x576.png","datePublished":"2020-12-09T11:10:43+00:00","dateModified":"2024-08-08T11:32:15+00:00","breadcrumb":{"@id":"https:\/\/www.zeenworld.com\/sk\/o-nas\/#breadcrumb"},"inLanguage":"sk-SK","potentialAction":[{"@type":"ReadAction","target":["https:\/\/www.zeenworld.com\/sk\/o-nas\/"]}]},{"@type":"ImageObject","inLanguage":"sk-SK","@id":"https:\/\/www.zeenworld.com\/sk\/o-nas\/#primaryimage","url":"https:\/\/www.zeenworld.com\/sk\/wp-content\/uploads\/2024\/08\/slzicka.png","contentUrl":"https:\/\/www.zeenworld.com\/sk\/wp-content\/uploads\/2024\/08\/slzicka.png","width":1920,"height":1080},{"@type":"BreadcrumbList","@id":"https:\/\/www.zeenworld.com\/sk\/o-nas\/#breadcrumb","itemListElement":[{"@type":"ListItem","position":1,"name":"Domovsk\u00e1 str\u00e1nka","item":"https:\/\/www.zeenworld.com\/sk\/"},{"@type":"ListItem","position":2,"name":"O n\u00e1s"}]},{"@type":"WebSite","@id":"https:\/\/www.zeenworld.com\/sk\/#website","url":"https:\/\/www.zeenworld.com\/sk\/","name":"ZEEN WORLD","description":"Kr\u00e1sa a zdravie bez kompromisov","publisher":{"@id":"https:\/\/www.zeenworld.com\/sk\/#organization"},"potentialAction":[{"@type":"SearchAction","target":{"@type":"EntryPoint","urlTemplate":"https:\/\/www.zeenworld.com\/sk\/?s={search_term_string}"},"query-input":{"@type":"PropertyValueSpecification","valueRequired":true,"valueName":"search_term_string"}}],"inLanguage":"sk-SK"},{"@type":"Organization","@id":"https:\/\/www.zeenworld.com\/sk\/#organization","name":"ZEEN WORLD","url":"https:\/\/www.zeenworld.com\/sk\/","logo":{"@type":"ImageObject","inLanguage":"sk-SK","@id":"https:\/\/www.zeenworld.com\/sk\/#\/schema\/logo\/image\/","url":"https:\/\/www.zeenworld.com\/sk\/wp-content\/uploads\/2020\/11\/zeen-22.png","contentUrl":"https:\/\/www.zeenworld.com\/sk\/wp-content\/uploads\/2020\/11\/zeen-22.png","width":630,"height":630,"caption":"ZEEN WORLD"},"image":{"@id":"https:\/\/www.zeenworld.com\/sk\/#\/schema\/logo\/image\/"}}]}},"_links":{"self":[{"href":"https:\/\/www.zeenworld.com\/sk\/wp-json\/wp\/v2\/pages\/3011"}],"collection":[{"href":"https:\/\/www.zeenworld.com\/sk\/wp-json\/wp\/v2\/pages"}],"about":[{"href":"https:\/\/www.zeenworld.com\/sk\/wp-json\/wp\/v2\/types\/page"}],"author":[{"embeddable":true,"href":"https:\/\/www.zeenworld.com\/sk\/wp-json\/wp\/v2\/users\/9"}],"replies":[{"embeddable":true,"href":"https:\/\/www.zeenworld.com\/sk\/wp-json\/wp\/v2\/comments?post=3011"}],"version-history":[{"count":0,"href":"https:\/\/www.zeenworld.com\/sk\/wp-json\/wp\/v2\/pages\/3011\/revisions"}],"wp:attachment":[{"href":"https:\/\/www.zeenworld.com\/sk\/wp-json\/wp\/v2\/media?parent=3011"}],"curies":[{"name":"wp","href":"https:\/\/api.w.org\/{rel}","templated":true}]}}