{"id":11248,"date":"2025-02-28T15:50:11","date_gmt":"2025-02-28T14:50:11","guid":{"rendered":"https:\/\/www.zeenworld.com\/sk\/?post_type=product&#038;p=11248"},"modified":"2026-04-21T11:48:10","modified_gmt":"2026-04-21T09:48:10","slug":"zeen-collagen-triple-gold-kolagen-balicek-plny-vitaminov","status":"publish","type":"product","link":"https:\/\/www.zeenworld.com\/sk\/produkt\/zeen-collagen-triple-gold-kolagen-balicek-plny-vitaminov\/","title":{"rendered":"TRIPLE GOLD"},"content":{"rendered":"<h3>Benefity bal\u00ed\u010dka<\/h3>\n<p>\u010ci u\u017e t\u00fa\u017eite po <strong>kr\u00e1snej pleti<\/strong> alebo celkovom <strong>zdrav\u00ed organizmu a psychiky<\/strong>, tento <strong>ZEEN by Roal<\/strong> bal\u00ed\u010dek s obsahom<strong> pr\u00e9miov\u00e9ho morsk\u00e9ho kolag\u00e9nu<\/strong>, doplnen\u00e9ho o \u010fal\u0161ie podporn\u00e9 l\u00e1tky,<strong> a vitam\u00ednu C<\/strong> v\u00e1m pom\u00f4\u017ee dosiahnu\u0165 oboje:<strong>\u00a0<\/strong><\/p>\n<p><strong>ZEEN kolag\u00e9n:<\/strong><\/p>\n<ul>\n<li><strong>pr\u00e9miov\u00fd morsk\u00fd kolag\u00e9n<\/strong> z Franc\u00fazska<\/li>\n<li>bio-akt\u00edvny pr\u00e1\u0161ok <strong>bez chemick\u00fdch pr\u00edsad<\/strong><\/li>\n<li>obsahuje <strong>3 typy hydrolyzovan\u00e9ho kolag\u00e9nu<\/strong> (I, II, III)<\/li>\n<li>obohaten\u00fd o <strong>kyselinu hyalur\u00f3nov\u00fa, vitam\u00edn C a zinok<\/strong><\/li>\n<li>denn\u00e1 d\u00e1vka 7200 mg obsahuje <strong>6000 mg kolag\u00e9nu<\/strong><\/li>\n<li>posilnen\u00edm tr\u00e1viaceho traktu <strong>podpor\u00ed obranyschopnos\u0165 organizmu<\/strong><\/li>\n<li>pom\u00e1ha <strong>zlep\u0161i\u0165 elasticitu poko\u017eky<\/strong>, <strong>vyhladi\u0165 vr\u00e1sky<\/strong> a <strong>zosvetli\u0165 pigmentov\u00e9 \u0161kvrny<\/strong><\/li>\n<li>regeneruje<strong> vlasy aj nechty<\/strong><\/li>\n<li><strong>vy\u017eivuje k\u013aby<\/strong>, zlep\u0161uje <strong>pohyblivos\u0165<\/strong> a zmier\u0148uje ich <strong>bolesti<\/strong><\/li>\n<li>predch\u00e1dza <strong>rednutiu kost\u00ed <\/strong>a <strong>strate svalovej hmoty<\/strong><\/li>\n<li>zni\u017euje riziko <strong>srdcov\u00fdch ochoren\u00ed<\/strong><strong style=\"font-size: 15px\">\u00a0<\/strong><\/li>\n<\/ul>\n<p><strong>Vitam\u00edn C:<\/strong><\/p>\n<ul>\n<li>prispieva k <strong>zn\u00ed\u017eeniu vy\u010derpania a \u00fanavy<\/strong><\/li>\n<li>pom\u00e1ha pri <strong>n\u00e1dche \u010di prechladnut\u00ed<\/strong><\/li>\n<li>zni\u017euje pravdepodobnos\u0165 <strong>srdcovo-cievnych chor\u00f4b<\/strong><\/li>\n<li>dod\u00e1va poko\u017eke <strong>pru\u017enos\u0165, pevnos\u0165 <\/strong>a star\u00e1 sa o <strong>dobr\u00fd stav zubov a \u010fasien<\/strong><\/li>\n<li>z\u00fa\u010dast\u0148uje sa na <strong>metabolizme \u017eeleza, medi, \u017el\u010dov\u00fdch kysel\u00edn, kyseliny listovej<\/strong> a niektor\u00fdch aminokysel\u00edn<\/li>\n<li>chr\u00e1ni organizmus <strong>pred \u0165a\u017ek\u00fdmi kovmi<\/strong><\/li>\n<\/ul>\n<p><img decoding=\"async\" class=\"size-trx_addons-thumb-big wp-image-15930 aligncenter\" src=\"https:\/\/www.zeenworld.com\/sk\/wp-content\/uploads\/2022\/07\/ITF_5680-760x428.jpg\" alt=\"Balenie kolag\u00e9nu Zeen\" width=\"760\" height=\"428\" srcset=\"https:\/\/www.zeenworld.com\/sk\/wp-content\/uploads\/2022\/07\/ITF_5680-760x428.jpg 760w, https:\/\/www.zeenworld.com\/sk\/wp-content\/uploads\/2022\/07\/ITF_5680-1170x658.jpg 1170w, https:\/\/www.zeenworld.com\/sk\/wp-content\/uploads\/2022\/07\/ITF_5680-370x208.jpg 370w, https:\/\/www.zeenworld.com\/sk\/wp-content\/uploads\/2022\/07\/ITF_5680-270x152.jpg 270w\" sizes=\"(max-width: 760px) 100vw, 760px\" \/><\/p>\n<h2>Benefity morsk\u00e9ho kolag\u00e9nu<\/h2>\n<p>Tento <strong>rozpustn\u00fd kolag\u00e9n v pr\u00e1\u0161ku<\/strong> zna\u010dky <strong>ZEEN by Roal<\/strong> m\u00e1 <strong>citr\u00f3nov\u00fa pr\u00edchu\u0165 <\/strong>a pom\u00f4\u017ee nielen va\u0161ej poko\u017eke z\u00edska\u0165 svoju straten\u00fa <strong>silu a pevnos\u0165:<\/strong><\/p>\n<ul>\n<li>obsahuje <strong>hydrolyzovan\u00fd kolag\u00e9n<\/strong> na pitie s pr\u00edmesou <strong>vitam\u00ednu C, kyseliny hyalur\u00f3novej a zinku<\/strong><\/li>\n<li>pom\u00e1ha <strong>zlep\u0161i\u0165 elasticitu<\/strong> poko\u017eky, <strong>vyhladi\u0165 vr\u00e1sky<\/strong> a <strong>zosvetli\u0165 pigmentov\u00e9 \u0161kvrny<\/strong><\/li>\n<li>regeneruje <strong>vlasy aj nechty<\/strong><\/li>\n<li><strong>vy\u017eivuje k\u013aby<\/strong>, <strong>zlep\u0161uje pohyblivos\u0165<\/strong> a <strong>zmier\u0148uje ich bolesti<\/strong><\/li>\n<li><strong>vitam\u00edn C <\/strong>napom\u00e1ha <strong>vstreb\u00e1vaniu kolag\u00e9nu<\/strong><\/li>\n<li><strong>kyselina hyalur\u00f3nov\u00e1 hydratuje<\/strong> poko\u017eku<\/li>\n<li><strong>zinok <\/strong>tvor\u00ed z\u00e1klad <strong>zdravej pleti, vlasov a nechtov<\/strong><\/li>\n<\/ul>\n<h4>D\u00e1vkovanie a u\u017e\u00edvanie<\/h4>\n<p>Obsah <strong>1 vrec\u00fa\u0161ka <\/strong>nasypte do<strong> such\u00e9ho poh\u00e1ra<\/strong>, pridajte cca <strong>200 ml vody<\/strong> a poriadne <strong>premie\u0161ajte<\/strong>.<\/p>\n<h4>Zlo\u017eenie<\/h4>\n<p>hydrolyzovan\u00fd ryb\u00ed kolag\u00e9n, vitam\u00edn C (kyselina L-skorbov\u00e1) 1000mg , citr\u00f3nov\u00e1 ar\u00f3ma, hyalur\u00f3nan sodn\u00fd 50 mg, sladidlo: glykozidy steviolu, farbivo: betakarot\u00e9n, gluk\u00f3nan zino\u010dnat\u00fd 15 mg<\/p>\n<h4>Upozornenie<\/h4>\n<p>Stanoven\u00e1 odpor\u00fa\u010dan\u00e1 denn\u00e1 d\u00e1vka sa nesmie presiahnu\u0165! V\u00fdrobok nie je ur\u010den\u00fd ako n\u00e1hrada rozmanitej stravy. Skladujte mimo dosahu mal\u00fdch det\u00ed. Nevhodn\u00e9 pre deti, tehotn\u00e9 a doj\u010diace \u017eeny. Skladujte pri teplote +4 a\u017e +25 \u00b0C, chr\u00e1\u0148te pred vlhkom, teplom a priamym slne\u010dn\u00fdm \u017eiaren\u00edm.<\/p>\n<div class=\"grid group\"><img decoding=\"async\" class=\"alignnone\" src=\"https:\/\/www.zeenworld.com\/sk\/wp-content\/uploads\/2020\/12\/zeen-sk-21-150x150.png\" alt=\"\" width=\"150\" height=\"150\" \/><img decoding=\"async\" class=\"alignnone\" src=\"https:\/\/www.zeenworld.com\/sk\/wp-content\/uploads\/2020\/12\/zeen-sk-20-150x150.png\" alt=\"\" width=\"150\" height=\"150\" \/><img decoding=\"async\" class=\"alignnone\" src=\"https:\/\/www.zeenworld.com\/sk\/wp-content\/uploads\/2020\/12\/zeen-sk-07-150x150.png\" alt=\"\" width=\"150\" height=\"150\" \/><img decoding=\"async\" class=\"alignnone\" src=\"https:\/\/www.zeenworld.com\/sk\/wp-content\/uploads\/2020\/12\/zeen-sk-08-150x150.png\" alt=\"\" width=\"150\" height=\"150\" \/><img decoding=\"async\" class=\"alignnone\" src=\"https:\/\/www.zeenworld.com\/sk\/wp-content\/uploads\/2020\/12\/zeen-sk-15-150x150.png\" alt=\"\" width=\"150\" height=\"150\" \/><img decoding=\"async\" class=\"alignnone\" src=\"https:\/\/www.zeenworld.com\/sk\/wp-content\/uploads\/2020\/12\/zeen-sk-14-150x150.png\" alt=\"\" width=\"150\" height=\"150\" \/><img decoding=\"async\" class=\"alignnone\" src=\"https:\/\/www.zeenworld.com\/sk\/wp-content\/uploads\/2020\/12\/zeen-sk-13-150x150.png\" alt=\"\" width=\"150\" height=\"150\" \/><\/div>\n<h2>Kolag\u00e9n PRE N\u00c1RO\u010cN\u00ddCH<\/h2>\n<p><strong>ZEEN kolag\u00e9n pre \u017eeny aj mu\u017eov<\/strong>, ktor\u00ed si potrpia na <strong>pr\u00e9miov\u00fa kvalitu<\/strong>. Obsahuje a\u017e <strong>3 typy kolag\u00e9nu<\/strong> (I, II, II) a v\u010faka <strong>biologickej dostupnosti<\/strong> a <strong>hydrolyzovanej forme <\/strong>v pr\u00e1\u0161ku sa<strong> skvele vstreb\u00e1va<\/strong> a telo ho nasmeruje tam, kde to najviac potrebuje. Navy\u0161e, m\u00e1 <strong>citr\u00f3nov\u00fa pr\u00edchu\u0165<\/strong> a obsahuje pridan\u00fd <strong>vitam\u00edn C, zinok a kyselinu hyalur\u00f3nov\u00fa<\/strong>.<\/p>\n<div class=\"grid group\">\n<div class=\"one-half\">\n<p><img decoding=\"async\" src=\"https:\/\/www.zeenworld.com\/sk\/wp-content\/uploads\/2020\/12\/ikonky-06.png\" alt=\"\" width=\"138\" height=\"187\" \/><\/p>\n<h3>Kolag\u00e9n PRE KR\u00c1SU<\/h3>\n<p>Ke\u010f\u017ee kolag\u00e9n je <strong>z\u00e1kladnou stavebnou zlo\u017ekou poko\u017eky<\/strong> a prirodzene o\u0148 vekom prich\u00e1dzame, je potrebn\u00e9 ho <strong>pravidelne dop\u013a\u0148a\u0165<\/strong>. Odmenou za to v\u00e1m bude <strong>hydratovan\u00e1, pru\u017en\u00e1 a pevn\u00e1 poko\u017eka, nechty aj vlasy<\/strong>.<\/p>\n<\/div>\n<div class=\"one-half\">\n<p><img decoding=\"async\" src=\"https:\/\/www.zeenworld.com\/sk\/wp-content\/uploads\/2020\/12\/ikonky-05.png\" alt=\"\" width=\"228\" height=\"187\" \/><\/p>\n<h3>Kolag\u00e9n PRE ZDRAVIE<\/h3>\n<p>Ak s\u00fa va\u0161e k\u013aby a chrupavky vystavovan\u00e9 pr\u00edli\u0161 ve\u013ekej n\u00e1mahe, je potrebn\u00e9 im<strong> doda\u0165 ch\u00fdbaj\u00faci kolag\u00e9n na k\u013aby<\/strong>. Ten im pom\u00f4\u017ee s <strong>lep\u0161ou hybnos\u0165ou<\/strong>,<strong> zabr\u00e1ni ich opotrebovaniu, po\u0161kodeniu \u010di bolestiam<\/strong>.<\/p>\n<\/div>\n<\/div>\n<p>&nbsp;<\/p>\n<p><img decoding=\"async\" class=\"size-trx_addons-thumb-big wp-image-15931 aligncenter\" src=\"https:\/\/www.zeenworld.com\/sk\/wp-content\/uploads\/2022\/07\/ITF_5930-760x428.jpg\" alt=\"Zeen kolag\u00e9n\" width=\"760\" height=\"428\" srcset=\"https:\/\/www.zeenworld.com\/sk\/wp-content\/uploads\/2022\/07\/ITF_5930-760x428.jpg 760w, https:\/\/www.zeenworld.com\/sk\/wp-content\/uploads\/2022\/07\/ITF_5930-1170x658.jpg 1170w, https:\/\/www.zeenworld.com\/sk\/wp-content\/uploads\/2022\/07\/ITF_5930-370x208.jpg 370w, https:\/\/www.zeenworld.com\/sk\/wp-content\/uploads\/2022\/07\/ITF_5930-270x152.jpg 270w\" sizes=\"(max-width: 760px) 100vw, 760px\" \/><\/p>\n","protected":false},"excerpt":{"rendered":"<h4>\u010cO BAL\u00cd\u010cEK OBSAHUJE:<\/h4>\n<ul>\n<li>3 balenia Zeen Collagen 7200 mg<\/li>\n<\/ul>\n<p>Efekt ZEEN Collagenu je vidite\u013en\u00fd u\u017e po <strong>mesiaci<\/strong> \u2013 zlep\u0161en\u00e1 hydrat\u00e1cia poko\u017eky, pevnej\u0161ie nechty a regenerovan\u00e9 vlasy. Pre <strong>maxim\u00e1lny \u00fa\u010dinok<\/strong>, vr\u00e1tane vyhladenia vr\u00e1sok, lep\u0161ej pohyblivosti k\u013abov a dlhodobej podpory zdravia, je v\u0161ak d\u00f4le\u017eit\u00e9 u\u017e\u00edva\u0165 ho pravidelne aspo\u0148 <strong>3 mesiace<\/strong>. Va\u0161e telo si zasl\u00fa\u017ei kompletn\u00fa premenu!<\/p>\n","protected":false},"featured_media":14925,"template":"","meta":{"site-sidebar-layout":"default","site-content-layout":"","ast-site-content-layout":"default","site-content-style":"default","site-sidebar-style":"default","ast-global-header-display":"","ast-banner-title-visibility":"","ast-main-header-display":"","ast-hfb-above-header-display":"","ast-hfb-below-header-display":"","ast-hfb-mobile-header-display":"","site-post-title":"","ast-breadcrumbs-content":"","ast-featured-img":"","footer-sml-layout":"","theme-transparent-header-meta":"default","adv-header-id-meta":"","stick-header-meta":"","header-above-stick-meta":"","header-main-stick-meta":"","header-below-stick-meta":"","astra-migrate-meta-layouts":"set","ast-page-background-enabled":"default","ast-page-background-meta":{"desktop":{"background-color":"var(--ast-global-color-4)","background-image":"","background-repeat":"repeat","background-position":"center center","background-size":"auto","background-attachment":"scroll","background-type":"","background-media":"","overlay-type":"","overlay-color":"","overlay-opacity":"","overlay-gradient":""},"tablet":{"background-color":"","background-image":"","background-repeat":"repeat","background-position":"center center","background-size":"auto","background-attachment":"scroll","background-type":"","background-media":"","overlay-type":"","overlay-color":"","overlay-opacity":"","overlay-gradient":""},"mobile":{"background-color":"","background-image":"","background-repeat":"repeat","background-position":"center center","background-size":"auto","background-attachment":"scroll","background-type":"","background-media":"","overlay-type":"","overlay-color":"","overlay-opacity":"","overlay-gradient":""}},"ast-content-background-meta":{"desktop":{"background-color":"var(--ast-global-color-5)","background-image":"","background-repeat":"repeat","background-position":"center center","background-size":"auto","background-attachment":"scroll","background-type":"","background-media":"","overlay-type":"","overlay-color":"","overlay-opacity":"","overlay-gradient":""},"tablet":{"background-color":"var(--ast-global-color-5)","background-image":"","background-repeat":"repeat","background-position":"center center","background-size":"auto","background-attachment":"scroll","background-type":"","background-media":"","overlay-type":"","overlay-color":"","overlay-opacity":"","overlay-gradient":""},"mobile":{"background-color":"var(--ast-global-color-5)","background-image":"","background-repeat":"repeat","background-position":"center center","background-size":"auto","background-attachment":"scroll","background-type":"","background-media":"","overlay-type":"","overlay-color":"","overlay-opacity":"","overlay-gradient":""}}},"product_cat":[113],"product_tag":[139,96,97,95,137],"yoast_head":"<!-- This site is optimized with the Yoast SEO plugin v24.2 - https:\/\/yoast.com\/wordpress\/plugins\/seo\/ -->\n<title>TRIPLE GOLD - ZEEN WORLD<\/title>\n<meta name=\"robots\" content=\"index, follow, max-snippet:-1, max-image-preview:large, max-video-preview:-1\" \/>\n<link rel=\"canonical\" href=\"https:\/\/www.zeenworld.com\/sk\/produkt\/zeen-collagen-triple-gold-kolagen-balicek-plny-vitaminov\/\" \/>\n<meta property=\"og:locale\" content=\"sk_SK\" \/>\n<meta property=\"og:type\" content=\"article\" \/>\n<meta property=\"og:title\" content=\"TRIPLE GOLD - ZEEN WORLD\" \/>\n<meta property=\"og:description\" content=\"\u010cO BAL\u00cd\u010cEK OBSAHUJE:   3 balenia Zeen Collagen 7200 mg  Efekt ZEEN Collagenu je vidite\u013en\u00fd u\u017e po mesiaci \u2013 zlep\u0161en\u00e1 hydrat\u00e1cia poko\u017eky, pevnej\u0161ie nechty a regenerovan\u00e9 vlasy. Pre maxim\u00e1lny \u00fa\u010dinok, vr\u00e1tane vyhladenia vr\u00e1sok, lep\u0161ej pohyblivosti k\u013abov a dlhodobej podpory zdravia, je v\u0161ak d\u00f4le\u017eit\u00e9 u\u017e\u00edva\u0165 ho pravidelne aspo\u0148 3 mesiace. Va\u0161e telo si zasl\u00fa\u017ei kompletn\u00fa premenu!\" \/>\n<meta property=\"og:url\" content=\"https:\/\/www.zeenworld.com\/sk\/produkt\/zeen-collagen-triple-gold-kolagen-balicek-plny-vitaminov\/\" \/>\n<meta property=\"og:site_name\" content=\"ZEEN WORLD\" \/>\n<meta property=\"article:modified_time\" content=\"2026-04-21T09:48:10+00:00\" \/>\n<meta property=\"og:image\" content=\"https:\/\/www.zeenworld.com\/sk\/wp-content\/uploads\/2021\/09\/TRIPLE-COLLAGEN-GOLD-bez-Cvit.png\" \/>\n\t<meta property=\"og:image:width\" content=\"1100\" \/>\n\t<meta property=\"og:image:height\" content=\"1100\" \/>\n\t<meta property=\"og:image:type\" content=\"image\/png\" \/>\n<meta name=\"twitter:card\" content=\"summary_large_image\" \/>\n<meta name=\"twitter:label1\" content=\"Predpokladan\u00fd \u010das \u010d\u00edtania\" \/>\n\t<meta name=\"twitter:data1\" content=\"5 min\u00fat\" \/>\n<script type=\"application\/ld+json\" class=\"yoast-schema-graph\">{\"@context\":\"https:\/\/schema.org\",\"@graph\":[{\"@type\":\"WebPage\",\"@id\":\"https:\/\/www.zeenworld.com\/sk\/produkt\/zeen-collagen-triple-gold-kolagen-balicek-plny-vitaminov\/\",\"url\":\"https:\/\/www.zeenworld.com\/sk\/produkt\/zeen-collagen-triple-gold-kolagen-balicek-plny-vitaminov\/\",\"name\":\"TRIPLE GOLD - ZEEN WORLD\",\"isPartOf\":{\"@id\":\"https:\/\/www.zeenworld.com\/sk\/#website\"},\"primaryImageOfPage\":{\"@id\":\"https:\/\/www.zeenworld.com\/sk\/produkt\/zeen-collagen-triple-gold-kolagen-balicek-plny-vitaminov\/#primaryimage\"},\"image\":{\"@id\":\"https:\/\/www.zeenworld.com\/sk\/produkt\/zeen-collagen-triple-gold-kolagen-balicek-plny-vitaminov\/#primaryimage\"},\"thumbnailUrl\":\"https:\/\/www.zeenworld.com\/sk\/wp-content\/uploads\/2021\/09\/TRIPLE-COLLAGEN-GOLD-bez-Cvit.png\",\"datePublished\":\"2025-02-28T14:50:11+00:00\",\"dateModified\":\"2026-04-21T09:48:10+00:00\",\"breadcrumb\":{\"@id\":\"https:\/\/www.zeenworld.com\/sk\/produkt\/zeen-collagen-triple-gold-kolagen-balicek-plny-vitaminov\/#breadcrumb\"},\"inLanguage\":\"sk-SK\",\"potentialAction\":[{\"@type\":\"ReadAction\",\"target\":[\"https:\/\/www.zeenworld.com\/sk\/produkt\/zeen-collagen-triple-gold-kolagen-balicek-plny-vitaminov\/\"]}]},{\"@type\":\"ImageObject\",\"inLanguage\":\"sk-SK\",\"@id\":\"https:\/\/www.zeenworld.com\/sk\/produkt\/zeen-collagen-triple-gold-kolagen-balicek-plny-vitaminov\/#primaryimage\",\"url\":\"https:\/\/www.zeenworld.com\/sk\/wp-content\/uploads\/2021\/09\/TRIPLE-COLLAGEN-GOLD-bez-Cvit.png\",\"contentUrl\":\"https:\/\/www.zeenworld.com\/sk\/wp-content\/uploads\/2021\/09\/TRIPLE-COLLAGEN-GOLD-bez-Cvit.png\",\"width\":1100,\"height\":1100},{\"@type\":\"BreadcrumbList\",\"@id\":\"https:\/\/www.zeenworld.com\/sk\/produkt\/zeen-collagen-triple-gold-kolagen-balicek-plny-vitaminov\/#breadcrumb\",\"itemListElement\":[{\"@type\":\"ListItem\",\"position\":1,\"name\":\"Domovsk\u00e1 str\u00e1nka\",\"item\":\"https:\/\/www.zeenworld.com\/sk\/\"},{\"@type\":\"ListItem\",\"position\":2,\"name\":\"E-shop\",\"item\":\"https:\/\/www.zeenworld.com\/sk\/shop\/\"},{\"@type\":\"ListItem\",\"position\":3,\"name\":\"TRIPLE GOLD\"}]},{\"@type\":\"WebSite\",\"@id\":\"https:\/\/www.zeenworld.com\/sk\/#website\",\"url\":\"https:\/\/www.zeenworld.com\/sk\/\",\"name\":\"ZEEN WORLD\",\"description\":\"Kr\u00e1sa a zdravie bez kompromisov\",\"publisher\":{\"@id\":\"https:\/\/www.zeenworld.com\/sk\/#organization\"},\"potentialAction\":[{\"@type\":\"SearchAction\",\"target\":{\"@type\":\"EntryPoint\",\"urlTemplate\":\"https:\/\/www.zeenworld.com\/sk\/?s={search_term_string}\"},\"query-input\":{\"@type\":\"PropertyValueSpecification\",\"valueRequired\":true,\"valueName\":\"search_term_string\"}}],\"inLanguage\":\"sk-SK\"},{\"@type\":\"Organization\",\"@id\":\"https:\/\/www.zeenworld.com\/sk\/#organization\",\"name\":\"ZEEN WORLD\",\"url\":\"https:\/\/www.zeenworld.com\/sk\/\",\"logo\":{\"@type\":\"ImageObject\",\"inLanguage\":\"sk-SK\",\"@id\":\"https:\/\/www.zeenworld.com\/sk\/#\/schema\/logo\/image\/\",\"url\":\"https:\/\/www.zeenworld.com\/sk\/wp-content\/uploads\/2020\/11\/zeen-22.png\",\"contentUrl\":\"https:\/\/www.zeenworld.com\/sk\/wp-content\/uploads\/2020\/11\/zeen-22.png\",\"width\":630,\"height\":630,\"caption\":\"ZEEN WORLD\"},\"image\":{\"@id\":\"https:\/\/www.zeenworld.com\/sk\/#\/schema\/logo\/image\/\"}}]}<\/script>\n<!-- \/ Yoast SEO plugin. -->","yoast_head_json":{"title":"TRIPLE GOLD - ZEEN WORLD","robots":{"index":"index","follow":"follow","max-snippet":"max-snippet:-1","max-image-preview":"max-image-preview:large","max-video-preview":"max-video-preview:-1"},"canonical":"https:\/\/www.zeenworld.com\/sk\/produkt\/zeen-collagen-triple-gold-kolagen-balicek-plny-vitaminov\/","og_locale":"sk_SK","og_type":"article","og_title":"TRIPLE GOLD - ZEEN WORLD","og_description":"\u010cO BAL\u00cd\u010cEK OBSAHUJE:   3 balenia Zeen Collagen 7200 mg  Efekt ZEEN Collagenu je vidite\u013en\u00fd u\u017e po mesiaci \u2013 zlep\u0161en\u00e1 hydrat\u00e1cia poko\u017eky, pevnej\u0161ie nechty a regenerovan\u00e9 vlasy. Pre maxim\u00e1lny \u00fa\u010dinok, vr\u00e1tane vyhladenia vr\u00e1sok, lep\u0161ej pohyblivosti k\u013abov a dlhodobej podpory zdravia, je v\u0161ak d\u00f4le\u017eit\u00e9 u\u017e\u00edva\u0165 ho pravidelne aspo\u0148 3 mesiace. Va\u0161e telo si zasl\u00fa\u017ei kompletn\u00fa premenu!","og_url":"https:\/\/www.zeenworld.com\/sk\/produkt\/zeen-collagen-triple-gold-kolagen-balicek-plny-vitaminov\/","og_site_name":"ZEEN WORLD","article_modified_time":"2026-04-21T09:48:10+00:00","og_image":[{"width":1100,"height":1100,"url":"https:\/\/www.zeenworld.com\/sk\/wp-content\/uploads\/2021\/09\/TRIPLE-COLLAGEN-GOLD-bez-Cvit.png","type":"image\/png"}],"twitter_card":"summary_large_image","twitter_misc":{"Predpokladan\u00fd \u010das \u010d\u00edtania":"5 min\u00fat"},"schema":{"@context":"https:\/\/schema.org","@graph":[{"@type":"WebPage","@id":"https:\/\/www.zeenworld.com\/sk\/produkt\/zeen-collagen-triple-gold-kolagen-balicek-plny-vitaminov\/","url":"https:\/\/www.zeenworld.com\/sk\/produkt\/zeen-collagen-triple-gold-kolagen-balicek-plny-vitaminov\/","name":"TRIPLE GOLD - ZEEN WORLD","isPartOf":{"@id":"https:\/\/www.zeenworld.com\/sk\/#website"},"primaryImageOfPage":{"@id":"https:\/\/www.zeenworld.com\/sk\/produkt\/zeen-collagen-triple-gold-kolagen-balicek-plny-vitaminov\/#primaryimage"},"image":{"@id":"https:\/\/www.zeenworld.com\/sk\/produkt\/zeen-collagen-triple-gold-kolagen-balicek-plny-vitaminov\/#primaryimage"},"thumbnailUrl":"https:\/\/www.zeenworld.com\/sk\/wp-content\/uploads\/2021\/09\/TRIPLE-COLLAGEN-GOLD-bez-Cvit.png","datePublished":"2025-02-28T14:50:11+00:00","dateModified":"2026-04-21T09:48:10+00:00","breadcrumb":{"@id":"https:\/\/www.zeenworld.com\/sk\/produkt\/zeen-collagen-triple-gold-kolagen-balicek-plny-vitaminov\/#breadcrumb"},"inLanguage":"sk-SK","potentialAction":[{"@type":"ReadAction","target":["https:\/\/www.zeenworld.com\/sk\/produkt\/zeen-collagen-triple-gold-kolagen-balicek-plny-vitaminov\/"]}]},{"@type":"ImageObject","inLanguage":"sk-SK","@id":"https:\/\/www.zeenworld.com\/sk\/produkt\/zeen-collagen-triple-gold-kolagen-balicek-plny-vitaminov\/#primaryimage","url":"https:\/\/www.zeenworld.com\/sk\/wp-content\/uploads\/2021\/09\/TRIPLE-COLLAGEN-GOLD-bez-Cvit.png","contentUrl":"https:\/\/www.zeenworld.com\/sk\/wp-content\/uploads\/2021\/09\/TRIPLE-COLLAGEN-GOLD-bez-Cvit.png","width":1100,"height":1100},{"@type":"BreadcrumbList","@id":"https:\/\/www.zeenworld.com\/sk\/produkt\/zeen-collagen-triple-gold-kolagen-balicek-plny-vitaminov\/#breadcrumb","itemListElement":[{"@type":"ListItem","position":1,"name":"Domovsk\u00e1 str\u00e1nka","item":"https:\/\/www.zeenworld.com\/sk\/"},{"@type":"ListItem","position":2,"name":"E-shop","item":"https:\/\/www.zeenworld.com\/sk\/shop\/"},{"@type":"ListItem","position":3,"name":"TRIPLE GOLD"}]},{"@type":"WebSite","@id":"https:\/\/www.zeenworld.com\/sk\/#website","url":"https:\/\/www.zeenworld.com\/sk\/","name":"ZEEN WORLD","description":"Kr\u00e1sa a zdravie bez kompromisov","publisher":{"@id":"https:\/\/www.zeenworld.com\/sk\/#organization"},"potentialAction":[{"@type":"SearchAction","target":{"@type":"EntryPoint","urlTemplate":"https:\/\/www.zeenworld.com\/sk\/?s={search_term_string}"},"query-input":{"@type":"PropertyValueSpecification","valueRequired":true,"valueName":"search_term_string"}}],"inLanguage":"sk-SK"},{"@type":"Organization","@id":"https:\/\/www.zeenworld.com\/sk\/#organization","name":"ZEEN WORLD","url":"https:\/\/www.zeenworld.com\/sk\/","logo":{"@type":"ImageObject","inLanguage":"sk-SK","@id":"https:\/\/www.zeenworld.com\/sk\/#\/schema\/logo\/image\/","url":"https:\/\/www.zeenworld.com\/sk\/wp-content\/uploads\/2020\/11\/zeen-22.png","contentUrl":"https:\/\/www.zeenworld.com\/sk\/wp-content\/uploads\/2020\/11\/zeen-22.png","width":630,"height":630,"caption":"ZEEN WORLD"},"image":{"@id":"https:\/\/www.zeenworld.com\/sk\/#\/schema\/logo\/image\/"}}]}},"_links":{"self":[{"href":"https:\/\/www.zeenworld.com\/sk\/wp-json\/wp\/v2\/product\/11248"}],"collection":[{"href":"https:\/\/www.zeenworld.com\/sk\/wp-json\/wp\/v2\/product"}],"about":[{"href":"https:\/\/www.zeenworld.com\/sk\/wp-json\/wp\/v2\/types\/product"}],"wp:featuredmedia":[{"embeddable":true,"href":"https:\/\/www.zeenworld.com\/sk\/wp-json\/wp\/v2\/media\/14925"}],"wp:attachment":[{"href":"https:\/\/www.zeenworld.com\/sk\/wp-json\/wp\/v2\/media?parent=11248"}],"wp:term":[{"taxonomy":"product_cat","embeddable":true,"href":"https:\/\/www.zeenworld.com\/sk\/wp-json\/wp\/v2\/product_cat?post=11248"},{"taxonomy":"product_tag","embeddable":true,"href":"https:\/\/www.zeenworld.com\/sk\/wp-json\/wp\/v2\/product_tag?post=11248"}],"curies":[{"name":"wp","href":"https:\/\/api.w.org\/{rel}","templated":true}]}}