{"id":16572,"date":"2025-03-01T15:30:59","date_gmt":"2025-03-01T14:30:59","guid":{"rendered":"https:\/\/www.zeenworld.com\/sk\/?post_type=product&#038;p=16572"},"modified":"2025-12-15T11:59:13","modified_gmt":"2025-12-15T10:59:13","slug":"balicek-klby-trojmesacna-kura","status":"publish","type":"product","link":"https:\/\/www.zeenworld.com\/sk\/produkt\/balicek-klby-trojmesacna-kura\/","title":{"rendered":"Bal\u00ed\u010dek K\u0139BY &#8211; trojmesa\u010dn\u00e1 k\u00fara"},"content":{"rendered":"<p><strong>K\u013abov\u00fd COLLAGEN Premium<\/strong> je v\u00fd\u017eivov\u00fd doplnok vo forme pr\u00e1\u0161ku na pr\u00edpravu n\u00e1poja s pr\u00edjemnou pomaran\u010dovou pr\u00edchu\u0165ou. Je \u0161peci\u00e1lne navrhnut\u00fd pre podporu zdravia k\u013abov, kost\u00ed a pohybov\u00e9ho apar\u00e1tu, s d\u00f4razom na komplexn\u00e9 regenera\u010dn\u00e9 a protiz\u00e1palov\u00e9 \u00fa\u010dinky.<\/p>\n<h3>Hlavn\u00e9 zlo\u017eky a ich benefity:<\/h3>\n<ul>\n<li><strong>Kolag\u00e9n typu I a III (4000 mg)<\/strong>: Podporuje elasticitu a pevnos\u0165 \u0161liach, v\u00e4zov, chrupaviek a svalov, \u010d\u00edm zni\u017euje riziko poranen\u00ed.<\/li>\n<li><strong>Hydrolyzovan\u00fd kolag\u00e9n typu II (50 mg)<\/strong>: Cielen\u00e1 podpora regener\u00e1cie k\u013abov\u00fdch chrupaviek, najm\u00e4 pri probl\u00e9moch s medzistavcov\u00fdmi platni\u010dkami.<\/li>\n<li><strong>Glukozam\u00edn sulf\u00e1t (1000 mg)<\/strong>: Pom\u00e1ha pri obnove chrupavky a zlep\u0161uje premazanie k\u013abov, \u010d\u00edm zmier\u0148uje bolesti spojen\u00e9 s tren\u00edm.<\/li>\n<li><strong>MSM \u2013 Metylsulfonylmet\u00e1n (900 mg)<\/strong>: Protiz\u00e1palov\u00e1 l\u00e1tka, ktor\u00e1 ur\u00fdch\u013euje regener\u00e1ciu a zmier\u0148uje opuchy a bolesti k\u013abov.<\/li>\n<li><strong>Vitam\u00edn C (500 mg)<\/strong>: K\u013e\u00fa\u010dov\u00fd pre synt\u00e9zu kolag\u00e9nu, zvy\u0161uje jeho \u00fa\u010dinnos\u0165 a podporuje regener\u00e1ciu k\u013abov.<\/li>\n<li><strong>Kurkuma (100 mg)<\/strong>: Siln\u00fd pr\u00edrodn\u00fd protiz\u00e1palov\u00fd prostriedok, ktor\u00fd zni\u017euje opuchy a zlep\u0161uje pohyblivos\u0165.<\/li>\n<li><strong>Vitam\u00edny K2 MK7 a D3<\/strong>: Spolupracuj\u00fa na podpore zdrav\u00fdch a siln\u00fdch kost\u00ed, udr\u017euj\u00fa spr\u00e1vne hladiny v\u00e1pnika v tele.<\/li>\n<li><strong>Chondroit\u00edn sulf\u00e1t (300 mg)<\/strong>: Zlep\u0161uje elasticitu chrupaviek a podporuje dlhodob\u00fa regener\u00e1ciu k\u013abov\u00fdch tkan\u00edv.<\/li>\n<\/ul>\n<h3>Hlavn\u00e9 v\u00fdhody:<\/h3>\n<ul>\n<li>Podporuje regener\u00e1ciu k\u013abov, \u0161liach, chrupaviek a kost\u00ed.<\/li>\n<li>Zmier\u0148uje bolesti a z\u00e1paly spojen\u00e9 s opotreben\u00edm k\u013abov.<\/li>\n<li>Pom\u00e1ha predch\u00e1dza\u0165 opotrebeniu k\u013abov\u00fdch \u0161trukt\u00far a podporuje ich elasticitu.<\/li>\n<li>Podporuje tvorbu kolag\u00e9nu a imunity, chr\u00e1ni bunky pred oxida\u010dn\u00fdm stresom.<\/li>\n<li>M\u00e1 \u010dist\u00e9 zlo\u017eenie bez umel\u00fdch sladidiel, obsahuje pr\u00edrodn\u00e9 farbivo (beta-karot\u00e9n) a sladidlo (steviu).<\/li>\n<\/ul>\n<h3>U\u017e\u00edvate\u013esk\u00e9 odpor\u00fa\u010dania:<\/h3>\n<p>Ka\u017edodenn\u00e9 u\u017e\u00edvanie tohto v\u00fd\u017eivov\u00e9ho doplnku napom\u00e1ha nielen k zmierneniu bolesti a opotrebovania k\u013abov, ale aj k zlep\u0161eniu celkovej pohyblivosti a kvality \u017eivota. Balenie obsahuje 230 g pr\u00e1\u0161ku, \u010do predstavuje 30 denn\u00fdch d\u00e1vok.<\/p>\n<p>Pr\u00edprava je jednoduch\u00e1 \u2013 jedna odmerka zmie\u0161an\u00e1 s vodou vytv\u00e1ra v\u00fd\u017eivn\u00fd n\u00e1poj pln\u00fd prospe\u0161n\u00fdch l\u00e1tok. <strong>K\u013abov\u00fd COLLAGEN Premium<\/strong> je ide\u00e1lnym rie\u0161en\u00edm pre akt\u00edvnych \u013eud\u00ed, \u0161portovcov i seniorov, ktor\u00ed h\u013eadaj\u00fa cielen\u00fa podporu pohybov\u00e9ho apar\u00e1tu a kost\u00ed.<\/p>\n","protected":false},"excerpt":{"rendered":"<p>Objavte rados\u0165 z pohybu s lahodnou pomaran\u010dovou pr\u00edchu\u0165ou a organick\u00fdm zlo\u017een\u00edm, ktor\u00e9 sa postar\u00e1 o va\u0161e k\u013aby, kosti a celkov\u00e9 zdravie pohybov\u00e9ho apar\u00e1tu.<\/p>\n<h3>Pre\u010do si vybra\u0165 <strong>K\u013abov\u00fd COLLAGEN Premium<\/strong>?<\/h3>\n<ul>\n<li><strong>\u00da\u013eava od bolesti a podpora regener\u00e1cie<\/strong>: U\u017e\u00edvajte si dni bez bolesti a nepr\u00edjemn\u00e9ho praskania kolien \u2013 v\u010faka \u0161pi\u010dkovej kombin\u00e1cii kolag\u00e9nu, vitam\u00ednov a miner\u00e1lov.<\/li>\n<li><strong>Komplexn\u00e1 starostlivos\u0165 o k\u013aby a kosti<\/strong>: Tento doplnok poskytuje k\u013e\u00fa\u010dov\u00e9 \u017eiviny potrebn\u00e9 pre zdrav\u00e9 k\u013aby, chrupavky a pevn\u00e9 spojivov\u00e9 tkaniv\u00e1.<\/li>\n<li><strong>Zlep\u0161enie pohyblivosti a ochrana proti opotrebeniu<\/strong>: Kolag\u00e9n, glukozam\u00edn a chondroit\u00edn spolo\u010dne podporuj\u00fa obnovu k\u013abov a chrupaviek, zlep\u0161uj\u00fa ich pru\u017enos\u0165 a br\u00e1nia starnutiu tkan\u00edv.<\/li>\n<li><strong>Podpora imunity a vitality<\/strong>: Obsah vitam\u00ednov C, D a K nielen\u017ee posiln\u00ed imunitu, ale aj pom\u00f4\u017ee udr\u017ea\u0165 spr\u00e1vnu hladinu v\u00e1pnika pre siln\u00e9 kosti.<\/li>\n<\/ul>\n<h3>V \u010dom vynik\u00e1?<\/h3>\n<ul>\n<li><strong>R\u00fdchla regener\u00e1cia k\u013abov a \u0161liach<\/strong>: Podporuje tvorbu nov\u00e9ho kolag\u00e9nu, ktor\u00fd je nevyhnutn\u00fd pre zdrav\u00e9 k\u013abov\u00e9 \u0161trukt\u00fary.<\/li>\n<li><strong>Ochrana buniek pred oxida\u010dn\u00fdm stresom<\/strong>: Vitam\u00edny a miner\u00e1ly chr\u00e1nia va\u0161e bunky pred po\u0161koden\u00edm a prispievaj\u00fa k dlhodobej pohyblivosti.<\/li>\n<li><strong>Pohodln\u00e9 u\u017e\u00edvanie<\/strong>: Balenie s obsahom 230 g vysta\u010d\u00ed na 30 chutn\u00fdch d\u00e1vok. Sta\u010d\u00ed zamie\u0161a\u0165 a vychutna\u0165 si zdravie vo forme osvie\u017euj\u00faceho n\u00e1poja.<\/li>\n<\/ul>\n<h3>Pre koho je ur\u010den\u00fd?<\/h3>\n<p>Pre ka\u017ed\u00e9ho, kto chce podpori\u0165 zdravie svojich k\u013abov \u2013 od \u0161portovcov, cez fyzicky akt\u00edvnych \u013eud\u00ed, a\u017e po seniorov h\u013eadaj\u00facich \u00fa\u010dinn\u00e9 rie\u0161enie proti bolesti \u010di artr\u00f3ze.<\/p>\n<p><strong>K\u013abov\u00fd COLLAGEN Premium<\/strong> \u2013 v\u00e1\u0161 k\u013e\u00fa\u010d k pohybu bez obmedzen\u00ed! \ud83c\udf1f<\/p>\n","protected":false},"featured_media":16582,"template":"","meta":{"site-sidebar-layout":"default","site-content-layout":"","ast-site-content-layout":"default","site-content-style":"default","site-sidebar-style":"default","ast-global-header-display":"","ast-banner-title-visibility":"","ast-main-header-display":"","ast-hfb-above-header-display":"","ast-hfb-below-header-display":"","ast-hfb-mobile-header-display":"","site-post-title":"","ast-breadcrumbs-content":"","ast-featured-img":"","footer-sml-layout":"","theme-transparent-header-meta":"default","adv-header-id-meta":"","stick-header-meta":"","header-above-stick-meta":"","header-main-stick-meta":"","header-below-stick-meta":"","astra-migrate-meta-layouts":"set","ast-page-background-enabled":"default","ast-page-background-meta":{"desktop":{"background-color":"var(--ast-global-color-4)","background-image":"","background-repeat":"repeat","background-position":"center center","background-size":"auto","background-attachment":"scroll","background-type":"","background-media":"","overlay-type":"","overlay-color":"","overlay-opacity":"","overlay-gradient":""},"tablet":{"background-color":"","background-image":"","background-repeat":"repeat","background-position":"center center","background-size":"auto","background-attachment":"scroll","background-type":"","background-media":"","overlay-type":"","overlay-color":"","overlay-opacity":"","overlay-gradient":""},"mobile":{"background-color":"","background-image":"","background-repeat":"repeat","background-position":"center center","background-size":"auto","background-attachment":"scroll","background-type":"","background-media":"","overlay-type":"","overlay-color":"","overlay-opacity":"","overlay-gradient":""}},"ast-content-background-meta":{"desktop":{"background-color":"var(--ast-global-color-5)","background-image":"","background-repeat":"repeat","background-position":"center center","background-size":"auto","background-attachment":"scroll","background-type":"","background-media":"","overlay-type":"","overlay-color":"","overlay-opacity":"","overlay-gradient":""},"tablet":{"background-color":"var(--ast-global-color-5)","background-image":"","background-repeat":"repeat","background-position":"center center","background-size":"auto","background-attachment":"scroll","background-type":"","background-media":"","overlay-type":"","overlay-color":"","overlay-opacity":"","overlay-gradient":""},"mobile":{"background-color":"var(--ast-global-color-5)","background-image":"","background-repeat":"repeat","background-position":"center center","background-size":"auto","background-attachment":"scroll","background-type":"","background-media":"","overlay-type":"","overlay-color":"","overlay-opacity":"","overlay-gradient":""}}},"product_cat":[113],"product_tag":[139,135],"yoast_head":"<!-- This site is optimized with the Yoast SEO plugin v24.2 - https:\/\/yoast.com\/wordpress\/plugins\/seo\/ -->\n<title>Bal\u00ed\u010dek K\u0139BY - trojmesa\u010dn\u00e1 k\u00fara - ZEEN WORLD<\/title>\n<meta name=\"robots\" content=\"index, follow, max-snippet:-1, max-image-preview:large, max-video-preview:-1\" \/>\n<link rel=\"canonical\" href=\"https:\/\/www.zeenworld.com\/sk\/produkt\/balicek-klby-trojmesacna-kura\/\" \/>\n<meta property=\"og:locale\" content=\"sk_SK\" \/>\n<meta property=\"og:type\" content=\"article\" \/>\n<meta property=\"og:title\" content=\"Bal\u00ed\u010dek K\u0139BY - trojmesa\u010dn\u00e1 k\u00fara - ZEEN WORLD\" \/>\n<meta property=\"og:description\" content=\"Objavte rados\u0165 z pohybu s lahodnou pomaran\u010dovou pr\u00edchu\u0165ou a organick\u00fdm zlo\u017een\u00edm, ktor\u00e9 sa postar\u00e1 o va\u0161e k\u013aby, kosti a celkov\u00e9 zdravie pohybov\u00e9ho apar\u00e1tu. Pre\u010do si vybra\u0165 K\u013abov\u00fd COLLAGEN Premium?   \u00da\u013eava od bolesti a podpora regener\u00e1cie: U\u017e\u00edvajte si dni bez bolesti a nepr\u00edjemn\u00e9ho praskania kolien \u2013 v\u010faka \u0161pi\u010dkovej kombin\u00e1cii kolag\u00e9nu, vitam\u00ednov a miner\u00e1lov.  Komplexn\u00e1 starostlivos\u0165 o k\u013aby a kosti: Tento doplnok poskytuje k\u013e\u00fa\u010dov\u00e9 \u017eiviny potrebn\u00e9 pre zdrav\u00e9 k\u013aby, chrupavky a pevn\u00e9 spojivov\u00e9 tkaniv\u00e1.  Zlep\u0161enie pohyblivosti a ochrana proti opotrebeniu: Kolag\u00e9n, glukozam\u00edn a chondroit\u00edn spolo\u010dne podporuj\u00fa obnovu k\u013abov a chrupaviek, zlep\u0161uj\u00fa ich pru\u017enos\u0165 a br\u00e1nia starnutiu tkan\u00edv.  Podpora imunity a vitality: Obsah vitam\u00ednov C, D a K nielen\u017ee posiln\u00ed imunitu, ale aj pom\u00f4\u017ee udr\u017ea\u0165 spr\u00e1vnu hladinu v\u00e1pnika pre siln\u00e9 kosti.  V \u010dom vynik\u00e1?   R\u00fdchla regener\u00e1cia k\u013abov a \u0161liach: Podporuje tvorbu nov\u00e9ho kolag\u00e9nu, ktor\u00fd je nevyhnutn\u00fd pre zdrav\u00e9 k\u013abov\u00e9 \u0161trukt\u00fary.  Ochrana buniek pred oxida\u010dn\u00fdm stresom: Vitam\u00edny a miner\u00e1ly chr\u00e1nia va\u0161e bunky pred po\u0161koden\u00edm a prispievaj\u00fa k dlhodobej pohyblivosti.  Pohodln\u00e9 u\u017e\u00edvanie: Balenie s obsahom 230 g vysta\u010d\u00ed na 30 chutn\u00fdch d\u00e1vok. Sta\u010d\u00ed zamie\u0161a\u0165 a vychutna\u0165 si zdravie vo forme osvie\u017euj\u00faceho n\u00e1poja.  Pre koho je ur\u010den\u00fd? Pre ka\u017ed\u00e9ho, kto chce podpori\u0165 zdravie svojich k\u013abov \u2013 od \u0161portovcov, cez fyzicky akt\u00edvnych \u013eud\u00ed, a\u017e po seniorov h\u013eadaj\u00facich \u00fa\u010dinn\u00e9 rie\u0161enie proti bolesti \u010di artr\u00f3ze.  K\u013abov\u00fd COLLAGEN Premium \u2013 v\u00e1\u0161 k\u013e\u00fa\u010d k pohybu bez obmedzen\u00ed! \ud83c\udf1f\" \/>\n<meta property=\"og:url\" content=\"https:\/\/www.zeenworld.com\/sk\/produkt\/balicek-klby-trojmesacna-kura\/\" \/>\n<meta property=\"og:site_name\" content=\"ZEEN WORLD\" \/>\n<meta property=\"article:modified_time\" content=\"2025-12-15T10:59:13+00:00\" \/>\n<meta property=\"og:image\" content=\"https:\/\/www.zeenworld.com\/sk\/wp-content\/uploads\/2025\/02\/klbovy-kolagen-balicek-3ks-1024x1024.png\" \/>\n\t<meta property=\"og:image:width\" content=\"1024\" \/>\n\t<meta property=\"og:image:height\" content=\"1024\" \/>\n\t<meta property=\"og:image:type\" content=\"image\/png\" \/>\n<meta name=\"twitter:card\" content=\"summary_large_image\" \/>\n<meta name=\"twitter:label1\" content=\"Predpokladan\u00fd \u010das \u010d\u00edtania\" \/>\n\t<meta name=\"twitter:data1\" content=\"2 min\u00faty\" \/>\n<script type=\"application\/ld+json\" class=\"yoast-schema-graph\">{\"@context\":\"https:\/\/schema.org\",\"@graph\":[{\"@type\":\"WebPage\",\"@id\":\"https:\/\/www.zeenworld.com\/sk\/produkt\/balicek-klby-trojmesacna-kura\/\",\"url\":\"https:\/\/www.zeenworld.com\/sk\/produkt\/balicek-klby-trojmesacna-kura\/\",\"name\":\"Bal\u00ed\u010dek K\u0139BY - trojmesa\u010dn\u00e1 k\u00fara - ZEEN WORLD\",\"isPartOf\":{\"@id\":\"https:\/\/www.zeenworld.com\/sk\/#website\"},\"primaryImageOfPage\":{\"@id\":\"https:\/\/www.zeenworld.com\/sk\/produkt\/balicek-klby-trojmesacna-kura\/#primaryimage\"},\"image\":{\"@id\":\"https:\/\/www.zeenworld.com\/sk\/produkt\/balicek-klby-trojmesacna-kura\/#primaryimage\"},\"thumbnailUrl\":\"https:\/\/www.zeenworld.com\/sk\/wp-content\/uploads\/2025\/02\/klbovy-kolagen-balicek-3ks.png\",\"datePublished\":\"2025-03-01T14:30:59+00:00\",\"dateModified\":\"2025-12-15T10:59:13+00:00\",\"breadcrumb\":{\"@id\":\"https:\/\/www.zeenworld.com\/sk\/produkt\/balicek-klby-trojmesacna-kura\/#breadcrumb\"},\"inLanguage\":\"sk-SK\",\"potentialAction\":[{\"@type\":\"ReadAction\",\"target\":[\"https:\/\/www.zeenworld.com\/sk\/produkt\/balicek-klby-trojmesacna-kura\/\"]}]},{\"@type\":\"ImageObject\",\"inLanguage\":\"sk-SK\",\"@id\":\"https:\/\/www.zeenworld.com\/sk\/produkt\/balicek-klby-trojmesacna-kura\/#primaryimage\",\"url\":\"https:\/\/www.zeenworld.com\/sk\/wp-content\/uploads\/2025\/02\/klbovy-kolagen-balicek-3ks.png\",\"contentUrl\":\"https:\/\/www.zeenworld.com\/sk\/wp-content\/uploads\/2025\/02\/klbovy-kolagen-balicek-3ks.png\",\"width\":1500,\"height\":1500,\"caption\":\"Bal\u00ed\u010dek k\u013aby\"},{\"@type\":\"BreadcrumbList\",\"@id\":\"https:\/\/www.zeenworld.com\/sk\/produkt\/balicek-klby-trojmesacna-kura\/#breadcrumb\",\"itemListElement\":[{\"@type\":\"ListItem\",\"position\":1,\"name\":\"Domovsk\u00e1 str\u00e1nka\",\"item\":\"https:\/\/www.zeenworld.com\/sk\/\"},{\"@type\":\"ListItem\",\"position\":2,\"name\":\"E-shop\",\"item\":\"https:\/\/www.zeenworld.com\/sk\/shop\/\"},{\"@type\":\"ListItem\",\"position\":3,\"name\":\"Bal\u00ed\u010dek K\u0139BY &#8211; trojmesa\u010dn\u00e1 k\u00fara\"}]},{\"@type\":\"WebSite\",\"@id\":\"https:\/\/www.zeenworld.com\/sk\/#website\",\"url\":\"https:\/\/www.zeenworld.com\/sk\/\",\"name\":\"ZEEN WORLD\",\"description\":\"Kr\u00e1sa a zdravie bez kompromisov\",\"publisher\":{\"@id\":\"https:\/\/www.zeenworld.com\/sk\/#organization\"},\"potentialAction\":[{\"@type\":\"SearchAction\",\"target\":{\"@type\":\"EntryPoint\",\"urlTemplate\":\"https:\/\/www.zeenworld.com\/sk\/?s={search_term_string}\"},\"query-input\":{\"@type\":\"PropertyValueSpecification\",\"valueRequired\":true,\"valueName\":\"search_term_string\"}}],\"inLanguage\":\"sk-SK\"},{\"@type\":\"Organization\",\"@id\":\"https:\/\/www.zeenworld.com\/sk\/#organization\",\"name\":\"ZEEN WORLD\",\"url\":\"https:\/\/www.zeenworld.com\/sk\/\",\"logo\":{\"@type\":\"ImageObject\",\"inLanguage\":\"sk-SK\",\"@id\":\"https:\/\/www.zeenworld.com\/sk\/#\/schema\/logo\/image\/\",\"url\":\"https:\/\/www.zeenworld.com\/sk\/wp-content\/uploads\/2020\/11\/zeen-22.png\",\"contentUrl\":\"https:\/\/www.zeenworld.com\/sk\/wp-content\/uploads\/2020\/11\/zeen-22.png\",\"width\":630,\"height\":630,\"caption\":\"ZEEN WORLD\"},\"image\":{\"@id\":\"https:\/\/www.zeenworld.com\/sk\/#\/schema\/logo\/image\/\"}}]}<\/script>\n<!-- \/ Yoast SEO plugin. -->","yoast_head_json":{"title":"Bal\u00ed\u010dek K\u0139BY - trojmesa\u010dn\u00e1 k\u00fara - ZEEN WORLD","robots":{"index":"index","follow":"follow","max-snippet":"max-snippet:-1","max-image-preview":"max-image-preview:large","max-video-preview":"max-video-preview:-1"},"canonical":"https:\/\/www.zeenworld.com\/sk\/produkt\/balicek-klby-trojmesacna-kura\/","og_locale":"sk_SK","og_type":"article","og_title":"Bal\u00ed\u010dek K\u0139BY - trojmesa\u010dn\u00e1 k\u00fara - ZEEN WORLD","og_description":"Objavte rados\u0165 z pohybu s lahodnou pomaran\u010dovou pr\u00edchu\u0165ou a organick\u00fdm zlo\u017een\u00edm, ktor\u00e9 sa postar\u00e1 o va\u0161e k\u013aby, kosti a celkov\u00e9 zdravie pohybov\u00e9ho apar\u00e1tu. Pre\u010do si vybra\u0165 K\u013abov\u00fd COLLAGEN Premium?   \u00da\u013eava od bolesti a podpora regener\u00e1cie: U\u017e\u00edvajte si dni bez bolesti a nepr\u00edjemn\u00e9ho praskania kolien \u2013 v\u010faka \u0161pi\u010dkovej kombin\u00e1cii kolag\u00e9nu, vitam\u00ednov a miner\u00e1lov.  Komplexn\u00e1 starostlivos\u0165 o k\u013aby a kosti: Tento doplnok poskytuje k\u013e\u00fa\u010dov\u00e9 \u017eiviny potrebn\u00e9 pre zdrav\u00e9 k\u013aby, chrupavky a pevn\u00e9 spojivov\u00e9 tkaniv\u00e1.  Zlep\u0161enie pohyblivosti a ochrana proti opotrebeniu: Kolag\u00e9n, glukozam\u00edn a chondroit\u00edn spolo\u010dne podporuj\u00fa obnovu k\u013abov a chrupaviek, zlep\u0161uj\u00fa ich pru\u017enos\u0165 a br\u00e1nia starnutiu tkan\u00edv.  Podpora imunity a vitality: Obsah vitam\u00ednov C, D a K nielen\u017ee posiln\u00ed imunitu, ale aj pom\u00f4\u017ee udr\u017ea\u0165 spr\u00e1vnu hladinu v\u00e1pnika pre siln\u00e9 kosti.  V \u010dom vynik\u00e1?   R\u00fdchla regener\u00e1cia k\u013abov a \u0161liach: Podporuje tvorbu nov\u00e9ho kolag\u00e9nu, ktor\u00fd je nevyhnutn\u00fd pre zdrav\u00e9 k\u013abov\u00e9 \u0161trukt\u00fary.  Ochrana buniek pred oxida\u010dn\u00fdm stresom: Vitam\u00edny a miner\u00e1ly chr\u00e1nia va\u0161e bunky pred po\u0161koden\u00edm a prispievaj\u00fa k dlhodobej pohyblivosti.  Pohodln\u00e9 u\u017e\u00edvanie: Balenie s obsahom 230 g vysta\u010d\u00ed na 30 chutn\u00fdch d\u00e1vok. Sta\u010d\u00ed zamie\u0161a\u0165 a vychutna\u0165 si zdravie vo forme osvie\u017euj\u00faceho n\u00e1poja.  Pre koho je ur\u010den\u00fd? Pre ka\u017ed\u00e9ho, kto chce podpori\u0165 zdravie svojich k\u013abov \u2013 od \u0161portovcov, cez fyzicky akt\u00edvnych \u013eud\u00ed, a\u017e po seniorov h\u013eadaj\u00facich \u00fa\u010dinn\u00e9 rie\u0161enie proti bolesti \u010di artr\u00f3ze.  K\u013abov\u00fd COLLAGEN Premium \u2013 v\u00e1\u0161 k\u013e\u00fa\u010d k pohybu bez obmedzen\u00ed! \ud83c\udf1f","og_url":"https:\/\/www.zeenworld.com\/sk\/produkt\/balicek-klby-trojmesacna-kura\/","og_site_name":"ZEEN WORLD","article_modified_time":"2025-12-15T10:59:13+00:00","og_image":[{"width":1024,"height":1024,"url":"https:\/\/www.zeenworld.com\/sk\/wp-content\/uploads\/2025\/02\/klbovy-kolagen-balicek-3ks-1024x1024.png","type":"image\/png"}],"twitter_card":"summary_large_image","twitter_misc":{"Predpokladan\u00fd \u010das \u010d\u00edtania":"2 min\u00faty"},"schema":{"@context":"https:\/\/schema.org","@graph":[{"@type":"WebPage","@id":"https:\/\/www.zeenworld.com\/sk\/produkt\/balicek-klby-trojmesacna-kura\/","url":"https:\/\/www.zeenworld.com\/sk\/produkt\/balicek-klby-trojmesacna-kura\/","name":"Bal\u00ed\u010dek K\u0139BY - trojmesa\u010dn\u00e1 k\u00fara - ZEEN WORLD","isPartOf":{"@id":"https:\/\/www.zeenworld.com\/sk\/#website"},"primaryImageOfPage":{"@id":"https:\/\/www.zeenworld.com\/sk\/produkt\/balicek-klby-trojmesacna-kura\/#primaryimage"},"image":{"@id":"https:\/\/www.zeenworld.com\/sk\/produkt\/balicek-klby-trojmesacna-kura\/#primaryimage"},"thumbnailUrl":"https:\/\/www.zeenworld.com\/sk\/wp-content\/uploads\/2025\/02\/klbovy-kolagen-balicek-3ks.png","datePublished":"2025-03-01T14:30:59+00:00","dateModified":"2025-12-15T10:59:13+00:00","breadcrumb":{"@id":"https:\/\/www.zeenworld.com\/sk\/produkt\/balicek-klby-trojmesacna-kura\/#breadcrumb"},"inLanguage":"sk-SK","potentialAction":[{"@type":"ReadAction","target":["https:\/\/www.zeenworld.com\/sk\/produkt\/balicek-klby-trojmesacna-kura\/"]}]},{"@type":"ImageObject","inLanguage":"sk-SK","@id":"https:\/\/www.zeenworld.com\/sk\/produkt\/balicek-klby-trojmesacna-kura\/#primaryimage","url":"https:\/\/www.zeenworld.com\/sk\/wp-content\/uploads\/2025\/02\/klbovy-kolagen-balicek-3ks.png","contentUrl":"https:\/\/www.zeenworld.com\/sk\/wp-content\/uploads\/2025\/02\/klbovy-kolagen-balicek-3ks.png","width":1500,"height":1500,"caption":"Bal\u00ed\u010dek k\u013aby"},{"@type":"BreadcrumbList","@id":"https:\/\/www.zeenworld.com\/sk\/produkt\/balicek-klby-trojmesacna-kura\/#breadcrumb","itemListElement":[{"@type":"ListItem","position":1,"name":"Domovsk\u00e1 str\u00e1nka","item":"https:\/\/www.zeenworld.com\/sk\/"},{"@type":"ListItem","position":2,"name":"E-shop","item":"https:\/\/www.zeenworld.com\/sk\/shop\/"},{"@type":"ListItem","position":3,"name":"Bal\u00ed\u010dek K\u0139BY &#8211; trojmesa\u010dn\u00e1 k\u00fara"}]},{"@type":"WebSite","@id":"https:\/\/www.zeenworld.com\/sk\/#website","url":"https:\/\/www.zeenworld.com\/sk\/","name":"ZEEN WORLD","description":"Kr\u00e1sa a zdravie bez kompromisov","publisher":{"@id":"https:\/\/www.zeenworld.com\/sk\/#organization"},"potentialAction":[{"@type":"SearchAction","target":{"@type":"EntryPoint","urlTemplate":"https:\/\/www.zeenworld.com\/sk\/?s={search_term_string}"},"query-input":{"@type":"PropertyValueSpecification","valueRequired":true,"valueName":"search_term_string"}}],"inLanguage":"sk-SK"},{"@type":"Organization","@id":"https:\/\/www.zeenworld.com\/sk\/#organization","name":"ZEEN WORLD","url":"https:\/\/www.zeenworld.com\/sk\/","logo":{"@type":"ImageObject","inLanguage":"sk-SK","@id":"https:\/\/www.zeenworld.com\/sk\/#\/schema\/logo\/image\/","url":"https:\/\/www.zeenworld.com\/sk\/wp-content\/uploads\/2020\/11\/zeen-22.png","contentUrl":"https:\/\/www.zeenworld.com\/sk\/wp-content\/uploads\/2020\/11\/zeen-22.png","width":630,"height":630,"caption":"ZEEN WORLD"},"image":{"@id":"https:\/\/www.zeenworld.com\/sk\/#\/schema\/logo\/image\/"}}]}},"_links":{"self":[{"href":"https:\/\/www.zeenworld.com\/sk\/wp-json\/wp\/v2\/product\/16572"}],"collection":[{"href":"https:\/\/www.zeenworld.com\/sk\/wp-json\/wp\/v2\/product"}],"about":[{"href":"https:\/\/www.zeenworld.com\/sk\/wp-json\/wp\/v2\/types\/product"}],"wp:featuredmedia":[{"embeddable":true,"href":"https:\/\/www.zeenworld.com\/sk\/wp-json\/wp\/v2\/media\/16582"}],"wp:attachment":[{"href":"https:\/\/www.zeenworld.com\/sk\/wp-json\/wp\/v2\/media?parent=16572"}],"wp:term":[{"taxonomy":"product_cat","embeddable":true,"href":"https:\/\/www.zeenworld.com\/sk\/wp-json\/wp\/v2\/product_cat?post=16572"},{"taxonomy":"product_tag","embeddable":true,"href":"https:\/\/www.zeenworld.com\/sk\/wp-json\/wp\/v2\/product_tag?post=16572"}],"curies":[{"name":"wp","href":"https:\/\/api.w.org\/{rel}","templated":true}]}}