{"id":16574,"date":"2025-03-01T15:30:36","date_gmt":"2025-03-01T14:30:36","guid":{"rendered":"https:\/\/www.zeenworld.com\/sk\/?post_type=product&#038;p=16574"},"modified":"2025-12-15T11:59:27","modified_gmt":"2025-12-15T10:59:27","slug":"balicek-krasa-trojmesacna-kura","status":"publish","type":"product","link":"https:\/\/www.zeenworld.com\/sk\/produkt\/balicek-krasa-trojmesacna-kura\/","title":{"rendered":"Bal\u00ed\u010dek KR\u00c1SA &#8211; trojmesa\u010dn\u00e1 k\u00fara"},"content":{"rendered":"<p><strong>Hydrolyzovan\u00fd typ I, III s malinovou pr\u00edchu\u0165ou so zlo\u017een\u00edm obohaten\u00fdm o vl\u00e1kninu z kore\u0148a \u010dakanky, extraktu z moru\u0161e bielej, vitam\u00edn C, Sel\u00e9n, Zinok, kyselinu Hyalur\u00f3nov\u00fa a Biot\u00edn &#8211; z<\/strong><strong>lo\u017eenie pre dokonal\u00fa starostlivos\u0165 o poko\u017eku, vlasy a nechty<\/strong><\/p>\n<p>Beauty COLLAGEN premium je v\u00fd\u017eivov\u00fd doplnok navrhnut\u00fd tak, aby komplexne podporoval zdravie a kr\u00e1su poko\u017eky, vlasov a nechtov. Obsahuje unik\u00e1tne zlo\u017eenie zalo\u017een\u00e9 na vysok\u00fdch d\u00e1vkach akt\u00edvnych l\u00e1tok, pr\u00edrodn\u00fdch ingredienci\u00e1ch a synergickom p\u00f4soben\u00ed jednotliv\u00fdch zlo\u017eiek.<\/p>\n<h3><strong>Hlavn\u00e9 zlo\u017eky a ich benefity:<\/strong><\/h3>\n<ol>\n<li><strong>Kolag\u00e9n typu I a III (4000 mg na d\u00e1vku):<\/strong>\n<ul>\n<li><strong>Typ I:<\/strong> K\u013e\u00fa\u010dov\u00fd pre elasticitu poko\u017eky, redukciu vr\u00e1sok, rast vlasov a nechtov.<\/li>\n<li><strong>Typ III:<\/strong> Podporuje pevnos\u0165 a regener\u00e1ciu poko\u017eky, zlep\u0161uje pru\u017enos\u0165 krvn\u00fdch ciev.<\/li>\n<\/ul>\n<\/li>\n<li><strong>Vl\u00e1knina z kore\u0148a \u010dakanky (3000 mg):<\/strong>\n<ul>\n<li>Obsahuje inul\u00edn, ktor\u00fd zlep\u0161uje hydrat\u00e1ciu poko\u017eky, regeneruje vlasy a podporuje zdrav\u00fa mikrofl\u00f3ru poko\u017eky.<\/li>\n<\/ul>\n<\/li>\n<li><strong>Vitam\u00edn C (500 mg):<\/strong>\n<ul>\n<li>Nevyhnutn\u00fd pre tvorbu kolag\u00e9nu, m\u00e1 siln\u00e9 antioxida\u010dn\u00e9 vlastnosti a podporuje regener\u00e1ciu buniek.<\/li>\n<\/ul>\n<\/li>\n<li><strong>Hyaluron\u00e1t sodn\u00fd (50 mg):<\/strong>\n<ul>\n<li>Udr\u017euje hydrat\u00e1ciu poko\u017eky, prispieva k jej hladkosti a plnosti.<\/li>\n<\/ul>\n<\/li>\n<li><strong>Miner\u00e1ly \u2013 Zinok (10 mg) a Sel\u00e9n (50 \u00b5g):<\/strong>\n<ul>\n<li>Podporuj\u00fa zdravie vlasov, nechtov a poko\u017eky, chr\u00e1nia bunky pred oxida\u010dn\u00fdm stresom.<\/li>\n<\/ul>\n<\/li>\n<li><strong>Biot\u00edn (80 \u00b5g):<\/strong>\n<ul>\n<li>Prispieva k pevnosti nechtov, rastu vlasov a zlep\u0161eniu vzh\u013eadu poko\u017eky.<\/li>\n<\/ul>\n<\/li>\n<li><strong>Extrakt z moru\u0161e bielej (100 mg):<\/strong>\n<ul>\n<li>Obsahuje antioxidanty a protiz\u00e1palov\u00e9 l\u00e1tky, ktor\u00e9 zlep\u0161uj\u00fa zdravie poko\u017eky a chr\u00e1nia bunky pred vo\u013en\u00fdmi radik\u00e1lmi.<\/li>\n<\/ul>\n<\/li>\n<li><strong>Pr\u00edrodn\u00e9 pr\u00edchute a sladidl\u00e1:<\/strong>\n<ul>\n<li>Pr\u00edchu\u0165 maliny a farbivo zo \u0161\u0165avy \u010dervenej repy prin\u00e1\u0161aj\u00fa pr\u00edjemn\u00fa chu\u0165 bez umel\u00fdch pr\u00edsad. Sladidlo zo st\u00e9vie zabezpe\u010duje n\u00edzky glykemick\u00fd index.<\/li>\n<\/ul>\n<\/li>\n<\/ol>\n<h3><strong>V\u00fdhody pou\u017e\u00edvania Beauty COLLAGEN premium:<\/strong><\/h3>\n<ul>\n<li><strong>Vysok\u00e1 koncentr\u00e1cia \u00fa\u010dinn\u00fdch l\u00e1tok:<\/strong> Jedna d\u00e1vka obsahuje optim\u00e1lne mno\u017estvo kolag\u00e9nu, vl\u00e1kniny a vitam\u00ednu C.<\/li>\n<li><strong>Komplexn\u00e9 zlo\u017eenie:<\/strong> Kombin\u00e1cia kolag\u00e9nu, kyseliny hyalur\u00f3novej, biot\u00ednu a miner\u00e1lov vytv\u00e1ra synergick\u00fd efekt.<\/li>\n<li><strong>Pr\u00edrodn\u00e9 ingrediencie:<\/strong> Neobsahuje umel\u00e9 farbiv\u00e1, pr\u00edchute ani pridan\u00fd cukor, \u010do zabezpe\u010duje jeho \u0161etrnos\u0165 a vhodnos\u0165 pre \u0161ir\u0161ie spektrum u\u017e\u00edvate\u013eov.<\/li>\n<\/ul>\n<p>Tento doplnok je ide\u00e1lnym rie\u0161en\u00edm pre t\u00fdch, ktor\u00ed chc\u00fa podpori\u0165 kr\u00e1su a zdravie poko\u017eky, vlasov a nechtov prirodzenou cestou.<\/p>\n<p><strong>Pou\u017eitie:<\/strong><br \/>\nRozmie\u0161ajte 1 odmerku (8,3 g) v poh\u00e1ri vody (200 ml), premie\u0161ajte a vypite. Balenie obsahuje 30 denn\u00fdch d\u00e1vok.<\/p>\n<p class=\"v1MsoNormal\"><b>Upozornenie:<\/b>\u00a0Balenie uchov\u00e1vajte uzatvoren\u00e9 mimo dosahu mal\u00fdch det\u00ed. V\u00fd\u017eivov\u00fd doplnok nie je vhodn\u00fd pre deti, tehotn\u00e9 a\u00a0doj\u010diace \u017eeny. \u00a0V\u00fd\u017eivov\u00fd doplnok sa nesmie pou\u017e\u00edva\u0165 ako n\u00e1hrada rozmanitej stravy. Neprekra\u010dujte odpor\u00fa\u010dan\u00fa denn\u00fa d\u00e1vku.<\/p>\n<p class=\"v1MsoNormal\">Skladujte v\u00a0uzatvorenom balen\u00ed, v\u00a0suchu, \u00a0pri teplote do 25\u00a0\u2103, chr\u00e1\u0148te pred priamym slne\u010dn\u00fdm \u017eiaren\u00edm.<\/p>\n","protected":false},"excerpt":{"rendered":"<div class=\"flex-shrink-0 flex flex-col relative items-end\">\n<div>\n<div class=\"pt-0\">\n<div class=\"gizmo-bot-avatar flex h-8 w-8 items-center justify-center overflow-hidden rounded-full\">\n<div class=\"relative p-1 rounded-sm flex items-center justify-center bg-token-main-surface-primary text-token-text-primary h-8 w-8\"><strong style=\"font-size: 16px\">Pr\u00edrodn\u00e1 sila pre kr\u00e1su a zdravie<\/strong><\/div>\n<\/div>\n<\/div>\n<\/div>\n<\/div>\n<div class=\"group\/conversation-turn relative flex w-full min-w-0 flex-col agent-turn\">\n<div class=\"flex-col gap-1 md:gap-3\">\n<div class=\"flex max-w-full flex-col flex-grow\">\n<div class=\"min-h-8 text-message flex w-full flex-col items-end gap-2 whitespace-normal break-words [.text-message+&amp;]:mt-5\" dir=\"auto\" data-message-author-role=\"assistant\" data-message-id=\"a4731e92-8a2c-4013-bd24-1c255ca5a177\" data-message-model-slug=\"gpt-4o\">\n<div class=\"flex w-full flex-col gap-1 empty:hidden first:pt-[3px]\">\n<div class=\"markdown prose w-full break-words dark:prose-invert light\">\n<p>Vychutnajte si unik\u00e1tne zlo\u017eenie s jemnou malinovou pr\u00edchu\u0165ou, navrhnut\u00e9 na boj proti vypad\u00e1vaniu vlasov, l\u00e1mav\u00fdm nechtom, problematickej pleti a oslabenej imunite. Tento v\u00fd\u017eivov\u00fd doplnok je obohaten\u00fd o pr\u00e9miov\u00e9 zlo\u017eky, ktor\u00e9 podporuj\u00fa kr\u00e1su, pru\u017enos\u0165 a vypnutie poko\u017eky.<\/p>\n<h3><strong>Pre\u010do si ho zamilujete?<\/strong><\/h3>\n<ul>\n<li><strong>Kr\u00e1sa od korienkov po kon\u010deky:<\/strong> Zlep\u0161uje kvalitu vlasov, posil\u0148uje nechty a dod\u00e1va pleti zdrav\u00fd vzh\u013ead.<\/li>\n<li><strong>Protiz\u00e1palov\u00e9 \u00fa\u010dinky:<\/strong> Podporuje svie\u017eos\u0165 poko\u017eky a optimalizuje bunkov\u00fd cyklus.<\/li>\n<li><strong>Regener\u00e1cia zvn\u00fatra:<\/strong> Pravideln\u00fd pr\u00edjem kolag\u00e9nu zvy\u0161uje elasticitu poko\u017eky, obnovuje a regeneruje ko\u017en\u00e9 bunky.<\/li>\n<li><strong>Odborn\u00edk na probl\u00e9mov\u00e9 oblasti:<\/strong> Hydratuje, zjem\u0148uje a pom\u00e1ha pri rie\u0161en\u00ed celulit\u00eddy, stri\u00ed \u010di akn\u00e9.<\/li>\n<\/ul>\n<p>Sta\u0148te sa s\u00fa\u010das\u0165ou kozmetickej revol\u00facie! Tento produkt patr\u00ed medzi najvyh\u013ead\u00e1vanej\u0161ie vo svojom odvetv\u00ed v\u010faka vidite\u013en\u00fdm v\u00fdsledkom, ktor\u00e9 c\u00edti\u0165 aj vidie\u0165.<\/p>\n<p><strong>Obsah balenia:<\/strong> 249 g (30 d\u00e1vok) \u2013 kr\u00e1sa na ka\u017ed\u00fd de\u0148!<\/p>\n<\/div>\n<\/div>\n<\/div>\n<\/div>\n<\/div>\n<\/div>\n","protected":false},"featured_media":16583,"template":"","meta":{"site-sidebar-layout":"default","site-content-layout":"","ast-site-content-layout":"default","site-content-style":"default","site-sidebar-style":"default","ast-global-header-display":"","ast-banner-title-visibility":"","ast-main-header-display":"","ast-hfb-above-header-display":"","ast-hfb-below-header-display":"","ast-hfb-mobile-header-display":"","site-post-title":"","ast-breadcrumbs-content":"","ast-featured-img":"","footer-sml-layout":"","theme-transparent-header-meta":"default","adv-header-id-meta":"","stick-header-meta":"","header-above-stick-meta":"","header-main-stick-meta":"","header-below-stick-meta":"","astra-migrate-meta-layouts":"set","ast-page-background-enabled":"default","ast-page-background-meta":{"desktop":{"background-color":"var(--ast-global-color-4)","background-image":"","background-repeat":"repeat","background-position":"center center","background-size":"auto","background-attachment":"scroll","background-type":"","background-media":"","overlay-type":"","overlay-color":"","overlay-opacity":"","overlay-gradient":""},"tablet":{"background-color":"","background-image":"","background-repeat":"repeat","background-position":"center center","background-size":"auto","background-attachment":"scroll","background-type":"","background-media":"","overlay-type":"","overlay-color":"","overlay-opacity":"","overlay-gradient":""},"mobile":{"background-color":"","background-image":"","background-repeat":"repeat","background-position":"center center","background-size":"auto","background-attachment":"scroll","background-type":"","background-media":"","overlay-type":"","overlay-color":"","overlay-opacity":"","overlay-gradient":""}},"ast-content-background-meta":{"desktop":{"background-color":"var(--ast-global-color-5)","background-image":"","background-repeat":"repeat","background-position":"center center","background-size":"auto","background-attachment":"scroll","background-type":"","background-media":"","overlay-type":"","overlay-color":"","overlay-opacity":"","overlay-gradient":""},"tablet":{"background-color":"var(--ast-global-color-5)","background-image":"","background-repeat":"repeat","background-position":"center center","background-size":"auto","background-attachment":"scroll","background-type":"","background-media":"","overlay-type":"","overlay-color":"","overlay-opacity":"","overlay-gradient":""},"mobile":{"background-color":"var(--ast-global-color-5)","background-image":"","background-repeat":"repeat","background-position":"center center","background-size":"auto","background-attachment":"scroll","background-type":"","background-media":"","overlay-type":"","overlay-color":"","overlay-opacity":"","overlay-gradient":""}}},"product_cat":[113],"product_tag":[139,135],"yoast_head":"<!-- This site is optimized with the Yoast SEO plugin v24.2 - https:\/\/yoast.com\/wordpress\/plugins\/seo\/ -->\n<title>Bal\u00ed\u010dek KR\u00c1SA - trojmesa\u010dn\u00e1 k\u00fara - ZEEN WORLD<\/title>\n<meta name=\"robots\" content=\"index, follow, max-snippet:-1, max-image-preview:large, max-video-preview:-1\" \/>\n<link rel=\"canonical\" href=\"https:\/\/www.zeenworld.com\/sk\/produkt\/balicek-krasa-trojmesacna-kura\/\" \/>\n<meta property=\"og:locale\" content=\"sk_SK\" \/>\n<meta property=\"og:type\" content=\"article\" \/>\n<meta property=\"og:title\" content=\"Bal\u00ed\u010dek KR\u00c1SA - trojmesa\u010dn\u00e1 k\u00fara - ZEEN WORLD\" \/>\n<meta property=\"og:description\" content=\"Pr\u00edrodn\u00e1 sila pre kr\u00e1su a zdravie            Vychutnajte si unik\u00e1tne zlo\u017eenie s jemnou malinovou pr\u00edchu\u0165ou, navrhnut\u00e9 na boj proti vypad\u00e1vaniu vlasov, l\u00e1mav\u00fdm nechtom, problematickej pleti a oslabenej imunite. Tento v\u00fd\u017eivov\u00fd doplnok je obohaten\u00fd o pr\u00e9miov\u00e9 zlo\u017eky, ktor\u00e9 podporuj\u00fa kr\u00e1su, pru\u017enos\u0165 a vypnutie poko\u017eky. Pre\u010do si ho zamilujete?   Kr\u00e1sa od korienkov po kon\u010deky: Zlep\u0161uje kvalitu vlasov, posil\u0148uje nechty a dod\u00e1va pleti zdrav\u00fd vzh\u013ead.  Protiz\u00e1palov\u00e9 \u00fa\u010dinky: Podporuje svie\u017eos\u0165 poko\u017eky a optimalizuje bunkov\u00fd cyklus.  Regener\u00e1cia zvn\u00fatra: Pravideln\u00fd pr\u00edjem kolag\u00e9nu zvy\u0161uje elasticitu poko\u017eky, obnovuje a regeneruje ko\u017en\u00e9 bunky.  Odborn\u00edk na probl\u00e9mov\u00e9 oblasti: Hydratuje, zjem\u0148uje a pom\u00e1ha pri rie\u0161en\u00ed celulit\u00eddy, stri\u00ed \u010di akn\u00e9.  Sta\u0148te sa s\u00fa\u010das\u0165ou kozmetickej revol\u00facie! Tento produkt patr\u00ed medzi najvyh\u013ead\u00e1vanej\u0161ie vo svojom odvetv\u00ed v\u010faka vidite\u013en\u00fdm v\u00fdsledkom, ktor\u00e9 c\u00edti\u0165 aj vidie\u0165.  Obsah balenia: 249 g (30 d\u00e1vok) \u2013 kr\u00e1sa na ka\u017ed\u00fd de\u0148!\" \/>\n<meta property=\"og:url\" content=\"https:\/\/www.zeenworld.com\/sk\/produkt\/balicek-krasa-trojmesacna-kura\/\" \/>\n<meta property=\"og:site_name\" content=\"ZEEN WORLD\" \/>\n<meta property=\"article:modified_time\" content=\"2025-12-15T10:59:27+00:00\" \/>\n<meta property=\"og:image\" content=\"https:\/\/www.zeenworld.com\/sk\/wp-content\/uploads\/2025\/02\/beauty-kolagen-balicek-3ks-1-1024x1024.png\" \/>\n\t<meta property=\"og:image:width\" content=\"1024\" \/>\n\t<meta property=\"og:image:height\" content=\"1024\" \/>\n\t<meta property=\"og:image:type\" content=\"image\/png\" \/>\n<meta name=\"twitter:card\" content=\"summary_large_image\" \/>\n<meta name=\"twitter:label1\" content=\"Predpokladan\u00fd \u010das \u010d\u00edtania\" \/>\n\t<meta name=\"twitter:data1\" content=\"3 min\u00faty\" \/>\n<script type=\"application\/ld+json\" class=\"yoast-schema-graph\">{\"@context\":\"https:\/\/schema.org\",\"@graph\":[{\"@type\":\"WebPage\",\"@id\":\"https:\/\/www.zeenworld.com\/sk\/produkt\/balicek-krasa-trojmesacna-kura\/\",\"url\":\"https:\/\/www.zeenworld.com\/sk\/produkt\/balicek-krasa-trojmesacna-kura\/\",\"name\":\"Bal\u00ed\u010dek KR\u00c1SA - trojmesa\u010dn\u00e1 k\u00fara - ZEEN WORLD\",\"isPartOf\":{\"@id\":\"https:\/\/www.zeenworld.com\/sk\/#website\"},\"primaryImageOfPage\":{\"@id\":\"https:\/\/www.zeenworld.com\/sk\/produkt\/balicek-krasa-trojmesacna-kura\/#primaryimage\"},\"image\":{\"@id\":\"https:\/\/www.zeenworld.com\/sk\/produkt\/balicek-krasa-trojmesacna-kura\/#primaryimage\"},\"thumbnailUrl\":\"https:\/\/www.zeenworld.com\/sk\/wp-content\/uploads\/2025\/02\/beauty-kolagen-balicek-3ks-1.png\",\"datePublished\":\"2025-03-01T14:30:36+00:00\",\"dateModified\":\"2025-12-15T10:59:27+00:00\",\"breadcrumb\":{\"@id\":\"https:\/\/www.zeenworld.com\/sk\/produkt\/balicek-krasa-trojmesacna-kura\/#breadcrumb\"},\"inLanguage\":\"sk-SK\",\"potentialAction\":[{\"@type\":\"ReadAction\",\"target\":[\"https:\/\/www.zeenworld.com\/sk\/produkt\/balicek-krasa-trojmesacna-kura\/\"]}]},{\"@type\":\"ImageObject\",\"inLanguage\":\"sk-SK\",\"@id\":\"https:\/\/www.zeenworld.com\/sk\/produkt\/balicek-krasa-trojmesacna-kura\/#primaryimage\",\"url\":\"https:\/\/www.zeenworld.com\/sk\/wp-content\/uploads\/2025\/02\/beauty-kolagen-balicek-3ks-1.png\",\"contentUrl\":\"https:\/\/www.zeenworld.com\/sk\/wp-content\/uploads\/2025\/02\/beauty-kolagen-balicek-3ks-1.png\",\"width\":1500,\"height\":1500,\"caption\":\"Bal\u00ed\u010dek Beauty\"},{\"@type\":\"BreadcrumbList\",\"@id\":\"https:\/\/www.zeenworld.com\/sk\/produkt\/balicek-krasa-trojmesacna-kura\/#breadcrumb\",\"itemListElement\":[{\"@type\":\"ListItem\",\"position\":1,\"name\":\"Domovsk\u00e1 str\u00e1nka\",\"item\":\"https:\/\/www.zeenworld.com\/sk\/\"},{\"@type\":\"ListItem\",\"position\":2,\"name\":\"E-shop\",\"item\":\"https:\/\/www.zeenworld.com\/sk\/shop\/\"},{\"@type\":\"ListItem\",\"position\":3,\"name\":\"Bal\u00ed\u010dek KR\u00c1SA &#8211; trojmesa\u010dn\u00e1 k\u00fara\"}]},{\"@type\":\"WebSite\",\"@id\":\"https:\/\/www.zeenworld.com\/sk\/#website\",\"url\":\"https:\/\/www.zeenworld.com\/sk\/\",\"name\":\"ZEEN WORLD\",\"description\":\"Kr\u00e1sa a zdravie bez kompromisov\",\"publisher\":{\"@id\":\"https:\/\/www.zeenworld.com\/sk\/#organization\"},\"potentialAction\":[{\"@type\":\"SearchAction\",\"target\":{\"@type\":\"EntryPoint\",\"urlTemplate\":\"https:\/\/www.zeenworld.com\/sk\/?s={search_term_string}\"},\"query-input\":{\"@type\":\"PropertyValueSpecification\",\"valueRequired\":true,\"valueName\":\"search_term_string\"}}],\"inLanguage\":\"sk-SK\"},{\"@type\":\"Organization\",\"@id\":\"https:\/\/www.zeenworld.com\/sk\/#organization\",\"name\":\"ZEEN WORLD\",\"url\":\"https:\/\/www.zeenworld.com\/sk\/\",\"logo\":{\"@type\":\"ImageObject\",\"inLanguage\":\"sk-SK\",\"@id\":\"https:\/\/www.zeenworld.com\/sk\/#\/schema\/logo\/image\/\",\"url\":\"https:\/\/www.zeenworld.com\/sk\/wp-content\/uploads\/2020\/11\/zeen-22.png\",\"contentUrl\":\"https:\/\/www.zeenworld.com\/sk\/wp-content\/uploads\/2020\/11\/zeen-22.png\",\"width\":630,\"height\":630,\"caption\":\"ZEEN WORLD\"},\"image\":{\"@id\":\"https:\/\/www.zeenworld.com\/sk\/#\/schema\/logo\/image\/\"}}]}<\/script>\n<!-- \/ Yoast SEO plugin. -->","yoast_head_json":{"title":"Bal\u00ed\u010dek KR\u00c1SA - trojmesa\u010dn\u00e1 k\u00fara - ZEEN WORLD","robots":{"index":"index","follow":"follow","max-snippet":"max-snippet:-1","max-image-preview":"max-image-preview:large","max-video-preview":"max-video-preview:-1"},"canonical":"https:\/\/www.zeenworld.com\/sk\/produkt\/balicek-krasa-trojmesacna-kura\/","og_locale":"sk_SK","og_type":"article","og_title":"Bal\u00ed\u010dek KR\u00c1SA - trojmesa\u010dn\u00e1 k\u00fara - ZEEN WORLD","og_description":"Pr\u00edrodn\u00e1 sila pre kr\u00e1su a zdravie            Vychutnajte si unik\u00e1tne zlo\u017eenie s jemnou malinovou pr\u00edchu\u0165ou, navrhnut\u00e9 na boj proti vypad\u00e1vaniu vlasov, l\u00e1mav\u00fdm nechtom, problematickej pleti a oslabenej imunite. Tento v\u00fd\u017eivov\u00fd doplnok je obohaten\u00fd o pr\u00e9miov\u00e9 zlo\u017eky, ktor\u00e9 podporuj\u00fa kr\u00e1su, pru\u017enos\u0165 a vypnutie poko\u017eky. Pre\u010do si ho zamilujete?   Kr\u00e1sa od korienkov po kon\u010deky: Zlep\u0161uje kvalitu vlasov, posil\u0148uje nechty a dod\u00e1va pleti zdrav\u00fd vzh\u013ead.  Protiz\u00e1palov\u00e9 \u00fa\u010dinky: Podporuje svie\u017eos\u0165 poko\u017eky a optimalizuje bunkov\u00fd cyklus.  Regener\u00e1cia zvn\u00fatra: Pravideln\u00fd pr\u00edjem kolag\u00e9nu zvy\u0161uje elasticitu poko\u017eky, obnovuje a regeneruje ko\u017en\u00e9 bunky.  Odborn\u00edk na probl\u00e9mov\u00e9 oblasti: Hydratuje, zjem\u0148uje a pom\u00e1ha pri rie\u0161en\u00ed celulit\u00eddy, stri\u00ed \u010di akn\u00e9.  Sta\u0148te sa s\u00fa\u010das\u0165ou kozmetickej revol\u00facie! Tento produkt patr\u00ed medzi najvyh\u013ead\u00e1vanej\u0161ie vo svojom odvetv\u00ed v\u010faka vidite\u013en\u00fdm v\u00fdsledkom, ktor\u00e9 c\u00edti\u0165 aj vidie\u0165.  Obsah balenia: 249 g (30 d\u00e1vok) \u2013 kr\u00e1sa na ka\u017ed\u00fd de\u0148!","og_url":"https:\/\/www.zeenworld.com\/sk\/produkt\/balicek-krasa-trojmesacna-kura\/","og_site_name":"ZEEN WORLD","article_modified_time":"2025-12-15T10:59:27+00:00","og_image":[{"width":1024,"height":1024,"url":"https:\/\/www.zeenworld.com\/sk\/wp-content\/uploads\/2025\/02\/beauty-kolagen-balicek-3ks-1-1024x1024.png","type":"image\/png"}],"twitter_card":"summary_large_image","twitter_misc":{"Predpokladan\u00fd \u010das \u010d\u00edtania":"3 min\u00faty"},"schema":{"@context":"https:\/\/schema.org","@graph":[{"@type":"WebPage","@id":"https:\/\/www.zeenworld.com\/sk\/produkt\/balicek-krasa-trojmesacna-kura\/","url":"https:\/\/www.zeenworld.com\/sk\/produkt\/balicek-krasa-trojmesacna-kura\/","name":"Bal\u00ed\u010dek KR\u00c1SA - trojmesa\u010dn\u00e1 k\u00fara - ZEEN WORLD","isPartOf":{"@id":"https:\/\/www.zeenworld.com\/sk\/#website"},"primaryImageOfPage":{"@id":"https:\/\/www.zeenworld.com\/sk\/produkt\/balicek-krasa-trojmesacna-kura\/#primaryimage"},"image":{"@id":"https:\/\/www.zeenworld.com\/sk\/produkt\/balicek-krasa-trojmesacna-kura\/#primaryimage"},"thumbnailUrl":"https:\/\/www.zeenworld.com\/sk\/wp-content\/uploads\/2025\/02\/beauty-kolagen-balicek-3ks-1.png","datePublished":"2025-03-01T14:30:36+00:00","dateModified":"2025-12-15T10:59:27+00:00","breadcrumb":{"@id":"https:\/\/www.zeenworld.com\/sk\/produkt\/balicek-krasa-trojmesacna-kura\/#breadcrumb"},"inLanguage":"sk-SK","potentialAction":[{"@type":"ReadAction","target":["https:\/\/www.zeenworld.com\/sk\/produkt\/balicek-krasa-trojmesacna-kura\/"]}]},{"@type":"ImageObject","inLanguage":"sk-SK","@id":"https:\/\/www.zeenworld.com\/sk\/produkt\/balicek-krasa-trojmesacna-kura\/#primaryimage","url":"https:\/\/www.zeenworld.com\/sk\/wp-content\/uploads\/2025\/02\/beauty-kolagen-balicek-3ks-1.png","contentUrl":"https:\/\/www.zeenworld.com\/sk\/wp-content\/uploads\/2025\/02\/beauty-kolagen-balicek-3ks-1.png","width":1500,"height":1500,"caption":"Bal\u00ed\u010dek Beauty"},{"@type":"BreadcrumbList","@id":"https:\/\/www.zeenworld.com\/sk\/produkt\/balicek-krasa-trojmesacna-kura\/#breadcrumb","itemListElement":[{"@type":"ListItem","position":1,"name":"Domovsk\u00e1 str\u00e1nka","item":"https:\/\/www.zeenworld.com\/sk\/"},{"@type":"ListItem","position":2,"name":"E-shop","item":"https:\/\/www.zeenworld.com\/sk\/shop\/"},{"@type":"ListItem","position":3,"name":"Bal\u00ed\u010dek KR\u00c1SA &#8211; trojmesa\u010dn\u00e1 k\u00fara"}]},{"@type":"WebSite","@id":"https:\/\/www.zeenworld.com\/sk\/#website","url":"https:\/\/www.zeenworld.com\/sk\/","name":"ZEEN WORLD","description":"Kr\u00e1sa a zdravie bez kompromisov","publisher":{"@id":"https:\/\/www.zeenworld.com\/sk\/#organization"},"potentialAction":[{"@type":"SearchAction","target":{"@type":"EntryPoint","urlTemplate":"https:\/\/www.zeenworld.com\/sk\/?s={search_term_string}"},"query-input":{"@type":"PropertyValueSpecification","valueRequired":true,"valueName":"search_term_string"}}],"inLanguage":"sk-SK"},{"@type":"Organization","@id":"https:\/\/www.zeenworld.com\/sk\/#organization","name":"ZEEN WORLD","url":"https:\/\/www.zeenworld.com\/sk\/","logo":{"@type":"ImageObject","inLanguage":"sk-SK","@id":"https:\/\/www.zeenworld.com\/sk\/#\/schema\/logo\/image\/","url":"https:\/\/www.zeenworld.com\/sk\/wp-content\/uploads\/2020\/11\/zeen-22.png","contentUrl":"https:\/\/www.zeenworld.com\/sk\/wp-content\/uploads\/2020\/11\/zeen-22.png","width":630,"height":630,"caption":"ZEEN WORLD"},"image":{"@id":"https:\/\/www.zeenworld.com\/sk\/#\/schema\/logo\/image\/"}}]}},"_links":{"self":[{"href":"https:\/\/www.zeenworld.com\/sk\/wp-json\/wp\/v2\/product\/16574"}],"collection":[{"href":"https:\/\/www.zeenworld.com\/sk\/wp-json\/wp\/v2\/product"}],"about":[{"href":"https:\/\/www.zeenworld.com\/sk\/wp-json\/wp\/v2\/types\/product"}],"wp:featuredmedia":[{"embeddable":true,"href":"https:\/\/www.zeenworld.com\/sk\/wp-json\/wp\/v2\/media\/16583"}],"wp:attachment":[{"href":"https:\/\/www.zeenworld.com\/sk\/wp-json\/wp\/v2\/media?parent=16574"}],"wp:term":[{"taxonomy":"product_cat","embeddable":true,"href":"https:\/\/www.zeenworld.com\/sk\/wp-json\/wp\/v2\/product_cat?post=16574"},{"taxonomy":"product_tag","embeddable":true,"href":"https:\/\/www.zeenworld.com\/sk\/wp-json\/wp\/v2\/product_tag?post=16574"}],"curies":[{"name":"wp","href":"https:\/\/api.w.org\/{rel}","templated":true}]}}