{"id":16624,"date":"2025-03-14T12:20:08","date_gmt":"2025-03-14T11:20:08","guid":{"rendered":"https:\/\/www.zeenworld.com\/sk\/?post_type=product&#038;p=16624"},"modified":"2025-11-25T10:24:50","modified_gmt":"2025-11-25T09:24:50","slug":"balicek-regeneracia-pocas-spanku","status":"publish","type":"product","link":"https:\/\/www.zeenworld.com\/sk\/produkt\/balicek-regeneracia-pocas-spanku\/","title":{"rendered":"Bal\u00ed\u010dek REGENER\u00c1CIA PO\u010cAS SP\u00c1NKU"},"content":{"rendered":"<h3>Benefity produktov<\/h3>\n<p>&nbsp;<\/p>\n<p><strong>ZEEN kolag\u00e9n:<\/strong><\/p>\n<ul>\n<li><strong>pr\u00e9miov\u00fd morsk\u00fd kolag\u00e9n<\/strong> z Franc\u00fazska<\/li>\n<li>bio-akt\u00edvny pr\u00e1\u0161ok <strong>bez chemick\u00fdch pr\u00edsad<\/strong><\/li>\n<li>obsahuje <strong>3 typy hydrolyzovan\u00e9ho kolag\u00e9nu<\/strong> (I, II, III)<\/li>\n<li>obohaten\u00fd o <strong>kyselinu hyalur\u00f3nov\u00fa, vitam\u00edn C a\u017e 1000 mg a zinok<\/strong><\/li>\n<li>denn\u00e1 d\u00e1vka 7200 mg obsahuje <strong>6000 mg kolag\u00e9nu<\/strong><\/li>\n<li>posilnen\u00edm tr\u00e1viaceho traktu <strong>podpor\u00ed obranyschopnos\u0165 organizmu<\/strong><\/li>\n<li>pom\u00e1ha <strong>zlep\u0161i\u0165 elasticitu poko\u017eky<\/strong>, <strong>vyhladi\u0165 vr\u00e1sky<\/strong> a <strong>zosvetli\u0165 pigmentov\u00e9 \u0161kvrny<\/strong><\/li>\n<li>regeneruje<strong> vlasy aj nechty<\/strong><\/li>\n<li><strong>vy\u017eivuje k\u013aby<\/strong>, zlep\u0161uje <strong>pohyblivos\u0165<\/strong> a zmier\u0148uje ich <strong>bolesti<\/strong><\/li>\n<li>predch\u00e1dza <strong>rednutiu kost\u00ed <\/strong>a <strong>strate svalovej hmoty<\/strong><\/li>\n<li>zni\u017euje riziko <strong>srdcov\u00fdch ochoren\u00ed<\/strong><\/li>\n<\/ul>\n<p><strong><img decoding=\"async\" class=\"alignnone\" src=\"https:\/\/www.zeenworld.com\/sk\/wp-content\/uploads\/2020\/12\/zeen-sk-20-150x150.png\" alt=\"\" width=\"150\" height=\"150\" \/><img decoding=\"async\" class=\"alignnone\" src=\"https:\/\/www.zeenworld.com\/sk\/wp-content\/uploads\/2020\/12\/zeen-sk-07-150x150.png\" alt=\"\" width=\"150\" height=\"150\" \/><img decoding=\"async\" class=\"alignnone\" src=\"https:\/\/www.zeenworld.com\/sk\/wp-content\/uploads\/2020\/12\/zeen-sk-08-150x150.png\" alt=\"\" width=\"150\" height=\"150\" \/><img decoding=\"async\" class=\"alignnone\" src=\"https:\/\/www.zeenworld.com\/sk\/wp-content\/uploads\/2020\/12\/zeen-sk-15-150x150.png\" alt=\"\" width=\"150\" height=\"150\" \/><img decoding=\"async\" class=\"alignnone\" src=\"https:\/\/www.zeenworld.com\/sk\/wp-content\/uploads\/2020\/12\/zeen-sk-14-150x150.png\" alt=\"\" width=\"150\" height=\"150\" \/><img decoding=\"async\" class=\"alignnone\" src=\"https:\/\/www.zeenworld.com\/sk\/wp-content\/uploads\/2020\/12\/zeen-sk-13-150x150.png\" alt=\"\" width=\"150\" height=\"150\" \/><\/strong><\/p>\n<p>&nbsp;<\/p>\n<p><strong>Sp\u00e1nok L-Tryptof\u00e1n:<\/strong><\/p>\n<ul>\n<li>podporuj\u00faci kvalitn\u00fd sp\u00e1nok a pokoj<\/li>\n<li>obsaahuje esenci\u00e1lnu aminokyselinu L-tryptof\u00e1n, vitam\u00edn C (250 mg), Hor\u010d\u00edk (25 mg), Vitam\u00edn B3\u00a0 (5 mg) a Vitam\u00edn B6 (5 mg)<\/li>\n<li>veg\u00e1nske kapsule<\/li>\n<li>vyroben\u00e9 na Slovensku<\/li>\n<\/ul>\n<p>L-tryptof\u00e1n a\u00a0jeho \u00fa\u010dinky na \u013eudsk\u00e9 telo:<\/p>\n<ul>\n<li>Aminokyselina L-tryptof\u00e1n je prekurzorom melaton\u00ednu a seroton\u00ednu, zodpovedn\u00e9ho za pozit\u00edvny psychick\u00fd stav a kvalitn\u00fd sp\u00e1nok<\/li>\n<li>Pri hlbokom sp\u00e1nku sa telo najlep\u0161ie regeneruje a naviac doch\u00e1dza k obnove a rastu buniek, r\u00e1no sa zobud\u00edte svie\u017ei a vit\u00e1lny<\/li>\n<\/ul>\n<p><img decoding=\"async\" src=\"https:\/\/www.zeenworld.com\/sk\/wp-content\/uploads\/2020\/12\/vegan-150x150.png\" alt=\"\" width=\"150\" height=\"150\" \/><img decoding=\"async\" src=\"https:\/\/www.zeenworld.com\/sk\/wp-content\/uploads\/2020\/12\/bez-lepku-150x150.png\" \/><img decoding=\"async\" src=\"https:\/\/www.zeenworld.com\/sk\/wp-content\/uploads\/2020\/12\/non-GMO-150x150.png\" alt=\"\" width=\"150\" height=\"150\" \/><img decoding=\"async\" src=\"https:\/\/www.zeenworld.com\/sk\/wp-content\/uploads\/2020\/12\/bez-pridanych-farbiv-150x150.png\" \/><\/p>\n<h4>D\u00e1vkovanie a u\u017e\u00edvanie<\/h4>\n<p>Zeen Collagen: obsah <strong>1 vrec\u00fa\u0161ka kolag\u00e9nu <\/strong>nasypte do<strong> such\u00e9ho poh\u00e1ra<\/strong>, pridajte cca <strong>200 ml vody<\/strong> a poriadne <strong>premie\u0161ajte<\/strong>.<\/p>\n<p>Sp\u00e1nok L-Tryptof\u00e1n: u\u017e\u00edvajte <strong>2 kapsule ve\u010der<\/strong> s jedlom.<\/p>\n","protected":false},"excerpt":{"rendered":"<h4>BENEFITY BAL\u00cd\u010cKA:<\/h4>\n<h4>Regenera\u010dn\u00fd bal\u00ed\u010dek obsahuj\u00faci Zeen Collagen\u00a0a Sp\u00e1nok L-Tryptof\u00e1n podporuje regener\u00e1ciu tkan\u00edv, zdravie poko\u017eky, vlasov, nechtov, k\u013abov a zais\u0165uje kvalitn\u00fd odpo\u010dinok potrebn\u00fd pre obnovu organizmu po\u010das sp\u00e1nku.<\/h4>\n<h4><\/h4>\n<h4>\u010cO BAL\u00cd\u010cEK OBSAHUJE:<\/h4>\n<ul>\n<li>2 balenia <strong>Zeen Collagen 7200 mg<\/strong><\/li>\n<li>Zdarma 1 balenie <strong style=\"font-size: 16px\">Sp\u00e1nok L- Tryptof\u00e1n<\/strong><\/li>\n<\/ul>\n","protected":false},"featured_media":16629,"template":"","meta":{"site-sidebar-layout":"default","site-content-layout":"","ast-site-content-layout":"default","site-content-style":"default","site-sidebar-style":"default","ast-global-header-display":"","ast-banner-title-visibility":"","ast-main-header-display":"","ast-hfb-above-header-display":"","ast-hfb-below-header-display":"","ast-hfb-mobile-header-display":"","site-post-title":"","ast-breadcrumbs-content":"","ast-featured-img":"","footer-sml-layout":"","theme-transparent-header-meta":"default","adv-header-id-meta":"","stick-header-meta":"","header-above-stick-meta":"","header-main-stick-meta":"","header-below-stick-meta":"","astra-migrate-meta-layouts":"set","ast-page-background-enabled":"default","ast-page-background-meta":{"desktop":{"background-color":"var(--ast-global-color-4)","background-image":"","background-repeat":"repeat","background-position":"center center","background-size":"auto","background-attachment":"scroll","background-type":"","background-media":"","overlay-type":"","overlay-color":"","overlay-opacity":"","overlay-gradient":""},"tablet":{"background-color":"","background-image":"","background-repeat":"repeat","background-position":"center center","background-size":"auto","background-attachment":"scroll","background-type":"","background-media":"","overlay-type":"","overlay-color":"","overlay-opacity":"","overlay-gradient":""},"mobile":{"background-color":"","background-image":"","background-repeat":"repeat","background-position":"center center","background-size":"auto","background-attachment":"scroll","background-type":"","background-media":"","overlay-type":"","overlay-color":"","overlay-opacity":"","overlay-gradient":""}},"ast-content-background-meta":{"desktop":{"background-color":"var(--ast-global-color-5)","background-image":"","background-repeat":"repeat","background-position":"center center","background-size":"auto","background-attachment":"scroll","background-type":"","background-media":"","overlay-type":"","overlay-color":"","overlay-opacity":"","overlay-gradient":""},"tablet":{"background-color":"var(--ast-global-color-5)","background-image":"","background-repeat":"repeat","background-position":"center center","background-size":"auto","background-attachment":"scroll","background-type":"","background-media":"","overlay-type":"","overlay-color":"","overlay-opacity":"","overlay-gradient":""},"mobile":{"background-color":"var(--ast-global-color-5)","background-image":"","background-repeat":"repeat","background-position":"center center","background-size":"auto","background-attachment":"scroll","background-type":"","background-media":"","overlay-type":"","overlay-color":"","overlay-opacity":"","overlay-gradient":""}}},"product_cat":[113],"product_tag":[137],"yoast_head":"<!-- This site is optimized with the Yoast SEO plugin v24.2 - https:\/\/yoast.com\/wordpress\/plugins\/seo\/ -->\n<title>Bal\u00ed\u010dek REGENER\u00c1CIA PO\u010cAS SP\u00c1NKU - ZEEN WORLD<\/title>\n<meta name=\"description\" content=\"Zeen Collagen\u00a0a Sp\u00e1nok L-Tryptof\u00e1n podporuje regener\u00e1ciu tkan\u00edv, zdravie poko\u017eky, vlasov, nechtov, k\u013abov a zais\u0165uje kvalitn\u00fd odpo\u010dinok po\u010das sp\u00e1nku.\" \/>\n<meta name=\"robots\" content=\"index, follow, max-snippet:-1, max-image-preview:large, max-video-preview:-1\" \/>\n<link rel=\"canonical\" href=\"https:\/\/www.zeenworld.com\/sk\/produkt\/balicek-regeneracia-pocas-spanku\/\" \/>\n<meta property=\"og:locale\" content=\"sk_SK\" \/>\n<meta property=\"og:type\" content=\"article\" \/>\n<meta property=\"og:title\" content=\"Bal\u00ed\u010dek REGENER\u00c1CIA PO\u010cAS SP\u00c1NKU - ZEEN WORLD\" \/>\n<meta property=\"og:description\" content=\"Zeen Collagen\u00a0a Sp\u00e1nok L-Tryptof\u00e1n podporuje regener\u00e1ciu tkan\u00edv, zdravie poko\u017eky, vlasov, nechtov, k\u013abov a zais\u0165uje kvalitn\u00fd odpo\u010dinok po\u010das sp\u00e1nku.\" \/>\n<meta property=\"og:url\" content=\"https:\/\/www.zeenworld.com\/sk\/produkt\/balicek-regeneracia-pocas-spanku\/\" \/>\n<meta property=\"og:site_name\" content=\"ZEEN WORLD\" \/>\n<meta property=\"article:modified_time\" content=\"2025-11-25T09:24:50+00:00\" \/>\n<meta property=\"og:image\" content=\"https:\/\/www.zeenworld.com\/sk\/wp-content\/uploads\/2025\/03\/collagen-2x-gold-spanok-1024x1024.png\" \/>\n\t<meta property=\"og:image:width\" content=\"1024\" \/>\n\t<meta property=\"og:image:height\" content=\"1024\" \/>\n\t<meta property=\"og:image:type\" content=\"image\/png\" \/>\n<meta name=\"twitter:card\" content=\"summary_large_image\" \/>\n<meta name=\"twitter:label1\" content=\"Predpokladan\u00fd \u010das \u010d\u00edtania\" \/>\n\t<meta name=\"twitter:data1\" content=\"4 min\u00faty\" \/>\n<script type=\"application\/ld+json\" class=\"yoast-schema-graph\">{\"@context\":\"https:\/\/schema.org\",\"@graph\":[{\"@type\":\"WebPage\",\"@id\":\"https:\/\/www.zeenworld.com\/sk\/produkt\/balicek-regeneracia-pocas-spanku\/\",\"url\":\"https:\/\/www.zeenworld.com\/sk\/produkt\/balicek-regeneracia-pocas-spanku\/\",\"name\":\"Bal\u00ed\u010dek REGENER\u00c1CIA PO\u010cAS SP\u00c1NKU - ZEEN WORLD\",\"isPartOf\":{\"@id\":\"https:\/\/www.zeenworld.com\/sk\/#website\"},\"primaryImageOfPage\":{\"@id\":\"https:\/\/www.zeenworld.com\/sk\/produkt\/balicek-regeneracia-pocas-spanku\/#primaryimage\"},\"image\":{\"@id\":\"https:\/\/www.zeenworld.com\/sk\/produkt\/balicek-regeneracia-pocas-spanku\/#primaryimage\"},\"thumbnailUrl\":\"https:\/\/www.zeenworld.com\/sk\/wp-content\/uploads\/2025\/03\/collagen-2x-gold-spanok.png\",\"datePublished\":\"2025-03-14T11:20:08+00:00\",\"dateModified\":\"2025-11-25T09:24:50+00:00\",\"description\":\"Zeen Collagen\u00a0a Sp\u00e1nok L-Tryptof\u00e1n podporuje regener\u00e1ciu tkan\u00edv, zdravie poko\u017eky, vlasov, nechtov, k\u013abov a zais\u0165uje kvalitn\u00fd odpo\u010dinok po\u010das sp\u00e1nku.\",\"breadcrumb\":{\"@id\":\"https:\/\/www.zeenworld.com\/sk\/produkt\/balicek-regeneracia-pocas-spanku\/#breadcrumb\"},\"inLanguage\":\"sk-SK\",\"potentialAction\":[{\"@type\":\"ReadAction\",\"target\":[\"https:\/\/www.zeenworld.com\/sk\/produkt\/balicek-regeneracia-pocas-spanku\/\"]}]},{\"@type\":\"ImageObject\",\"inLanguage\":\"sk-SK\",\"@id\":\"https:\/\/www.zeenworld.com\/sk\/produkt\/balicek-regeneracia-pocas-spanku\/#primaryimage\",\"url\":\"https:\/\/www.zeenworld.com\/sk\/wp-content\/uploads\/2025\/03\/collagen-2x-gold-spanok.png\",\"contentUrl\":\"https:\/\/www.zeenworld.com\/sk\/wp-content\/uploads\/2025\/03\/collagen-2x-gold-spanok.png\",\"width\":1800,\"height\":1800,\"caption\":\"Bal\u00ed\u010dek 2x Zlat\u00fd kolag\u00e9n a Sp\u00e1nok\"},{\"@type\":\"BreadcrumbList\",\"@id\":\"https:\/\/www.zeenworld.com\/sk\/produkt\/balicek-regeneracia-pocas-spanku\/#breadcrumb\",\"itemListElement\":[{\"@type\":\"ListItem\",\"position\":1,\"name\":\"Domovsk\u00e1 str\u00e1nka\",\"item\":\"https:\/\/www.zeenworld.com\/sk\/\"},{\"@type\":\"ListItem\",\"position\":2,\"name\":\"E-shop\",\"item\":\"https:\/\/www.zeenworld.com\/sk\/shop\/\"},{\"@type\":\"ListItem\",\"position\":3,\"name\":\"Bal\u00ed\u010dek REGENER\u00c1CIA PO\u010cAS SP\u00c1NKU\"}]},{\"@type\":\"WebSite\",\"@id\":\"https:\/\/www.zeenworld.com\/sk\/#website\",\"url\":\"https:\/\/www.zeenworld.com\/sk\/\",\"name\":\"ZEEN WORLD\",\"description\":\"Kr\u00e1sa a zdravie bez kompromisov\",\"publisher\":{\"@id\":\"https:\/\/www.zeenworld.com\/sk\/#organization\"},\"potentialAction\":[{\"@type\":\"SearchAction\",\"target\":{\"@type\":\"EntryPoint\",\"urlTemplate\":\"https:\/\/www.zeenworld.com\/sk\/?s={search_term_string}\"},\"query-input\":{\"@type\":\"PropertyValueSpecification\",\"valueRequired\":true,\"valueName\":\"search_term_string\"}}],\"inLanguage\":\"sk-SK\"},{\"@type\":\"Organization\",\"@id\":\"https:\/\/www.zeenworld.com\/sk\/#organization\",\"name\":\"ZEEN WORLD\",\"url\":\"https:\/\/www.zeenworld.com\/sk\/\",\"logo\":{\"@type\":\"ImageObject\",\"inLanguage\":\"sk-SK\",\"@id\":\"https:\/\/www.zeenworld.com\/sk\/#\/schema\/logo\/image\/\",\"url\":\"https:\/\/www.zeenworld.com\/sk\/wp-content\/uploads\/2020\/11\/zeen-22.png\",\"contentUrl\":\"https:\/\/www.zeenworld.com\/sk\/wp-content\/uploads\/2020\/11\/zeen-22.png\",\"width\":630,\"height\":630,\"caption\":\"ZEEN WORLD\"},\"image\":{\"@id\":\"https:\/\/www.zeenworld.com\/sk\/#\/schema\/logo\/image\/\"}}]}<\/script>\n<!-- \/ Yoast SEO plugin. -->","yoast_head_json":{"title":"Bal\u00ed\u010dek REGENER\u00c1CIA PO\u010cAS SP\u00c1NKU - ZEEN WORLD","description":"Zeen Collagen\u00a0a Sp\u00e1nok L-Tryptof\u00e1n podporuje regener\u00e1ciu tkan\u00edv, zdravie poko\u017eky, vlasov, nechtov, k\u013abov a zais\u0165uje kvalitn\u00fd odpo\u010dinok po\u010das sp\u00e1nku.","robots":{"index":"index","follow":"follow","max-snippet":"max-snippet:-1","max-image-preview":"max-image-preview:large","max-video-preview":"max-video-preview:-1"},"canonical":"https:\/\/www.zeenworld.com\/sk\/produkt\/balicek-regeneracia-pocas-spanku\/","og_locale":"sk_SK","og_type":"article","og_title":"Bal\u00ed\u010dek REGENER\u00c1CIA PO\u010cAS SP\u00c1NKU - ZEEN WORLD","og_description":"Zeen Collagen\u00a0a Sp\u00e1nok L-Tryptof\u00e1n podporuje regener\u00e1ciu tkan\u00edv, zdravie poko\u017eky, vlasov, nechtov, k\u013abov a zais\u0165uje kvalitn\u00fd odpo\u010dinok po\u010das sp\u00e1nku.","og_url":"https:\/\/www.zeenworld.com\/sk\/produkt\/balicek-regeneracia-pocas-spanku\/","og_site_name":"ZEEN WORLD","article_modified_time":"2025-11-25T09:24:50+00:00","og_image":[{"width":1024,"height":1024,"url":"https:\/\/www.zeenworld.com\/sk\/wp-content\/uploads\/2025\/03\/collagen-2x-gold-spanok-1024x1024.png","type":"image\/png"}],"twitter_card":"summary_large_image","twitter_misc":{"Predpokladan\u00fd \u010das \u010d\u00edtania":"4 min\u00faty"},"schema":{"@context":"https:\/\/schema.org","@graph":[{"@type":"WebPage","@id":"https:\/\/www.zeenworld.com\/sk\/produkt\/balicek-regeneracia-pocas-spanku\/","url":"https:\/\/www.zeenworld.com\/sk\/produkt\/balicek-regeneracia-pocas-spanku\/","name":"Bal\u00ed\u010dek REGENER\u00c1CIA PO\u010cAS SP\u00c1NKU - ZEEN WORLD","isPartOf":{"@id":"https:\/\/www.zeenworld.com\/sk\/#website"},"primaryImageOfPage":{"@id":"https:\/\/www.zeenworld.com\/sk\/produkt\/balicek-regeneracia-pocas-spanku\/#primaryimage"},"image":{"@id":"https:\/\/www.zeenworld.com\/sk\/produkt\/balicek-regeneracia-pocas-spanku\/#primaryimage"},"thumbnailUrl":"https:\/\/www.zeenworld.com\/sk\/wp-content\/uploads\/2025\/03\/collagen-2x-gold-spanok.png","datePublished":"2025-03-14T11:20:08+00:00","dateModified":"2025-11-25T09:24:50+00:00","description":"Zeen Collagen\u00a0a Sp\u00e1nok L-Tryptof\u00e1n podporuje regener\u00e1ciu tkan\u00edv, zdravie poko\u017eky, vlasov, nechtov, k\u013abov a zais\u0165uje kvalitn\u00fd odpo\u010dinok po\u010das sp\u00e1nku.","breadcrumb":{"@id":"https:\/\/www.zeenworld.com\/sk\/produkt\/balicek-regeneracia-pocas-spanku\/#breadcrumb"},"inLanguage":"sk-SK","potentialAction":[{"@type":"ReadAction","target":["https:\/\/www.zeenworld.com\/sk\/produkt\/balicek-regeneracia-pocas-spanku\/"]}]},{"@type":"ImageObject","inLanguage":"sk-SK","@id":"https:\/\/www.zeenworld.com\/sk\/produkt\/balicek-regeneracia-pocas-spanku\/#primaryimage","url":"https:\/\/www.zeenworld.com\/sk\/wp-content\/uploads\/2025\/03\/collagen-2x-gold-spanok.png","contentUrl":"https:\/\/www.zeenworld.com\/sk\/wp-content\/uploads\/2025\/03\/collagen-2x-gold-spanok.png","width":1800,"height":1800,"caption":"Bal\u00ed\u010dek 2x Zlat\u00fd kolag\u00e9n a Sp\u00e1nok"},{"@type":"BreadcrumbList","@id":"https:\/\/www.zeenworld.com\/sk\/produkt\/balicek-regeneracia-pocas-spanku\/#breadcrumb","itemListElement":[{"@type":"ListItem","position":1,"name":"Domovsk\u00e1 str\u00e1nka","item":"https:\/\/www.zeenworld.com\/sk\/"},{"@type":"ListItem","position":2,"name":"E-shop","item":"https:\/\/www.zeenworld.com\/sk\/shop\/"},{"@type":"ListItem","position":3,"name":"Bal\u00ed\u010dek REGENER\u00c1CIA PO\u010cAS SP\u00c1NKU"}]},{"@type":"WebSite","@id":"https:\/\/www.zeenworld.com\/sk\/#website","url":"https:\/\/www.zeenworld.com\/sk\/","name":"ZEEN WORLD","description":"Kr\u00e1sa a zdravie bez kompromisov","publisher":{"@id":"https:\/\/www.zeenworld.com\/sk\/#organization"},"potentialAction":[{"@type":"SearchAction","target":{"@type":"EntryPoint","urlTemplate":"https:\/\/www.zeenworld.com\/sk\/?s={search_term_string}"},"query-input":{"@type":"PropertyValueSpecification","valueRequired":true,"valueName":"search_term_string"}}],"inLanguage":"sk-SK"},{"@type":"Organization","@id":"https:\/\/www.zeenworld.com\/sk\/#organization","name":"ZEEN WORLD","url":"https:\/\/www.zeenworld.com\/sk\/","logo":{"@type":"ImageObject","inLanguage":"sk-SK","@id":"https:\/\/www.zeenworld.com\/sk\/#\/schema\/logo\/image\/","url":"https:\/\/www.zeenworld.com\/sk\/wp-content\/uploads\/2020\/11\/zeen-22.png","contentUrl":"https:\/\/www.zeenworld.com\/sk\/wp-content\/uploads\/2020\/11\/zeen-22.png","width":630,"height":630,"caption":"ZEEN WORLD"},"image":{"@id":"https:\/\/www.zeenworld.com\/sk\/#\/schema\/logo\/image\/"}}]}},"_links":{"self":[{"href":"https:\/\/www.zeenworld.com\/sk\/wp-json\/wp\/v2\/product\/16624"}],"collection":[{"href":"https:\/\/www.zeenworld.com\/sk\/wp-json\/wp\/v2\/product"}],"about":[{"href":"https:\/\/www.zeenworld.com\/sk\/wp-json\/wp\/v2\/types\/product"}],"wp:featuredmedia":[{"embeddable":true,"href":"https:\/\/www.zeenworld.com\/sk\/wp-json\/wp\/v2\/media\/16629"}],"wp:attachment":[{"href":"https:\/\/www.zeenworld.com\/sk\/wp-json\/wp\/v2\/media?parent=16624"}],"wp:term":[{"taxonomy":"product_cat","embeddable":true,"href":"https:\/\/www.zeenworld.com\/sk\/wp-json\/wp\/v2\/product_cat?post=16624"},{"taxonomy":"product_tag","embeddable":true,"href":"https:\/\/www.zeenworld.com\/sk\/wp-json\/wp\/v2\/product_tag?post=16624"}],"curies":[{"name":"wp","href":"https:\/\/api.w.org\/{rel}","templated":true}]}}