{"id":17137,"date":"2025-10-13T13:28:23","date_gmt":"2025-10-13T11:28:23","guid":{"rendered":"https:\/\/www.zeenworld.com\/sk\/?post_type=product&#038;p=17137"},"modified":"2025-12-15T12:01:21","modified_gmt":"2025-12-15T11:01:21","slug":"balicek-zdravie-a-imunita","status":"publish","type":"product","link":"https:\/\/www.zeenworld.com\/sk\/produkt\/balicek-zdravie-a-imunita\/","title":{"rendered":"Bal\u00ed\u010dek ZDRAVIE A IMUNITA"},"content":{"rendered":"<p><strong>ZEEN COLLAGEN:<\/strong><\/p>\n<ul>\n<li><strong>pr\u00e9miov\u00fd morsk\u00fd kolag\u00e9n<\/strong> z Franc\u00fazska<\/li>\n<li>bio-akt\u00edvny pr\u00e1\u0161ok <strong>bez chemick\u00fdch pr\u00edsad<\/strong><\/li>\n<li>obsahuje <strong>3 typy hydrolyzovan\u00e9ho kolag\u00e9nu<\/strong> (I, II, III)<\/li>\n<li>obohaten\u00fd o <strong>kyselinu hyalur\u00f3nov\u00fa, vitam\u00edn C (1000 mg) a zinok<\/strong><\/li>\n<li>denn\u00e1 d\u00e1vka obsahuje <strong>6000 mg kolag\u00e9nu<\/strong><\/li>\n<li>posilnen\u00edm tr\u00e1viaceho traktu <strong>podpor\u00ed obranyschopnos\u0165 organizmu<\/strong><\/li>\n<li>pom\u00e1ha <strong>zlep\u0161i\u0165 elasticitu poko\u017eky<\/strong>, <strong>vyhladi\u0165 vr\u00e1sky<\/strong> a <strong>zosvetli\u0165 pigmentov\u00e9 \u0161kvrny<\/strong><\/li>\n<li>regeneruje<strong> vlasy aj nechty<\/strong><\/li>\n<li><strong>vy\u017eivuje k\u013aby<\/strong>, zlep\u0161uje <strong>pohyblivos\u0165<\/strong> a zmier\u0148uje ich <strong>bolesti<\/strong><\/li>\n<li>predch\u00e1dza <strong>rednutiu kost\u00ed <\/strong>a <strong>strate svalovej hmoty<\/strong><\/li>\n<li>zni\u017euje riziko <strong>srdcov\u00fdch ochoren\u00ed<\/strong><\/li>\n<\/ul>\n<p><strong><img decoding=\"async\" class=\"alignnone\" src=\"https:\/\/www.zeenworld.com\/sk\/wp-content\/uploads\/2020\/12\/zeen-sk-20-150x150.png\" alt=\"\" width=\"150\" height=\"150\" \/><img decoding=\"async\" class=\"alignnone\" src=\"https:\/\/www.zeenworld.com\/sk\/wp-content\/uploads\/2020\/12\/zeen-sk-07-150x150.png\" alt=\"\" width=\"150\" height=\"150\" \/><img decoding=\"async\" class=\"alignnone\" src=\"https:\/\/www.zeenworld.com\/sk\/wp-content\/uploads\/2020\/12\/zeen-sk-08-150x150.png\" alt=\"\" width=\"150\" height=\"150\" \/><img decoding=\"async\" class=\"alignnone\" src=\"https:\/\/www.zeenworld.com\/sk\/wp-content\/uploads\/2020\/12\/zeen-sk-15-150x150.png\" alt=\"\" width=\"150\" height=\"150\" \/><img decoding=\"async\" class=\"alignnone\" src=\"https:\/\/www.zeenworld.com\/sk\/wp-content\/uploads\/2020\/12\/zeen-sk-14-150x150.png\" alt=\"\" width=\"150\" height=\"150\" \/><img decoding=\"async\" class=\"alignnone\" src=\"https:\/\/www.zeenworld.com\/sk\/wp-content\/uploads\/2020\/12\/zeen-sk-13-150x150.png\" alt=\"\" width=\"150\" height=\"150\" \/><\/strong><\/p>\n<p><strong>Imunita Trio:<\/strong><\/p>\n<ul>\n<li>v\u00fd\u017eivov\u00fd doplnok <strong>zvy\u0161uj\u00faci obranyschopnos\u0165 organizmu<\/strong><\/li>\n<li>obsahuje kombin\u00e1ciu <strong>zinku, vitam\u00ednu D3 a vitam\u00ednu C<\/strong>, ktor\u00fd je z\u00edskan\u00fd z <strong>Aceroly<\/strong><\/li>\n<li>podporuje nervov\u00fd syst\u00e9m, \u010d\u00edm <strong>potl\u00e1\u010da pr\u00edznaky \u00fanavy<\/strong> a <strong>psychick\u00e9ho vy\u010derpania<\/strong><\/li>\n<li><strong>zlep\u0161uje vitalitu poko\u017eky<\/strong> v\u010faka prirodzenej tvorbe kolag\u00e9nu<\/li>\n<li>chr\u00e1ni bunky pred<strong> oxida\u010dn\u00fdm stresom<\/strong><\/li>\n<li><strong>neobsahuje glut\u00e9n<\/strong> ani <strong>geneticky modifikovan\u00e9 zlo\u017eky<\/strong><\/li>\n<\/ul>\n<p><strong>Detox:<\/strong><\/p>\n<ul>\n<li>v\u00fd\u017eivov\u00fd doplnok na <strong>detoxik\u00e1ciu organizmu<\/strong><\/li>\n<li><strong>zvy\u0161uje imunitu<\/strong><\/li>\n<li>vhodn\u00e9 <strong>pre domasedov aj akt\u00edvnych \u013eud\u00ed<\/strong><\/li>\n<li>patentovan\u00fd <strong>extrakt z arti\u010dokov<\/strong> pom\u00e1ha <strong>tr\u00e1veniu <\/strong>a <strong>vylu\u010dovaniu toxick\u00fdch l\u00e1tok<\/strong> z tela<\/li>\n<li><strong>neobsahuje glut\u00e9n<\/strong> ani <strong>geneticky modifikovan\u00e9 zlo\u017eky<\/strong><\/li>\n<\/ul>\n<p><img decoding=\"async\" src=\"https:\/\/www.zeenworld.com\/sk\/wp-content\/uploads\/2020\/12\/vegan-150x150.png\" alt=\"\" width=\"150\" height=\"150\" \/><img decoding=\"async\" src=\"https:\/\/www.zeenworld.com\/sk\/wp-content\/uploads\/2020\/12\/non-GMO-150x150.png\" alt=\"\" width=\"150\" height=\"150\" \/><img decoding=\"async\" src=\"https:\/\/www.zeenworld.com\/sk\/wp-content\/uploads\/2020\/12\/bez-lepku-150x150.png\" alt=\"\" width=\"150\" height=\"150\" \/><\/p>\n<h4>D\u00e1vkovanie a u\u017e\u00edvanie<\/h4>\n<p>Zeen Collagen: obsah <strong>1 vrec\u00fa\u0161ka kolag\u00e9nu <\/strong>nasypte do<strong> such\u00e9ho poh\u00e1ra<\/strong>, pridajte cca <strong>200 ml vody<\/strong> a poriadne <strong>premie\u0161ajte<\/strong>.<br \/>\nImunita Trio: U\u017e\u00edvajte <strong>1 kapsulu denne<\/strong> s\u00a0hlavn\u00fdm jedlom.<br \/>\nDetox: <span style=\"font-size: 16px;font-style: normal;font-weight: 400\">U\u017e\u00edvajte\u00a0<\/span><strong style=\"font-size: 16px;font-style: normal\">1 kapsulu denne<\/strong><span style=\"font-size: 16px;font-style: normal;font-weight: 400\">, zapite dostato\u010dn\u00fdm mno\u017estvom vody.<\/span><\/p>\n<p>&nbsp;<\/p>\n","protected":false},"excerpt":{"rendered":"<h4>Bal\u00ed\u010dek <strong>ZDRAVIE A IMUNITA,<\/strong> prin\u00e1\u0161a \u00fa\u010dinn\u00fa podporu zvn\u00fatra aj navonok pre telo aj myse\u013e \u2013 najm\u00e4 po\u010das jesenn\u00e9ho obdobia, ke\u010f je imunita \u010dasto oslaben\u00e1.<\/h4>\n<h4>HLAVN\u00c9 BENEFITY BAL\u00cd\u010cKA:<\/h4>\n<ul>\n<li><strong data-start=\"1133\" data-end=\"1154\">Silnej\u0161ia imunita<\/strong><\/li>\n<li><strong data-start=\"1157\" data-end=\"1184\">Zdrav\u0161ia poko\u017eka a k\u013aby<\/strong><\/li>\n<li data-start=\"1187\" data-end=\"1224\"><strong data-start=\"1187\" data-end=\"1224\">Viac energie a \u013eah\u0161\u00ed pocit v tele<\/strong><\/li>\n<li data-start=\"1187\" data-end=\"1224\"><strong data-start=\"1227\" data-end=\"1276\">Pr\u00edrodn\u00e1 prevencia pred jesenn\u00fdmi ochoreniami<\/strong><\/li>\n<\/ul>\n<h4>\u010cO BAL\u00cd\u010cEK OBSAHUJE:<\/h4>\n<ul>\n<li>1 balenie <strong>Zeen Collagen 7200 mg<\/strong><\/li>\n<li>1 balenie <strong style=\"font-size: 16px\">Imunita Trio<\/strong><\/li>\n<li>1 balenie\u00a0<strong>Detox<\/strong><\/li>\n<\/ul>\n","protected":false},"featured_media":17140,"template":"","meta":{"site-sidebar-layout":"default","site-content-layout":"","ast-site-content-layout":"default","site-content-style":"default","site-sidebar-style":"default","ast-global-header-display":"","ast-banner-title-visibility":"","ast-main-header-display":"","ast-hfb-above-header-display":"","ast-hfb-below-header-display":"","ast-hfb-mobile-header-display":"","site-post-title":"","ast-breadcrumbs-content":"","ast-featured-img":"","footer-sml-layout":"","theme-transparent-header-meta":"default","adv-header-id-meta":"","stick-header-meta":"","header-above-stick-meta":"","header-main-stick-meta":"","header-below-stick-meta":"","astra-migrate-meta-layouts":"set","ast-page-background-enabled":"default","ast-page-background-meta":{"desktop":{"background-color":"var(--ast-global-color-4)","background-image":"","background-repeat":"repeat","background-position":"center center","background-size":"auto","background-attachment":"scroll","background-type":"","background-media":"","overlay-type":"","overlay-color":"","overlay-opacity":"","overlay-gradient":""},"tablet":{"background-color":"","background-image":"","background-repeat":"repeat","background-position":"center center","background-size":"auto","background-attachment":"scroll","background-type":"","background-media":"","overlay-type":"","overlay-color":"","overlay-opacity":"","overlay-gradient":""},"mobile":{"background-color":"","background-image":"","background-repeat":"repeat","background-position":"center center","background-size":"auto","background-attachment":"scroll","background-type":"","background-media":"","overlay-type":"","overlay-color":"","overlay-opacity":"","overlay-gradient":""}},"ast-content-background-meta":{"desktop":{"background-color":"var(--ast-global-color-5)","background-image":"","background-repeat":"repeat","background-position":"center center","background-size":"auto","background-attachment":"scroll","background-type":"","background-media":"","overlay-type":"","overlay-color":"","overlay-opacity":"","overlay-gradient":""},"tablet":{"background-color":"var(--ast-global-color-5)","background-image":"","background-repeat":"repeat","background-position":"center center","background-size":"auto","background-attachment":"scroll","background-type":"","background-media":"","overlay-type":"","overlay-color":"","overlay-opacity":"","overlay-gradient":""},"mobile":{"background-color":"var(--ast-global-color-5)","background-image":"","background-repeat":"repeat","background-position":"center center","background-size":"auto","background-attachment":"scroll","background-type":"","background-media":"","overlay-type":"","overlay-color":"","overlay-opacity":"","overlay-gradient":""}}},"product_cat":[113],"product_tag":[137],"yoast_head":"<!-- This site is optimized with the Yoast SEO plugin v24.2 - https:\/\/yoast.com\/wordpress\/plugins\/seo\/ -->\n<title>Bal\u00ed\u010dek ZDRAVIE A IMUNITA - ZEEN WORLD<\/title>\n<meta name=\"description\" content=\"Posilni imunitu a vitalitu t\u00fato jese\u0148! Bal\u00ed\u010dek Zdravie a Imunita s kolag\u00e9nom, pr\u00edrodnou podporou imunity a detoxom \u2013 v\u0161etko, \u010do tvoje telo potrebuje.\" \/>\n<meta name=\"robots\" content=\"index, follow, max-snippet:-1, max-image-preview:large, max-video-preview:-1\" \/>\n<link rel=\"canonical\" href=\"https:\/\/www.zeenworld.com\/sk\/produkt\/balicek-zdravie-a-imunita\/\" \/>\n<meta property=\"og:locale\" content=\"sk_SK\" \/>\n<meta property=\"og:type\" content=\"article\" \/>\n<meta property=\"og:title\" content=\"Bal\u00ed\u010dek ZDRAVIE A IMUNITA - ZEEN WORLD\" \/>\n<meta property=\"og:description\" content=\"Posilni imunitu a vitalitu t\u00fato jese\u0148! Bal\u00ed\u010dek Zdravie a Imunita s kolag\u00e9nom, pr\u00edrodnou podporou imunity a detoxom \u2013 v\u0161etko, \u010do tvoje telo potrebuje.\" \/>\n<meta property=\"og:url\" content=\"https:\/\/www.zeenworld.com\/sk\/produkt\/balicek-zdravie-a-imunita\/\" \/>\n<meta property=\"og:site_name\" content=\"ZEEN WORLD\" \/>\n<meta property=\"article:modified_time\" content=\"2025-12-15T11:01:21+00:00\" \/>\n<meta property=\"og:image\" content=\"https:\/\/www.zeenworld.com\/sk\/wp-content\/uploads\/2025\/10\/Zdravie-a-imunita-balicek.png\" \/>\n\t<meta property=\"og:image:width\" content=\"1800\" \/>\n\t<meta property=\"og:image:height\" content=\"1800\" \/>\n\t<meta property=\"og:image:type\" content=\"image\/png\" \/>\n<meta name=\"twitter:card\" content=\"summary_large_image\" \/>\n<meta name=\"twitter:label1\" content=\"Predpokladan\u00fd \u010das \u010d\u00edtania\" \/>\n\t<meta name=\"twitter:data1\" content=\"4 min\u00faty\" \/>\n<script type=\"application\/ld+json\" class=\"yoast-schema-graph\">{\"@context\":\"https:\/\/schema.org\",\"@graph\":[{\"@type\":\"WebPage\",\"@id\":\"https:\/\/www.zeenworld.com\/sk\/produkt\/balicek-zdravie-a-imunita\/\",\"url\":\"https:\/\/www.zeenworld.com\/sk\/produkt\/balicek-zdravie-a-imunita\/\",\"name\":\"Bal\u00ed\u010dek ZDRAVIE A IMUNITA - ZEEN WORLD\",\"isPartOf\":{\"@id\":\"https:\/\/www.zeenworld.com\/sk\/#website\"},\"primaryImageOfPage\":{\"@id\":\"https:\/\/www.zeenworld.com\/sk\/produkt\/balicek-zdravie-a-imunita\/#primaryimage\"},\"image\":{\"@id\":\"https:\/\/www.zeenworld.com\/sk\/produkt\/balicek-zdravie-a-imunita\/#primaryimage\"},\"thumbnailUrl\":\"https:\/\/www.zeenworld.com\/sk\/wp-content\/uploads\/2025\/10\/Zdravie-a-imunita-balicek.png\",\"datePublished\":\"2025-10-13T11:28:23+00:00\",\"dateModified\":\"2025-12-15T11:01:21+00:00\",\"description\":\"Posilni imunitu a vitalitu t\u00fato jese\u0148! Bal\u00ed\u010dek Zdravie a Imunita s kolag\u00e9nom, pr\u00edrodnou podporou imunity a detoxom \u2013 v\u0161etko, \u010do tvoje telo potrebuje.\",\"breadcrumb\":{\"@id\":\"https:\/\/www.zeenworld.com\/sk\/produkt\/balicek-zdravie-a-imunita\/#breadcrumb\"},\"inLanguage\":\"sk-SK\",\"potentialAction\":[{\"@type\":\"ReadAction\",\"target\":[\"https:\/\/www.zeenworld.com\/sk\/produkt\/balicek-zdravie-a-imunita\/\"]}]},{\"@type\":\"ImageObject\",\"inLanguage\":\"sk-SK\",\"@id\":\"https:\/\/www.zeenworld.com\/sk\/produkt\/balicek-zdravie-a-imunita\/#primaryimage\",\"url\":\"https:\/\/www.zeenworld.com\/sk\/wp-content\/uploads\/2025\/10\/Zdravie-a-imunita-balicek.png\",\"contentUrl\":\"https:\/\/www.zeenworld.com\/sk\/wp-content\/uploads\/2025\/10\/Zdravie-a-imunita-balicek.png\",\"width\":1800,\"height\":1800},{\"@type\":\"BreadcrumbList\",\"@id\":\"https:\/\/www.zeenworld.com\/sk\/produkt\/balicek-zdravie-a-imunita\/#breadcrumb\",\"itemListElement\":[{\"@type\":\"ListItem\",\"position\":1,\"name\":\"Domovsk\u00e1 str\u00e1nka\",\"item\":\"https:\/\/www.zeenworld.com\/sk\/\"},{\"@type\":\"ListItem\",\"position\":2,\"name\":\"E-shop\",\"item\":\"https:\/\/www.zeenworld.com\/sk\/shop\/\"},{\"@type\":\"ListItem\",\"position\":3,\"name\":\"Bal\u00ed\u010dek ZDRAVIE A IMUNITA\"}]},{\"@type\":\"WebSite\",\"@id\":\"https:\/\/www.zeenworld.com\/sk\/#website\",\"url\":\"https:\/\/www.zeenworld.com\/sk\/\",\"name\":\"ZEEN WORLD\",\"description\":\"Kr\u00e1sa a zdravie bez kompromisov\",\"publisher\":{\"@id\":\"https:\/\/www.zeenworld.com\/sk\/#organization\"},\"potentialAction\":[{\"@type\":\"SearchAction\",\"target\":{\"@type\":\"EntryPoint\",\"urlTemplate\":\"https:\/\/www.zeenworld.com\/sk\/?s={search_term_string}\"},\"query-input\":{\"@type\":\"PropertyValueSpecification\",\"valueRequired\":true,\"valueName\":\"search_term_string\"}}],\"inLanguage\":\"sk-SK\"},{\"@type\":\"Organization\",\"@id\":\"https:\/\/www.zeenworld.com\/sk\/#organization\",\"name\":\"ZEEN WORLD\",\"url\":\"https:\/\/www.zeenworld.com\/sk\/\",\"logo\":{\"@type\":\"ImageObject\",\"inLanguage\":\"sk-SK\",\"@id\":\"https:\/\/www.zeenworld.com\/sk\/#\/schema\/logo\/image\/\",\"url\":\"https:\/\/www.zeenworld.com\/sk\/wp-content\/uploads\/2020\/11\/zeen-22.png\",\"contentUrl\":\"https:\/\/www.zeenworld.com\/sk\/wp-content\/uploads\/2020\/11\/zeen-22.png\",\"width\":630,\"height\":630,\"caption\":\"ZEEN WORLD\"},\"image\":{\"@id\":\"https:\/\/www.zeenworld.com\/sk\/#\/schema\/logo\/image\/\"}}]}<\/script>\n<!-- \/ Yoast SEO plugin. -->","yoast_head_json":{"title":"Bal\u00ed\u010dek ZDRAVIE A IMUNITA - ZEEN WORLD","description":"Posilni imunitu a vitalitu t\u00fato jese\u0148! Bal\u00ed\u010dek Zdravie a Imunita s kolag\u00e9nom, pr\u00edrodnou podporou imunity a detoxom \u2013 v\u0161etko, \u010do tvoje telo potrebuje.","robots":{"index":"index","follow":"follow","max-snippet":"max-snippet:-1","max-image-preview":"max-image-preview:large","max-video-preview":"max-video-preview:-1"},"canonical":"https:\/\/www.zeenworld.com\/sk\/produkt\/balicek-zdravie-a-imunita\/","og_locale":"sk_SK","og_type":"article","og_title":"Bal\u00ed\u010dek ZDRAVIE A IMUNITA - ZEEN WORLD","og_description":"Posilni imunitu a vitalitu t\u00fato jese\u0148! Bal\u00ed\u010dek Zdravie a Imunita s kolag\u00e9nom, pr\u00edrodnou podporou imunity a detoxom \u2013 v\u0161etko, \u010do tvoje telo potrebuje.","og_url":"https:\/\/www.zeenworld.com\/sk\/produkt\/balicek-zdravie-a-imunita\/","og_site_name":"ZEEN WORLD","article_modified_time":"2025-12-15T11:01:21+00:00","og_image":[{"width":1800,"height":1800,"url":"https:\/\/www.zeenworld.com\/sk\/wp-content\/uploads\/2025\/10\/Zdravie-a-imunita-balicek.png","type":"image\/png"}],"twitter_card":"summary_large_image","twitter_misc":{"Predpokladan\u00fd \u010das \u010d\u00edtania":"4 min\u00faty"},"schema":{"@context":"https:\/\/schema.org","@graph":[{"@type":"WebPage","@id":"https:\/\/www.zeenworld.com\/sk\/produkt\/balicek-zdravie-a-imunita\/","url":"https:\/\/www.zeenworld.com\/sk\/produkt\/balicek-zdravie-a-imunita\/","name":"Bal\u00ed\u010dek ZDRAVIE A IMUNITA - ZEEN WORLD","isPartOf":{"@id":"https:\/\/www.zeenworld.com\/sk\/#website"},"primaryImageOfPage":{"@id":"https:\/\/www.zeenworld.com\/sk\/produkt\/balicek-zdravie-a-imunita\/#primaryimage"},"image":{"@id":"https:\/\/www.zeenworld.com\/sk\/produkt\/balicek-zdravie-a-imunita\/#primaryimage"},"thumbnailUrl":"https:\/\/www.zeenworld.com\/sk\/wp-content\/uploads\/2025\/10\/Zdravie-a-imunita-balicek.png","datePublished":"2025-10-13T11:28:23+00:00","dateModified":"2025-12-15T11:01:21+00:00","description":"Posilni imunitu a vitalitu t\u00fato jese\u0148! Bal\u00ed\u010dek Zdravie a Imunita s kolag\u00e9nom, pr\u00edrodnou podporou imunity a detoxom \u2013 v\u0161etko, \u010do tvoje telo potrebuje.","breadcrumb":{"@id":"https:\/\/www.zeenworld.com\/sk\/produkt\/balicek-zdravie-a-imunita\/#breadcrumb"},"inLanguage":"sk-SK","potentialAction":[{"@type":"ReadAction","target":["https:\/\/www.zeenworld.com\/sk\/produkt\/balicek-zdravie-a-imunita\/"]}]},{"@type":"ImageObject","inLanguage":"sk-SK","@id":"https:\/\/www.zeenworld.com\/sk\/produkt\/balicek-zdravie-a-imunita\/#primaryimage","url":"https:\/\/www.zeenworld.com\/sk\/wp-content\/uploads\/2025\/10\/Zdravie-a-imunita-balicek.png","contentUrl":"https:\/\/www.zeenworld.com\/sk\/wp-content\/uploads\/2025\/10\/Zdravie-a-imunita-balicek.png","width":1800,"height":1800},{"@type":"BreadcrumbList","@id":"https:\/\/www.zeenworld.com\/sk\/produkt\/balicek-zdravie-a-imunita\/#breadcrumb","itemListElement":[{"@type":"ListItem","position":1,"name":"Domovsk\u00e1 str\u00e1nka","item":"https:\/\/www.zeenworld.com\/sk\/"},{"@type":"ListItem","position":2,"name":"E-shop","item":"https:\/\/www.zeenworld.com\/sk\/shop\/"},{"@type":"ListItem","position":3,"name":"Bal\u00ed\u010dek ZDRAVIE A IMUNITA"}]},{"@type":"WebSite","@id":"https:\/\/www.zeenworld.com\/sk\/#website","url":"https:\/\/www.zeenworld.com\/sk\/","name":"ZEEN WORLD","description":"Kr\u00e1sa a zdravie bez kompromisov","publisher":{"@id":"https:\/\/www.zeenworld.com\/sk\/#organization"},"potentialAction":[{"@type":"SearchAction","target":{"@type":"EntryPoint","urlTemplate":"https:\/\/www.zeenworld.com\/sk\/?s={search_term_string}"},"query-input":{"@type":"PropertyValueSpecification","valueRequired":true,"valueName":"search_term_string"}}],"inLanguage":"sk-SK"},{"@type":"Organization","@id":"https:\/\/www.zeenworld.com\/sk\/#organization","name":"ZEEN WORLD","url":"https:\/\/www.zeenworld.com\/sk\/","logo":{"@type":"ImageObject","inLanguage":"sk-SK","@id":"https:\/\/www.zeenworld.com\/sk\/#\/schema\/logo\/image\/","url":"https:\/\/www.zeenworld.com\/sk\/wp-content\/uploads\/2020\/11\/zeen-22.png","contentUrl":"https:\/\/www.zeenworld.com\/sk\/wp-content\/uploads\/2020\/11\/zeen-22.png","width":630,"height":630,"caption":"ZEEN WORLD"},"image":{"@id":"https:\/\/www.zeenworld.com\/sk\/#\/schema\/logo\/image\/"}}]}},"_links":{"self":[{"href":"https:\/\/www.zeenworld.com\/sk\/wp-json\/wp\/v2\/product\/17137"}],"collection":[{"href":"https:\/\/www.zeenworld.com\/sk\/wp-json\/wp\/v2\/product"}],"about":[{"href":"https:\/\/www.zeenworld.com\/sk\/wp-json\/wp\/v2\/types\/product"}],"wp:featuredmedia":[{"embeddable":true,"href":"https:\/\/www.zeenworld.com\/sk\/wp-json\/wp\/v2\/media\/17140"}],"wp:attachment":[{"href":"https:\/\/www.zeenworld.com\/sk\/wp-json\/wp\/v2\/media?parent=17137"}],"wp:term":[{"taxonomy":"product_cat","embeddable":true,"href":"https:\/\/www.zeenworld.com\/sk\/wp-json\/wp\/v2\/product_cat?post=17137"},{"taxonomy":"product_tag","embeddable":true,"href":"https:\/\/www.zeenworld.com\/sk\/wp-json\/wp\/v2\/product_tag?post=17137"}],"curies":[{"name":"wp","href":"https:\/\/api.w.org\/{rel}","templated":true}]}}