{"id":3175,"date":"2020-12-15T23:59:29","date_gmt":"2020-12-15T22:59:29","guid":{"rendered":"https:\/\/www.zeenworld.com\/novy\/?post_type=product&#038;p=3175"},"modified":"2026-05-01T21:21:10","modified_gmt":"2026-05-01T19:21:10","slug":"zeen-collagen-pure-2","status":"publish","type":"product","link":"https:\/\/www.zeenworld.com\/sk\/produkt\/zeen-collagen-pure-2\/","title":{"rendered":"ZEEN Pure kolag\u00e9n"},"content":{"rendered":"<p><img decoding=\"async\" src=\"https:\/\/www.zeenworld.com\/sk\/wp-content\/uploads\/2020\/12\/produkt-ciernyxx.png\" alt=\"\" width=\"800\" height=\"479\" \/><\/p>\n<h2>Benefity morsk\u00e9ho kolag\u00e9nu<\/h2>\n<p>Tento <strong>rozpustn\u00fd kolag\u00e9n v pr\u00e1\u0161ku<\/strong> zna\u010dky <strong>ZEEN by Roal,<\/strong>\u00a0pom\u00f4\u017ee nielen va\u0161ej poko\u017eke z\u00edska\u0165 svoju straten\u00fa <strong>silu a pevnos\u0165<\/strong>:<\/p>\n<ul>\n<li>obsahuje <strong>hydrolyzovan\u00fd kolag\u00e9n<\/strong> na pitie<\/li>\n<li>pom\u00e1ha <strong>zlep\u0161i\u0165 elasticitu<\/strong> poko\u017eky, <strong>vyhladi\u0165 vr\u00e1sky<\/strong> a <strong>zosvetli\u0165 pigmentov\u00e9 \u0161kvrny<\/strong><\/li>\n<li>regeneruje <strong>vlasy aj nechty<\/strong><\/li>\n<li><strong>vy\u017eivuje k\u013aby<\/strong>, <strong>zlep\u0161uje pohyblivos\u0165<\/strong> a <strong>zmier\u0148uje ich bolesti<\/strong><\/li>\n<li><strong>vitam\u00edn C <\/strong>napom\u00e1ha <strong>vstreb\u00e1vaniu kolag\u00e9nu<\/strong><\/li>\n<li><strong>bez rybieho z\u00e1pachu<\/strong><\/li>\n<li><strong>21 svetov\u00fdch certifik\u00e1tov\u00a0\u00a0<\/strong><\/li>\n<\/ul>\n<p><a>D\u00e1vkovanie a u\u017e\u00edvanie<\/a><\/p>\n<p>Obsah <strong>1 vrec\u00fa\u0161ka <\/strong>nasypte do<strong> such\u00e9ho poh\u00e1ra<\/strong>, pridajte cca <strong>200 ml vody<\/strong> a poriadne <strong>premie\u0161ajte<\/strong>.<\/p>\n<p><a>Zlo\u017eenie<\/a><\/p>\n<p>hydrolyzovan\u00fd ryb\u00ed kolag\u00e9n (6000 mg)<\/p>\n<p><a>Upozornenie<\/a><br \/>\nStanoven\u00e1 odpor\u00fa\u010dan\u00e1 denn\u00e1 d\u00e1vka sa nesmie presiahnu\u0165! V\u00fdrobok nie je ur\u010den\u00fd ako n\u00e1hrada rozmanitej stravy. Skladujte mimo dosahu mal\u00fdch det\u00ed. Nevhodn\u00e9 pre deti, tehotn\u00e9 a doj\u010diace \u017eeny. Skladujte pri teplote +4 a\u017e +25 \u00b0C, chr\u00e1\u0148te pred vlhkom, teplom a priamym slne\u010dn\u00fdm \u017eiaren\u00edm.<\/p>\n<div class=\"grid group\"><img decoding=\"async\" src=\"https:\/\/www.zeenworld.com\/sk\/wp-content\/uploads\/2020\/12\/zeen-sk-19-150x150.png\" alt=\"\" width=\"150\" height=\"150\" \/><img decoding=\"async\" src=\"https:\/\/www.zeenworld.com\/sk\/wp-content\/uploads\/2020\/12\/zeen-sk-20-150x150.png\" alt=\"\" width=\"150\" height=\"150\" \/><img decoding=\"async\" src=\"https:\/\/www.zeenworld.com\/sk\/wp-content\/uploads\/2020\/12\/zeen-sk-11-150x150.png\" alt=\"\" width=\"150\" height=\"150\" \/><img decoding=\"async\" src=\"https:\/\/www.zeenworld.com\/sk\/wp-content\/uploads\/2020\/12\/zeen-sk-12-150x150.png\" alt=\"\" width=\"150\" height=\"150\" \/><img decoding=\"async\" src=\"https:\/\/www.zeenworld.com\/sk\/wp-content\/uploads\/2020\/12\/zeen-sk-15-150x150.png\" alt=\"\" width=\"150\" height=\"150\" \/><img decoding=\"async\" src=\"https:\/\/www.zeenworld.com\/sk\/wp-content\/uploads\/2020\/12\/zeen-sk-14-150x150.png\" alt=\"\" width=\"150\" height=\"150\" \/><img decoding=\"async\" src=\"https:\/\/www.zeenworld.com\/sk\/wp-content\/uploads\/2020\/12\/zeen-sk-13-150x150.png\" alt=\"\" width=\"150\" height=\"150\" \/><\/div>\n<p><img decoding=\"async\" src=\"https:\/\/www.zeenworld.com\/sk\/wp-content\/uploads\/2020\/12\/2-ciernax.png\" alt=\"\" width=\"700\" height=\"803\" \/><\/p>\n<h2>Kolag\u00e9n PRE N\u00c1RO\u010cN\u00ddCH<\/h2>\n<p><strong>ZEEN kolag\u00e9n pre \u017eeny aj mu\u017eov<\/strong>, ktor\u00ed si potrpia na <strong>pr\u00e9miov\u00fa kvalitu<\/strong>. Obsahuje a\u017e <strong>3 typy kolag\u00e9nu<\/strong> (I, II, II) a v\u010faka <strong>biologickej dostupnosti<\/strong> a <strong>hydrolyzovanej forme <\/strong>v pr\u00e1\u0161ku sa<strong> skvele vstreb\u00e1va<\/strong> a telo ho nasmeruje tam, kde to najviac potrebuje.<\/p>\n<div class=\"grid group\">\n<div class=\"one-half\">\n<p><img decoding=\"async\" src=\"https:\/\/www.zeenworld.com\/sk\/wp-content\/uploads\/2020\/12\/ikonky-06.png\" alt=\"\" width=\"138\" height=\"187\" \/><\/p>\n<h3>Kolag\u00e9n PRE KR\u00c1SU<\/h3>\n<p>Ke\u010f\u017ee kolag\u00e9n je <strong>z\u00e1kladnou stavebnou zlo\u017ekou poko\u017eky<\/strong> a prirodzene o\u0148 vekom prich\u00e1dzame, je potrebn\u00e9 ho <strong>pravidelne dop\u013a\u0148a\u0165<\/strong>. Odmenou za to v\u00e1m bude <strong>hydratovan\u00e1, pru\u017en\u00e1 a pevn\u00e1 poko\u017eka, nechty aj vlasy<\/strong>.<\/p>\n<\/div>\n<div class=\"one-half\">\n<p><img decoding=\"async\" src=\"https:\/\/www.zeenworld.com\/sk\/wp-content\/uploads\/2020\/12\/ikonky-05.png\" alt=\"\" width=\"228\" height=\"187\" \/><\/p>\n<h3>Kolag\u00e9n PRE ZDRAVIE<\/h3>\n<p>Ak s\u00fa va\u0161e k\u013aby a chrupavky vystavovan\u00e9 pr\u00edli\u0161 ve\u013ekej n\u00e1mahe, je potrebn\u00e9 im<strong> doda\u0165 ch\u00fdbaj\u00faci kolag\u00e9n na k\u013aby<\/strong>. Ten im pom\u00f4\u017ee s <strong>lep\u0161ou hybnos\u0165ou<\/strong>,<strong> zabr\u00e1ni ich opotrebovaniu, po\u0161kodeniu \u010di bolestiam<\/strong>.<\/p>\n<\/div>\n<\/div>\n<div class=\"ast-oembed-container \" style=\"height: 100%;\"><iframe loading=\"lazy\" title=\"Zeen Collagen eduka\u010dn\u00fd spot\" width=\"500\" height=\"281\" src=\"https:\/\/www.youtube.com\/embed\/qANwT-2YDP8?feature=oembed\" frameborder=\"0\" allow=\"accelerometer; autoplay; clipboard-write; encrypted-media; gyroscope; picture-in-picture; web-share\" referrerpolicy=\"strict-origin-when-cross-origin\" allowfullscreen><\/iframe><\/div>\n","protected":false},"excerpt":{"rendered":"<ul>\n<li><strong>pr\u00e9miov\u00fd morsk\u00fd kolag\u00e9n <\/strong>z Franc\u00fazska<\/li>\n<li><strong>100 % \u010dist\u00fd <\/strong>bio-akt\u00edvny kolag\u00e9n <strong>bez chemick\u00fdch pr\u00edsad<\/strong><\/li>\n<li>obsahuje<strong> 3 typy hydrolyzovan\u00e9ho kolag\u00e9nu<\/strong> (I, II, III)<\/li>\n<li>denn\u00e1 d\u00e1vka obsahuje <strong>6000 mg kolag\u00e9nu<\/strong><\/li>\n<li><strong>30 denn\u00fdch d\u00e1vok<\/strong> v prakticky hermeticky uzavret\u00fdch vrec\u00fa\u0161kach<\/li>\n<\/ul>\n","protected":false},"featured_media":9552,"template":"","meta":{"site-sidebar-layout":"default","site-content-layout":"","ast-site-content-layout":"default","site-content-style":"default","site-sidebar-style":"default","ast-global-header-display":"","ast-banner-title-visibility":"","ast-main-header-display":"","ast-hfb-above-header-display":"","ast-hfb-below-header-display":"","ast-hfb-mobile-header-display":"","site-post-title":"","ast-breadcrumbs-content":"","ast-featured-img":"","footer-sml-layout":"","theme-transparent-header-meta":"default","adv-header-id-meta":"","stick-header-meta":"","header-above-stick-meta":"","header-main-stick-meta":"","header-below-stick-meta":"","astra-migrate-meta-layouts":"set","ast-page-background-enabled":"default","ast-page-background-meta":{"desktop":{"background-color":"var(--ast-global-color-4)","background-image":"","background-repeat":"repeat","background-position":"center center","background-size":"auto","background-attachment":"scroll","background-type":"","background-media":"","overlay-type":"","overlay-color":"","overlay-opacity":"","overlay-gradient":""},"tablet":{"background-color":"","background-image":"","background-repeat":"repeat","background-position":"center center","background-size":"auto","background-attachment":"scroll","background-type":"","background-media":"","overlay-type":"","overlay-color":"","overlay-opacity":"","overlay-gradient":""},"mobile":{"background-color":"","background-image":"","background-repeat":"repeat","background-position":"center center","background-size":"auto","background-attachment":"scroll","background-type":"","background-media":"","overlay-type":"","overlay-color":"","overlay-opacity":"","overlay-gradient":""}},"ast-content-background-meta":{"desktop":{"background-color":"var(--ast-global-color-5)","background-image":"","background-repeat":"repeat","background-position":"center center","background-size":"auto","background-attachment":"scroll","background-type":"","background-media":"","overlay-type":"","overlay-color":"","overlay-opacity":"","overlay-gradient":""},"tablet":{"background-color":"var(--ast-global-color-5)","background-image":"","background-repeat":"repeat","background-position":"center center","background-size":"auto","background-attachment":"scroll","background-type":"","background-media":"","overlay-type":"","overlay-color":"","overlay-opacity":"","overlay-gradient":""},"mobile":{"background-color":"var(--ast-global-color-5)","background-image":"","background-repeat":"repeat","background-position":"center center","background-size":"auto","background-attachment":"scroll","background-type":"","background-media":"","overlay-type":"","overlay-color":"","overlay-opacity":"","overlay-gradient":""}}},"product_cat":[81],"product_tag":[88,90,135,89,87,84,91,86,85],"yoast_head":"<!-- This site is optimized with the Yoast SEO plugin v24.2 - https:\/\/yoast.com\/wordpress\/plugins\/seo\/ -->\n<title>ZEEN Pure kolag\u00e9n - ZEEN WORLD<\/title>\n<meta name=\"description\" content=\"Franc\u00fazsky pr\u00e9miov\u00fd morsk\u00fd kolag\u00e9n. 100% \u010dist\u00fd morsk\u00fd kolag\u00e9n bez chemick\u00fdch pr\u00edsad. 30 praktick\u00fdch denn\u00fdch d\u00e1vok. 6000mg v dennej d\u00e1vke.\" \/>\n<meta name=\"robots\" content=\"index, follow, max-snippet:-1, max-image-preview:large, max-video-preview:-1\" \/>\n<link rel=\"canonical\" href=\"https:\/\/www.zeenworld.com\/sk\/produkt\/zeen-collagen-pure-2\/\" \/>\n<meta property=\"og:locale\" content=\"sk_SK\" \/>\n<meta property=\"og:type\" content=\"article\" \/>\n<meta property=\"og:title\" content=\"ZEEN Pure kolag\u00e9n - ZEEN WORLD\" \/>\n<meta property=\"og:description\" content=\"Franc\u00fazsky pr\u00e9miov\u00fd morsk\u00fd kolag\u00e9n. 100% \u010dist\u00fd morsk\u00fd kolag\u00e9n bez chemick\u00fdch pr\u00edsad. 30 praktick\u00fdch denn\u00fdch d\u00e1vok. 6000mg v dennej d\u00e1vke.\" \/>\n<meta property=\"og:url\" content=\"https:\/\/www.zeenworld.com\/sk\/produkt\/zeen-collagen-pure-2\/\" \/>\n<meta property=\"og:site_name\" content=\"ZEEN WORLD\" \/>\n<meta property=\"article:modified_time\" content=\"2026-05-01T19:21:10+00:00\" \/>\n<meta property=\"og:image\" content=\"https:\/\/www.zeenworld.com\/sk\/wp-content\/uploads\/2020\/12\/ZeenWorld_Collagen_6000g_front_WEB_x.png\" \/>\n\t<meta property=\"og:image:width\" content=\"1100\" \/>\n\t<meta property=\"og:image:height\" content=\"1100\" \/>\n\t<meta property=\"og:image:type\" content=\"image\/png\" \/>\n<meta name=\"twitter:card\" content=\"summary_large_image\" \/>\n<meta name=\"twitter:label1\" content=\"Predpokladan\u00fd \u010das \u010d\u00edtania\" \/>\n\t<meta name=\"twitter:data1\" content=\"4 min\u00faty\" \/>\n<script type=\"application\/ld+json\" class=\"yoast-schema-graph\">{\"@context\":\"https:\/\/schema.org\",\"@graph\":[{\"@type\":\"WebPage\",\"@id\":\"https:\/\/www.zeenworld.com\/sk\/produkt\/zeen-collagen-pure-2\/\",\"url\":\"https:\/\/www.zeenworld.com\/sk\/produkt\/zeen-collagen-pure-2\/\",\"name\":\"ZEEN Pure kolag\u00e9n - ZEEN WORLD\",\"isPartOf\":{\"@id\":\"https:\/\/www.zeenworld.com\/sk\/#website\"},\"primaryImageOfPage\":{\"@id\":\"https:\/\/www.zeenworld.com\/sk\/produkt\/zeen-collagen-pure-2\/#primaryimage\"},\"image\":{\"@id\":\"https:\/\/www.zeenworld.com\/sk\/produkt\/zeen-collagen-pure-2\/#primaryimage\"},\"thumbnailUrl\":\"https:\/\/www.zeenworld.com\/sk\/wp-content\/uploads\/2020\/12\/ZeenWorld_Collagen_6000g_front_WEB_x.png\",\"datePublished\":\"2020-12-15T22:59:29+00:00\",\"dateModified\":\"2026-05-01T19:21:10+00:00\",\"description\":\"Franc\u00fazsky pr\u00e9miov\u00fd morsk\u00fd kolag\u00e9n. 100% \u010dist\u00fd morsk\u00fd kolag\u00e9n bez chemick\u00fdch pr\u00edsad. 30 praktick\u00fdch denn\u00fdch d\u00e1vok. 6000mg v dennej d\u00e1vke.\",\"breadcrumb\":{\"@id\":\"https:\/\/www.zeenworld.com\/sk\/produkt\/zeen-collagen-pure-2\/#breadcrumb\"},\"inLanguage\":\"sk-SK\",\"potentialAction\":[{\"@type\":\"ReadAction\",\"target\":[\"https:\/\/www.zeenworld.com\/sk\/produkt\/zeen-collagen-pure-2\/\"]}]},{\"@type\":\"ImageObject\",\"inLanguage\":\"sk-SK\",\"@id\":\"https:\/\/www.zeenworld.com\/sk\/produkt\/zeen-collagen-pure-2\/#primaryimage\",\"url\":\"https:\/\/www.zeenworld.com\/sk\/wp-content\/uploads\/2020\/12\/ZeenWorld_Collagen_6000g_front_WEB_x.png\",\"contentUrl\":\"https:\/\/www.zeenworld.com\/sk\/wp-content\/uploads\/2020\/12\/ZeenWorld_Collagen_6000g_front_WEB_x.png\",\"width\":1100,\"height\":1100,\"caption\":\"Zeen Pure Collagen 6000mg\"},{\"@type\":\"BreadcrumbList\",\"@id\":\"https:\/\/www.zeenworld.com\/sk\/produkt\/zeen-collagen-pure-2\/#breadcrumb\",\"itemListElement\":[{\"@type\":\"ListItem\",\"position\":1,\"name\":\"Domovsk\u00e1 str\u00e1nka\",\"item\":\"https:\/\/www.zeenworld.com\/sk\/\"},{\"@type\":\"ListItem\",\"position\":2,\"name\":\"E-shop\",\"item\":\"https:\/\/www.zeenworld.com\/sk\/shop\/\"},{\"@type\":\"ListItem\",\"position\":3,\"name\":\"ZEEN Pure kolag\u00e9n\"}]},{\"@type\":\"WebSite\",\"@id\":\"https:\/\/www.zeenworld.com\/sk\/#website\",\"url\":\"https:\/\/www.zeenworld.com\/sk\/\",\"name\":\"ZEEN WORLD\",\"description\":\"Kr\u00e1sa a zdravie bez kompromisov\",\"publisher\":{\"@id\":\"https:\/\/www.zeenworld.com\/sk\/#organization\"},\"potentialAction\":[{\"@type\":\"SearchAction\",\"target\":{\"@type\":\"EntryPoint\",\"urlTemplate\":\"https:\/\/www.zeenworld.com\/sk\/?s={search_term_string}\"},\"query-input\":{\"@type\":\"PropertyValueSpecification\",\"valueRequired\":true,\"valueName\":\"search_term_string\"}}],\"inLanguage\":\"sk-SK\"},{\"@type\":\"Organization\",\"@id\":\"https:\/\/www.zeenworld.com\/sk\/#organization\",\"name\":\"ZEEN WORLD\",\"url\":\"https:\/\/www.zeenworld.com\/sk\/\",\"logo\":{\"@type\":\"ImageObject\",\"inLanguage\":\"sk-SK\",\"@id\":\"https:\/\/www.zeenworld.com\/sk\/#\/schema\/logo\/image\/\",\"url\":\"https:\/\/www.zeenworld.com\/sk\/wp-content\/uploads\/2020\/11\/zeen-22.png\",\"contentUrl\":\"https:\/\/www.zeenworld.com\/sk\/wp-content\/uploads\/2020\/11\/zeen-22.png\",\"width\":630,\"height\":630,\"caption\":\"ZEEN WORLD\"},\"image\":{\"@id\":\"https:\/\/www.zeenworld.com\/sk\/#\/schema\/logo\/image\/\"}}]}<\/script>\n<!-- \/ Yoast SEO plugin. -->","yoast_head_json":{"title":"ZEEN Pure kolag\u00e9n - ZEEN WORLD","description":"Franc\u00fazsky pr\u00e9miov\u00fd morsk\u00fd kolag\u00e9n. 100% \u010dist\u00fd morsk\u00fd kolag\u00e9n bez chemick\u00fdch pr\u00edsad. 30 praktick\u00fdch denn\u00fdch d\u00e1vok. 6000mg v dennej d\u00e1vke.","robots":{"index":"index","follow":"follow","max-snippet":"max-snippet:-1","max-image-preview":"max-image-preview:large","max-video-preview":"max-video-preview:-1"},"canonical":"https:\/\/www.zeenworld.com\/sk\/produkt\/zeen-collagen-pure-2\/","og_locale":"sk_SK","og_type":"article","og_title":"ZEEN Pure kolag\u00e9n - ZEEN WORLD","og_description":"Franc\u00fazsky pr\u00e9miov\u00fd morsk\u00fd kolag\u00e9n. 100% \u010dist\u00fd morsk\u00fd kolag\u00e9n bez chemick\u00fdch pr\u00edsad. 30 praktick\u00fdch denn\u00fdch d\u00e1vok. 6000mg v dennej d\u00e1vke.","og_url":"https:\/\/www.zeenworld.com\/sk\/produkt\/zeen-collagen-pure-2\/","og_site_name":"ZEEN WORLD","article_modified_time":"2026-05-01T19:21:10+00:00","og_image":[{"width":1100,"height":1100,"url":"https:\/\/www.zeenworld.com\/sk\/wp-content\/uploads\/2020\/12\/ZeenWorld_Collagen_6000g_front_WEB_x.png","type":"image\/png"}],"twitter_card":"summary_large_image","twitter_misc":{"Predpokladan\u00fd \u010das \u010d\u00edtania":"4 min\u00faty"},"schema":{"@context":"https:\/\/schema.org","@graph":[{"@type":"WebPage","@id":"https:\/\/www.zeenworld.com\/sk\/produkt\/zeen-collagen-pure-2\/","url":"https:\/\/www.zeenworld.com\/sk\/produkt\/zeen-collagen-pure-2\/","name":"ZEEN Pure kolag\u00e9n - ZEEN WORLD","isPartOf":{"@id":"https:\/\/www.zeenworld.com\/sk\/#website"},"primaryImageOfPage":{"@id":"https:\/\/www.zeenworld.com\/sk\/produkt\/zeen-collagen-pure-2\/#primaryimage"},"image":{"@id":"https:\/\/www.zeenworld.com\/sk\/produkt\/zeen-collagen-pure-2\/#primaryimage"},"thumbnailUrl":"https:\/\/www.zeenworld.com\/sk\/wp-content\/uploads\/2020\/12\/ZeenWorld_Collagen_6000g_front_WEB_x.png","datePublished":"2020-12-15T22:59:29+00:00","dateModified":"2026-05-01T19:21:10+00:00","description":"Franc\u00fazsky pr\u00e9miov\u00fd morsk\u00fd kolag\u00e9n. 100% \u010dist\u00fd morsk\u00fd kolag\u00e9n bez chemick\u00fdch pr\u00edsad. 30 praktick\u00fdch denn\u00fdch d\u00e1vok. 6000mg v dennej d\u00e1vke.","breadcrumb":{"@id":"https:\/\/www.zeenworld.com\/sk\/produkt\/zeen-collagen-pure-2\/#breadcrumb"},"inLanguage":"sk-SK","potentialAction":[{"@type":"ReadAction","target":["https:\/\/www.zeenworld.com\/sk\/produkt\/zeen-collagen-pure-2\/"]}]},{"@type":"ImageObject","inLanguage":"sk-SK","@id":"https:\/\/www.zeenworld.com\/sk\/produkt\/zeen-collagen-pure-2\/#primaryimage","url":"https:\/\/www.zeenworld.com\/sk\/wp-content\/uploads\/2020\/12\/ZeenWorld_Collagen_6000g_front_WEB_x.png","contentUrl":"https:\/\/www.zeenworld.com\/sk\/wp-content\/uploads\/2020\/12\/ZeenWorld_Collagen_6000g_front_WEB_x.png","width":1100,"height":1100,"caption":"Zeen Pure Collagen 6000mg"},{"@type":"BreadcrumbList","@id":"https:\/\/www.zeenworld.com\/sk\/produkt\/zeen-collagen-pure-2\/#breadcrumb","itemListElement":[{"@type":"ListItem","position":1,"name":"Domovsk\u00e1 str\u00e1nka","item":"https:\/\/www.zeenworld.com\/sk\/"},{"@type":"ListItem","position":2,"name":"E-shop","item":"https:\/\/www.zeenworld.com\/sk\/shop\/"},{"@type":"ListItem","position":3,"name":"ZEEN Pure kolag\u00e9n"}]},{"@type":"WebSite","@id":"https:\/\/www.zeenworld.com\/sk\/#website","url":"https:\/\/www.zeenworld.com\/sk\/","name":"ZEEN WORLD","description":"Kr\u00e1sa a zdravie bez kompromisov","publisher":{"@id":"https:\/\/www.zeenworld.com\/sk\/#organization"},"potentialAction":[{"@type":"SearchAction","target":{"@type":"EntryPoint","urlTemplate":"https:\/\/www.zeenworld.com\/sk\/?s={search_term_string}"},"query-input":{"@type":"PropertyValueSpecification","valueRequired":true,"valueName":"search_term_string"}}],"inLanguage":"sk-SK"},{"@type":"Organization","@id":"https:\/\/www.zeenworld.com\/sk\/#organization","name":"ZEEN WORLD","url":"https:\/\/www.zeenworld.com\/sk\/","logo":{"@type":"ImageObject","inLanguage":"sk-SK","@id":"https:\/\/www.zeenworld.com\/sk\/#\/schema\/logo\/image\/","url":"https:\/\/www.zeenworld.com\/sk\/wp-content\/uploads\/2020\/11\/zeen-22.png","contentUrl":"https:\/\/www.zeenworld.com\/sk\/wp-content\/uploads\/2020\/11\/zeen-22.png","width":630,"height":630,"caption":"ZEEN WORLD"},"image":{"@id":"https:\/\/www.zeenworld.com\/sk\/#\/schema\/logo\/image\/"}}]}},"_links":{"self":[{"href":"https:\/\/www.zeenworld.com\/sk\/wp-json\/wp\/v2\/product\/3175"}],"collection":[{"href":"https:\/\/www.zeenworld.com\/sk\/wp-json\/wp\/v2\/product"}],"about":[{"href":"https:\/\/www.zeenworld.com\/sk\/wp-json\/wp\/v2\/types\/product"}],"wp:featuredmedia":[{"embeddable":true,"href":"https:\/\/www.zeenworld.com\/sk\/wp-json\/wp\/v2\/media\/9552"}],"wp:attachment":[{"href":"https:\/\/www.zeenworld.com\/sk\/wp-json\/wp\/v2\/media?parent=3175"}],"wp:term":[{"taxonomy":"product_cat","embeddable":true,"href":"https:\/\/www.zeenworld.com\/sk\/wp-json\/wp\/v2\/product_cat?post=3175"},{"taxonomy":"product_tag","embeddable":true,"href":"https:\/\/www.zeenworld.com\/sk\/wp-json\/wp\/v2\/product_tag?post=3175"}],"curies":[{"name":"wp","href":"https:\/\/api.w.org\/{rel}","templated":true}]}}