{"id":3190,"date":"2020-12-15T11:18:38","date_gmt":"2020-12-15T10:18:38","guid":{"rendered":"https:\/\/www.zeenworld.com\/novy\/?post_type=product&#038;p=3190"},"modified":"2026-04-20T06:34:41","modified_gmt":"2026-04-20T04:34:41","slug":"kapsuly-detox-60-ks","status":"publish","type":"product","link":"https:\/\/www.zeenworld.com\/sk\/produkt\/kapsuly-detox-60-ks\/","title":{"rendered":"Detox pre pe\u010de\u0148 a cievy, Kapsuly 60 ks"},"content":{"rendered":"<h2>Benefity kaps\u00fal Detox<\/h2>\n<p>Tento jedine\u010dn\u00fd v\u00fdrobok zna\u010dky <strong>ZEEN by Roal<\/strong> pom\u00e1ha <strong>o\u010disti\u0165 organizmus<\/strong> a zbavi\u0165 sa tak <strong>\u0161kodliv\u00fdch l\u00e1tok v tele<\/strong>:<\/p>\n<ul>\n<li>v\u00fd\u017eivov\u00fd doplnok na <strong>detoxik\u00e1ciu organizmu<\/strong><\/li>\n<li><strong>zvy\u0161uje imunitu<\/strong><\/li>\n<li>vhodn\u00e9 <strong>pre domasedov aj akt\u00edvnych \u013eud\u00ed<\/strong><\/li>\n<li>patentovan\u00fd <strong>extrakt z arti\u010dokov<\/strong> pom\u00e1ha <strong>tr\u00e1veniu <\/strong>a <strong>vylu\u010dovaniu toxick\u00fdch l\u00e1tok<\/strong> z tela<\/li>\n<li><strong>neobsahuje glut\u00e9n<\/strong> ani <strong>geneticky modifikovan\u00e9 zlo\u017eky<\/strong><\/li>\n<\/ul>\n<div class=\"grid group\"><img decoding=\"async\" class=\"alignleft\" src=\"https:\/\/www.zeenworld.com\/sk\/wp-content\/uploads\/2020\/12\/vegan-150x150.png\" alt=\"\" width=\"150\" height=\"150\" \/><br \/>\n<img decoding=\"async\" class=\"alignleft\" src=\"https:\/\/www.zeenworld.com\/sk\/wp-content\/uploads\/2020\/12\/non-GMO-150x150.png\" alt=\"\" width=\"150\" height=\"150\" \/><br \/>\n<img decoding=\"async\" class=\"alignleft\" src=\"https:\/\/www.zeenworld.com\/sk\/wp-content\/uploads\/2020\/12\/bez-lepku-150x150.png\" alt=\"\" width=\"150\" height=\"150\" \/><\/div>\n<p><img decoding=\"async\" src=\"https:\/\/www.zeenworld.com\/sk\/wp-content\/uploads\/2020\/12\/detox.png\" alt=\"\" width=\"500\" height=\"500\" \/><\/p>\n","protected":false},"excerpt":{"rendered":"<p>V\u00fd\u017eivov\u00fd doplnok podporuj\u00faci detoxik\u00e1ciu a pre\u010distenie organizmu, \u0161peci\u00e1lne prospe\u0161n\u00fd pre pe\u010de\u0148 a cievny syst\u00e9m. Doplnok obsahuje vysok\u00e9 percento v\u00fd\u0165a\u017ekov z arti\u010doky, balen\u00e9 vo veg\u00e1nskych kapsuliach :<\/p>\n<p>Extrakt z arti\u010dok m\u00e1 tieto prospe\u0161n\u00e9 \u00fa\u010dinky pre v\u00e1\u0161 organizmus<\/p>\n<ul>\n<li>Harmonizuje funkciu tr\u00e1viaceho syst\u00e9mu<\/li>\n<li>U\u013eah\u010duje spracovanie prijatej stravy<\/li>\n<li>Zni\u017euje tvorbu plynov v \u010drev\u00e1ch<\/li>\n<li>Pom\u00e1ha posilni\u0165 organizmus a zlep\u0161uje zn\u00e1\u0161anie alergi\u00ed<\/li>\n<li>Pom\u00e1ha k lep\u0161ej fyzickej odolnosti<\/li>\n<li>Pom\u00e1ha pri v\u00e4\u010d\u0161ej z\u00e1\u0165a\u017ei \u017el\u010dn\u00edka a pe\u010dene ( za\u0165a\u017eovanie liekmi alebo \u0165a\u017ekou stravou )<\/li>\n<li>V\u00fdrobok obsahuje extrakt z arti\u010dokov 150 mg<\/li>\n<li>Vyroben\u00e9 na Slovensku<\/li>\n<\/ul>\n<p><strong>D\u00e1vkovanie:<\/strong> U\u017e\u00edvajte 1 kapsulu denne, zapite dostato\u010dn\u00fdm mno\u017estvom vody.<\/p>\n<p><strong>Akt\u00edvne l\u00e1tky v\u00a0kapsuli:<\/strong><\/p>\n<p>Patentovan\u00fd extrakt z\u00a0arti\u010dokov: 150 mg<\/p>\n","protected":false},"featured_media":9482,"template":"","meta":{"site-sidebar-layout":"default","site-content-layout":"","ast-site-content-layout":"default","site-content-style":"default","site-sidebar-style":"default","ast-global-header-display":"","ast-banner-title-visibility":"","ast-main-header-display":"","ast-hfb-above-header-display":"","ast-hfb-below-header-display":"","ast-hfb-mobile-header-display":"","site-post-title":"","ast-breadcrumbs-content":"","ast-featured-img":"","footer-sml-layout":"","theme-transparent-header-meta":"default","adv-header-id-meta":"","stick-header-meta":"","header-above-stick-meta":"","header-main-stick-meta":"","header-below-stick-meta":"","astra-migrate-meta-layouts":"set","ast-page-background-enabled":"default","ast-page-background-meta":{"desktop":{"background-color":"var(--ast-global-color-4)","background-image":"","background-repeat":"repeat","background-position":"center center","background-size":"auto","background-attachment":"scroll","background-type":"","background-media":"","overlay-type":"","overlay-color":"","overlay-opacity":"","overlay-gradient":""},"tablet":{"background-color":"","background-image":"","background-repeat":"repeat","background-position":"center center","background-size":"auto","background-attachment":"scroll","background-type":"","background-media":"","overlay-type":"","overlay-color":"","overlay-opacity":"","overlay-gradient":""},"mobile":{"background-color":"","background-image":"","background-repeat":"repeat","background-position":"center center","background-size":"auto","background-attachment":"scroll","background-type":"","background-media":"","overlay-type":"","overlay-color":"","overlay-opacity":"","overlay-gradient":""}},"ast-content-background-meta":{"desktop":{"background-color":"var(--ast-global-color-5)","background-image":"","background-repeat":"repeat","background-position":"center center","background-size":"auto","background-attachment":"scroll","background-type":"","background-media":"","overlay-type":"","overlay-color":"","overlay-opacity":"","overlay-gradient":""},"tablet":{"background-color":"var(--ast-global-color-5)","background-image":"","background-repeat":"repeat","background-position":"center center","background-size":"auto","background-attachment":"scroll","background-type":"","background-media":"","overlay-type":"","overlay-color":"","overlay-opacity":"","overlay-gradient":""},"mobile":{"background-color":"var(--ast-global-color-5)","background-image":"","background-repeat":"repeat","background-position":"center center","background-size":"auto","background-attachment":"scroll","background-type":"","background-media":"","overlay-type":"","overlay-color":"","overlay-opacity":"","overlay-gradient":""}}},"product_cat":[83],"product_tag":[93,84,95],"yoast_head":"<!-- This site is optimized with the Yoast SEO plugin v24.2 - https:\/\/yoast.com\/wordpress\/plugins\/seo\/ -->\n<title>Detox pre pe\u010de\u0148 a cievy, Kapsuly 60 ks - ZEEN WORLD<\/title>\n<meta name=\"description\" content=\"Jedine\u010dn\u00fd v\u00fdrobok na o\u010distenie organizmu. Kapsuly Detox zna\u010dky ZEEN by Roal predstavuj\u00fa v\u00fd\u017eivov\u00fd doplnok na detoxik\u00e1ciu organizmu...\" \/>\n<meta name=\"robots\" content=\"index, follow, max-snippet:-1, max-image-preview:large, max-video-preview:-1\" \/>\n<link rel=\"canonical\" href=\"https:\/\/www.zeenworld.com\/sk\/produkt\/kapsuly-detox-60-ks\/\" \/>\n<meta property=\"og:locale\" content=\"sk_SK\" \/>\n<meta property=\"og:type\" content=\"article\" \/>\n<meta property=\"og:title\" content=\"Detox pre pe\u010de\u0148 a cievy, Kapsuly 60 ks - ZEEN WORLD\" \/>\n<meta property=\"og:description\" content=\"Jedine\u010dn\u00fd v\u00fdrobok na o\u010distenie organizmu. Kapsuly Detox zna\u010dky ZEEN by Roal predstavuj\u00fa v\u00fd\u017eivov\u00fd doplnok na detoxik\u00e1ciu organizmu...\" \/>\n<meta property=\"og:url\" content=\"https:\/\/www.zeenworld.com\/sk\/produkt\/kapsuly-detox-60-ks\/\" \/>\n<meta property=\"og:site_name\" content=\"ZEEN WORLD\" \/>\n<meta property=\"article:modified_time\" content=\"2026-04-20T04:34:41+00:00\" \/>\n<meta property=\"og:image\" content=\"https:\/\/www.zeenworld.com\/sk\/wp-content\/uploads\/2021\/03\/Detox_front_x.png\" \/>\n\t<meta property=\"og:image:width\" content=\"1100\" \/>\n\t<meta property=\"og:image:height\" content=\"1100\" \/>\n\t<meta property=\"og:image:type\" content=\"image\/png\" \/>\n<meta name=\"twitter:card\" content=\"summary_large_image\" \/>\n<meta name=\"twitter:label1\" content=\"Predpokladan\u00fd \u010das \u010d\u00edtania\" \/>\n\t<meta name=\"twitter:data1\" content=\"2 min\u00faty\" \/>\n<script type=\"application\/ld+json\" class=\"yoast-schema-graph\">{\"@context\":\"https:\/\/schema.org\",\"@graph\":[{\"@type\":\"WebPage\",\"@id\":\"https:\/\/www.zeenworld.com\/sk\/produkt\/kapsuly-detox-60-ks\/\",\"url\":\"https:\/\/www.zeenworld.com\/sk\/produkt\/kapsuly-detox-60-ks\/\",\"name\":\"Detox pre pe\u010de\u0148 a cievy, Kapsuly 60 ks - ZEEN WORLD\",\"isPartOf\":{\"@id\":\"https:\/\/www.zeenworld.com\/sk\/#website\"},\"primaryImageOfPage\":{\"@id\":\"https:\/\/www.zeenworld.com\/sk\/produkt\/kapsuly-detox-60-ks\/#primaryimage\"},\"image\":{\"@id\":\"https:\/\/www.zeenworld.com\/sk\/produkt\/kapsuly-detox-60-ks\/#primaryimage\"},\"thumbnailUrl\":\"https:\/\/www.zeenworld.com\/sk\/wp-content\/uploads\/2021\/03\/Detox_front_x.png\",\"datePublished\":\"2020-12-15T10:18:38+00:00\",\"dateModified\":\"2026-04-20T04:34:41+00:00\",\"description\":\"Jedine\u010dn\u00fd v\u00fdrobok na o\u010distenie organizmu. Kapsuly Detox zna\u010dky ZEEN by Roal predstavuj\u00fa v\u00fd\u017eivov\u00fd doplnok na detoxik\u00e1ciu organizmu...\",\"breadcrumb\":{\"@id\":\"https:\/\/www.zeenworld.com\/sk\/produkt\/kapsuly-detox-60-ks\/#breadcrumb\"},\"inLanguage\":\"sk-SK\",\"potentialAction\":[{\"@type\":\"ReadAction\",\"target\":[\"https:\/\/www.zeenworld.com\/sk\/produkt\/kapsuly-detox-60-ks\/\"]}]},{\"@type\":\"ImageObject\",\"inLanguage\":\"sk-SK\",\"@id\":\"https:\/\/www.zeenworld.com\/sk\/produkt\/kapsuly-detox-60-ks\/#primaryimage\",\"url\":\"https:\/\/www.zeenworld.com\/sk\/wp-content\/uploads\/2021\/03\/Detox_front_x.png\",\"contentUrl\":\"https:\/\/www.zeenworld.com\/sk\/wp-content\/uploads\/2021\/03\/Detox_front_x.png\",\"width\":1100,\"height\":1100},{\"@type\":\"BreadcrumbList\",\"@id\":\"https:\/\/www.zeenworld.com\/sk\/produkt\/kapsuly-detox-60-ks\/#breadcrumb\",\"itemListElement\":[{\"@type\":\"ListItem\",\"position\":1,\"name\":\"Domovsk\u00e1 str\u00e1nka\",\"item\":\"https:\/\/www.zeenworld.com\/sk\/\"},{\"@type\":\"ListItem\",\"position\":2,\"name\":\"E-shop\",\"item\":\"https:\/\/www.zeenworld.com\/sk\/shop\/\"},{\"@type\":\"ListItem\",\"position\":3,\"name\":\"Detox pre pe\u010de\u0148 a cievy, Kapsuly 60 ks\"}]},{\"@type\":\"WebSite\",\"@id\":\"https:\/\/www.zeenworld.com\/sk\/#website\",\"url\":\"https:\/\/www.zeenworld.com\/sk\/\",\"name\":\"ZEEN WORLD\",\"description\":\"Kr\u00e1sa a zdravie bez kompromisov\",\"publisher\":{\"@id\":\"https:\/\/www.zeenworld.com\/sk\/#organization\"},\"potentialAction\":[{\"@type\":\"SearchAction\",\"target\":{\"@type\":\"EntryPoint\",\"urlTemplate\":\"https:\/\/www.zeenworld.com\/sk\/?s={search_term_string}\"},\"query-input\":{\"@type\":\"PropertyValueSpecification\",\"valueRequired\":true,\"valueName\":\"search_term_string\"}}],\"inLanguage\":\"sk-SK\"},{\"@type\":\"Organization\",\"@id\":\"https:\/\/www.zeenworld.com\/sk\/#organization\",\"name\":\"ZEEN WORLD\",\"url\":\"https:\/\/www.zeenworld.com\/sk\/\",\"logo\":{\"@type\":\"ImageObject\",\"inLanguage\":\"sk-SK\",\"@id\":\"https:\/\/www.zeenworld.com\/sk\/#\/schema\/logo\/image\/\",\"url\":\"https:\/\/www.zeenworld.com\/sk\/wp-content\/uploads\/2020\/11\/zeen-22.png\",\"contentUrl\":\"https:\/\/www.zeenworld.com\/sk\/wp-content\/uploads\/2020\/11\/zeen-22.png\",\"width\":630,\"height\":630,\"caption\":\"ZEEN WORLD\"},\"image\":{\"@id\":\"https:\/\/www.zeenworld.com\/sk\/#\/schema\/logo\/image\/\"}}]}<\/script>\n<!-- \/ Yoast SEO plugin. -->","yoast_head_json":{"title":"Detox pre pe\u010de\u0148 a cievy, Kapsuly 60 ks - ZEEN WORLD","description":"Jedine\u010dn\u00fd v\u00fdrobok na o\u010distenie organizmu. Kapsuly Detox zna\u010dky ZEEN by Roal predstavuj\u00fa v\u00fd\u017eivov\u00fd doplnok na detoxik\u00e1ciu organizmu...","robots":{"index":"index","follow":"follow","max-snippet":"max-snippet:-1","max-image-preview":"max-image-preview:large","max-video-preview":"max-video-preview:-1"},"canonical":"https:\/\/www.zeenworld.com\/sk\/produkt\/kapsuly-detox-60-ks\/","og_locale":"sk_SK","og_type":"article","og_title":"Detox pre pe\u010de\u0148 a cievy, Kapsuly 60 ks - ZEEN WORLD","og_description":"Jedine\u010dn\u00fd v\u00fdrobok na o\u010distenie organizmu. Kapsuly Detox zna\u010dky ZEEN by Roal predstavuj\u00fa v\u00fd\u017eivov\u00fd doplnok na detoxik\u00e1ciu organizmu...","og_url":"https:\/\/www.zeenworld.com\/sk\/produkt\/kapsuly-detox-60-ks\/","og_site_name":"ZEEN WORLD","article_modified_time":"2026-04-20T04:34:41+00:00","og_image":[{"width":1100,"height":1100,"url":"https:\/\/www.zeenworld.com\/sk\/wp-content\/uploads\/2021\/03\/Detox_front_x.png","type":"image\/png"}],"twitter_card":"summary_large_image","twitter_misc":{"Predpokladan\u00fd \u010das \u010d\u00edtania":"2 min\u00faty"},"schema":{"@context":"https:\/\/schema.org","@graph":[{"@type":"WebPage","@id":"https:\/\/www.zeenworld.com\/sk\/produkt\/kapsuly-detox-60-ks\/","url":"https:\/\/www.zeenworld.com\/sk\/produkt\/kapsuly-detox-60-ks\/","name":"Detox pre pe\u010de\u0148 a cievy, Kapsuly 60 ks - ZEEN WORLD","isPartOf":{"@id":"https:\/\/www.zeenworld.com\/sk\/#website"},"primaryImageOfPage":{"@id":"https:\/\/www.zeenworld.com\/sk\/produkt\/kapsuly-detox-60-ks\/#primaryimage"},"image":{"@id":"https:\/\/www.zeenworld.com\/sk\/produkt\/kapsuly-detox-60-ks\/#primaryimage"},"thumbnailUrl":"https:\/\/www.zeenworld.com\/sk\/wp-content\/uploads\/2021\/03\/Detox_front_x.png","datePublished":"2020-12-15T10:18:38+00:00","dateModified":"2026-04-20T04:34:41+00:00","description":"Jedine\u010dn\u00fd v\u00fdrobok na o\u010distenie organizmu. Kapsuly Detox zna\u010dky ZEEN by Roal predstavuj\u00fa v\u00fd\u017eivov\u00fd doplnok na detoxik\u00e1ciu organizmu...","breadcrumb":{"@id":"https:\/\/www.zeenworld.com\/sk\/produkt\/kapsuly-detox-60-ks\/#breadcrumb"},"inLanguage":"sk-SK","potentialAction":[{"@type":"ReadAction","target":["https:\/\/www.zeenworld.com\/sk\/produkt\/kapsuly-detox-60-ks\/"]}]},{"@type":"ImageObject","inLanguage":"sk-SK","@id":"https:\/\/www.zeenworld.com\/sk\/produkt\/kapsuly-detox-60-ks\/#primaryimage","url":"https:\/\/www.zeenworld.com\/sk\/wp-content\/uploads\/2021\/03\/Detox_front_x.png","contentUrl":"https:\/\/www.zeenworld.com\/sk\/wp-content\/uploads\/2021\/03\/Detox_front_x.png","width":1100,"height":1100},{"@type":"BreadcrumbList","@id":"https:\/\/www.zeenworld.com\/sk\/produkt\/kapsuly-detox-60-ks\/#breadcrumb","itemListElement":[{"@type":"ListItem","position":1,"name":"Domovsk\u00e1 str\u00e1nka","item":"https:\/\/www.zeenworld.com\/sk\/"},{"@type":"ListItem","position":2,"name":"E-shop","item":"https:\/\/www.zeenworld.com\/sk\/shop\/"},{"@type":"ListItem","position":3,"name":"Detox pre pe\u010de\u0148 a cievy, Kapsuly 60 ks"}]},{"@type":"WebSite","@id":"https:\/\/www.zeenworld.com\/sk\/#website","url":"https:\/\/www.zeenworld.com\/sk\/","name":"ZEEN WORLD","description":"Kr\u00e1sa a zdravie bez kompromisov","publisher":{"@id":"https:\/\/www.zeenworld.com\/sk\/#organization"},"potentialAction":[{"@type":"SearchAction","target":{"@type":"EntryPoint","urlTemplate":"https:\/\/www.zeenworld.com\/sk\/?s={search_term_string}"},"query-input":{"@type":"PropertyValueSpecification","valueRequired":true,"valueName":"search_term_string"}}],"inLanguage":"sk-SK"},{"@type":"Organization","@id":"https:\/\/www.zeenworld.com\/sk\/#organization","name":"ZEEN WORLD","url":"https:\/\/www.zeenworld.com\/sk\/","logo":{"@type":"ImageObject","inLanguage":"sk-SK","@id":"https:\/\/www.zeenworld.com\/sk\/#\/schema\/logo\/image\/","url":"https:\/\/www.zeenworld.com\/sk\/wp-content\/uploads\/2020\/11\/zeen-22.png","contentUrl":"https:\/\/www.zeenworld.com\/sk\/wp-content\/uploads\/2020\/11\/zeen-22.png","width":630,"height":630,"caption":"ZEEN WORLD"},"image":{"@id":"https:\/\/www.zeenworld.com\/sk\/#\/schema\/logo\/image\/"}}]}},"_links":{"self":[{"href":"https:\/\/www.zeenworld.com\/sk\/wp-json\/wp\/v2\/product\/3190"}],"collection":[{"href":"https:\/\/www.zeenworld.com\/sk\/wp-json\/wp\/v2\/product"}],"about":[{"href":"https:\/\/www.zeenworld.com\/sk\/wp-json\/wp\/v2\/types\/product"}],"wp:featuredmedia":[{"embeddable":true,"href":"https:\/\/www.zeenworld.com\/sk\/wp-json\/wp\/v2\/media\/9482"}],"wp:attachment":[{"href":"https:\/\/www.zeenworld.com\/sk\/wp-json\/wp\/v2\/media?parent=3190"}],"wp:term":[{"taxonomy":"product_cat","embeddable":true,"href":"https:\/\/www.zeenworld.com\/sk\/wp-json\/wp\/v2\/product_cat?post=3190"},{"taxonomy":"product_tag","embeddable":true,"href":"https:\/\/www.zeenworld.com\/sk\/wp-json\/wp\/v2\/product_tag?post=3190"}],"curies":[{"name":"wp","href":"https:\/\/api.w.org\/{rel}","templated":true}]}}