{"id":3191,"date":"2020-12-15T11:18:49","date_gmt":"2020-12-15T10:18:49","guid":{"rendered":"https:\/\/www.zeenworld.com\/novy\/?post_type=product&#038;p=3191"},"modified":"2026-03-06T10:11:42","modified_gmt":"2026-03-06T09:11:42","slug":"kapsuly-kyselina-hyaluronova-60-ks","status":"publish","type":"product","link":"https:\/\/www.zeenworld.com\/sk\/produkt\/kapsuly-kyselina-hyaluronova-60-ks\/","title":{"rendered":"Kyselina hyalur\u00f3nov\u00e1, Kapsuly 60 ks"},"content":{"rendered":"<h2>Benefity kaps\u00fal Kyselina hyalur\u00f3nov\u00e1<\/h2>\n<p>V\u00fd\u017eivov\u00fd doplnok obsahuje jedine\u010dn\u00fa zlo\u017eku Boswellia.<\/p>\n<p>Boswellia je vz\u00e1cny strom obsahuj\u00faci l\u00e1tky, ktor\u00e9 podporuj\u00fa pohybov\u00fd syst\u00e9m a zlep\u0161uj\u00fa \u010dinnos\u0165 k\u013abov. Kadidlovn\u00edk (Boswellia serrata ) rastie hlavne v tepl\u00fdch a such\u00fdch, hornat\u00fdch oblastiach na severe Afriky, na Madagaskare a tie\u017e v Indii, Pakistane a v Malajzii. Najkvalitnej\u0161ia \u017eivica sa z\u00edskava zo stromov rast\u00facich v suchej a kamenistej p\u00f4de.<\/p>\n<ul>\n<li>pom\u00e1ha pri artrit\u00edde<\/li>\n<li>zr\u00fdch\u013euje hojenie r\u00e1n<\/li>\n<li>posil\u0148uje imunitn\u00fd syst\u00e9m a\u00a0pom\u00e1ha predch\u00e1dza\u0165 autoimunitn\u00fdm ochoreniam<\/li>\n<li>upokojuje boles\u0165 hlavy<\/li>\n<li>pom\u00e1ha zni\u017eova\u0165 \u00fazkos\u0165 a\u00a0hladinu chronick\u00fdch stresov\u00fdch horm\u00f3nov<\/li>\n<li>Boswellia pom\u00e1ha \u0161portovcom intenz\u00edvnej\u0161ie cvi\u010di\u0165, zlep\u0161uje metabolizmus svalov\u00e9ho tkaniva<\/li>\n<li>prispieva k\u00a0hormon\u00e1lnej rovnov\u00e1he a tak aj ku kraj\u0161ej poko\u017eke<\/li>\n<\/ul>\n<h3><strong>Kyselina hyalur\u00f3nov\u00e1:<\/strong><\/h3>\n<ol>\n<li><strong>H\u013abkov\u00e1 hydrat\u00e1cia poko\u017eky<\/strong>\n<ul>\n<li>Via\u017ee vodu (a\u017e 1000-n\u00e1sobok svojej hmotnosti) a vytv\u00e1ra z\u00e1soby vlhkosti, \u010d\u00edm udr\u017euje ple\u0165 jemn\u00fa a svie\u017eu.<\/li>\n<\/ul>\n<\/li>\n<li><strong>Redukcia vr\u00e1sok a starnutia<\/strong>\n<ul>\n<li>Vyhladzuje jemn\u00e9 vr\u00e1sky a podporuje mladistv\u00fd vzh\u013ead poko\u017eky.<\/li>\n<\/ul>\n<\/li>\n<li><strong>Zlep\u0161enie elasticity pleti<\/strong>\n<ul>\n<li>Poko\u017eka sa st\u00e1va pru\u017enej\u0161ou, pevnej\u0161ou a odolnej\u0161ou vo\u010di vonkaj\u0161\u00edm vplyvom.<\/li>\n<\/ul>\n<\/li>\n<li><strong>Regener\u00e1cia a ochrana pleti<\/strong>\n<ul>\n<li>Podporuje obnovu ko\u017en\u00fdch buniek, zlep\u0161uje hojenie a chr\u00e1ni pred stratou vlhkosti.<\/li>\n<\/ul>\n<\/li>\n<li><strong>Hydrat\u00e1cia cel\u00e9ho tela<\/strong>\n<ul>\n<li>Udr\u017eiava hydrat\u00e1ciu nielen poko\u017eky, ale aj o\u010d\u00ed, vlasov a k\u013abov.<\/li>\n<\/ul>\n<\/li>\n<li><strong>Podpora zdrav\u00fdch k\u013abov<\/strong>\n<ul>\n<li>Funguje ako lubrikant v k\u013aboch, zni\u017euje trenie a pom\u00e1ha pri bolesti sp\u00f4sobenej artrit\u00eddou.<\/li>\n<\/ul>\n<\/li>\n<li><strong>Ochrana pred UV \u017eiaren\u00edm a zne\u010disten\u00edm<\/strong>\n<ul>\n<li>Minimalizuje po\u0161kodenie sp\u00f4soben\u00e9 vonkaj\u0161\u00edmi faktormi, ako je smog alebo slne\u010dn\u00e9 \u017eiarenie.<\/li>\n<\/ul>\n<\/li>\n<\/ol>\n<p><img decoding=\"async\" src=\"https:\/\/www.zeenworld.com\/sk\/wp-content\/uploads\/2020\/12\/vegan-150x150.png\" alt=\"\" width=\"150\" height=\"150\" \/><img decoding=\"async\" src=\"https:\/\/www.zeenworld.com\/sk\/wp-content\/uploads\/2020\/12\/non-GMO-150x150.png\" alt=\"\" width=\"150\" height=\"150\" \/><img decoding=\"async\" src=\"https:\/\/www.zeenworld.com\/sk\/wp-content\/uploads\/2020\/12\/bez-lepku-150x150.png\" alt=\"\" width=\"150\" height=\"150\" \/><br \/>\n<img decoding=\"async\" src=\"https:\/\/www.zeenworld.com\/sk\/wp-content\/uploads\/2020\/12\/kyselina-hyaluronova.png\" alt=\"\" width=\"500\" height=\"500\" \/><\/p>\n","protected":false},"excerpt":{"rendered":"<h3><strong>Hydrat\u00e1cia a mladistv\u00e1 ple\u0165 s kyselinou hyalur\u00f3novou a Boswelliou<\/strong><\/h3>\n<p>Objavte jedine\u010dn\u00fd <strong>v\u00fd\u017eivov\u00fd doplnok<\/strong> navrhnut\u00fd pre pevnos\u0165, pru\u017enos\u0165 a mlad\u0161\u00ed vzh\u013ead va\u0161ej poko\u017eky! Tento pr\u00e9miov\u00fd produkt obsahuje <strong>kyselinu hyalur\u00f3nov\u00fa<\/strong> pre dokonal\u00fa hydrat\u00e1ciu zvn\u00fatra a <strong>Boswelliu serrata<\/strong>, ktor\u00e1 p\u00f4sob\u00ed protiz\u00e1palovo a podporuje regener\u00e1ciu poko\u017eky:<\/p>\n<ul>\n<li><strong>H\u013abkov\u00e1 hydrat\u00e1cia<\/strong> \u2013 kyselina hyalur\u00f3nov\u00e1 via\u017ee molekuly vody, vytv\u00e1ra z\u00e1soby vlhkosti a udr\u017euje ple\u0165 svie\u017eu.<\/li>\n<li><strong>Pevnej\u0161ia a pru\u017enej\u0161ia poko\u017eka<\/strong> \u2013 redukuje vr\u00e1sky, zlep\u0161uje elasticitu a nap\u00edna kont\u00fary tv\u00e1re.<\/li>\n<li><strong>Regener\u00e1cia a ochrana pleti<\/strong> \u2013 Boswellia pom\u00e1ha regenerova\u0165 ko\u017en\u00e9 bunky a upokojuje z\u00e1paly.<\/li>\n<li><strong>Veg\u00e1nske kapsuly<\/strong> \u2013 \u0161etrn\u00e9 k telu aj pr\u00edrode, bez \u017eivo\u010d\u00ed\u0161nych zlo\u017eiek.<\/li>\n<\/ul>\n<h3><strong>Pre\u010do si vybra\u0165 tento doplnok?<\/strong><\/h3>\n<ul>\n<li>Podporuje mladistv\u00fd vzh\u013ead a boj proti starnutiu pleti.<\/li>\n<li>Udr\u017eiava poko\u017eku hydratovan\u00fa a pru\u017en\u00fa po cel\u00fd de\u0148.<\/li>\n<li>Vhodn\u00fd na ka\u017edodenn\u00e9 pou\u017eitie pre \u017eeny aj mu\u017eov.<\/li>\n<li><strong>Vyroben\u00e9 na Slovensku<\/strong> \u2013 kvalita na dosah ruky.<\/li>\n<\/ul>\n<h3><strong>Balenie:<\/strong><\/h3>\n<p>60 veg\u00e1nskych kaps\u00fal \u2013 jednoduch\u00e9 u\u017e\u00edvanie, pohodln\u00e9 na cesty.<\/p>\n<p>Zlep\u0161ite zdravie svojej poko\u017eky zvn\u00fatra a vr\u00e1\u0165te jej mladistv\u00fa \u017eiaru. <strong>Objednajte si u\u017e dnes a doprajte si dokonal\u00fa starostlivos\u0165 o ple\u0165!<\/strong><\/p>\n","protected":false},"featured_media":9488,"template":"","meta":{"site-sidebar-layout":"default","site-content-layout":"","ast-site-content-layout":"default","site-content-style":"default","site-sidebar-style":"default","ast-global-header-display":"","ast-banner-title-visibility":"","ast-main-header-display":"","ast-hfb-above-header-display":"","ast-hfb-below-header-display":"","ast-hfb-mobile-header-display":"","site-post-title":"","ast-breadcrumbs-content":"","ast-featured-img":"","footer-sml-layout":"","theme-transparent-header-meta":"default","adv-header-id-meta":"","stick-header-meta":"","header-above-stick-meta":"","header-main-stick-meta":"","header-below-stick-meta":"","astra-migrate-meta-layouts":"set","ast-page-background-enabled":"default","ast-page-background-meta":{"desktop":{"background-color":"var(--ast-global-color-4)","background-image":"","background-repeat":"repeat","background-position":"center center","background-size":"auto","background-attachment":"scroll","background-type":"","background-media":"","overlay-type":"","overlay-color":"","overlay-opacity":"","overlay-gradient":""},"tablet":{"background-color":"","background-image":"","background-repeat":"repeat","background-position":"center center","background-size":"auto","background-attachment":"scroll","background-type":"","background-media":"","overlay-type":"","overlay-color":"","overlay-opacity":"","overlay-gradient":""},"mobile":{"background-color":"","background-image":"","background-repeat":"repeat","background-position":"center center","background-size":"auto","background-attachment":"scroll","background-type":"","background-media":"","overlay-type":"","overlay-color":"","overlay-opacity":"","overlay-gradient":""}},"ast-content-background-meta":{"desktop":{"background-color":"var(--ast-global-color-5)","background-image":"","background-repeat":"repeat","background-position":"center center","background-size":"auto","background-attachment":"scroll","background-type":"","background-media":"","overlay-type":"","overlay-color":"","overlay-opacity":"","overlay-gradient":""},"tablet":{"background-color":"var(--ast-global-color-5)","background-image":"","background-repeat":"repeat","background-position":"center center","background-size":"auto","background-attachment":"scroll","background-type":"","background-media":"","overlay-type":"","overlay-color":"","overlay-opacity":"","overlay-gradient":""},"mobile":{"background-color":"var(--ast-global-color-5)","background-image":"","background-repeat":"repeat","background-position":"center center","background-size":"auto","background-attachment":"scroll","background-type":"","background-media":"","overlay-type":"","overlay-color":"","overlay-opacity":"","overlay-gradient":""}}},"product_cat":[83],"product_tag":[93,84,95],"yoast_head":"<!-- This site is optimized with the Yoast SEO plugin v24.2 - https:\/\/yoast.com\/wordpress\/plugins\/seo\/ -->\n<title>Kyselina hyalur\u00f3nov\u00e1, Kapsuly 60 ks - ZEEN WORLD<\/title>\n<meta name=\"description\" content=\"Jedine\u010dn\u00fd v\u00fdrobok na podporu kr\u00e1snej pleti! Kapsuly Kyselina hyalur\u00f3nov\u00e1 zna\u010dky ZEEN by Roal predstavuj\u00fa doplnok pre kr\u00e1snu a pevn\u00fa ple\u0165.\" \/>\n<meta name=\"robots\" content=\"index, follow, max-snippet:-1, max-image-preview:large, max-video-preview:-1\" \/>\n<link rel=\"canonical\" href=\"https:\/\/www.zeenworld.com\/sk\/produkt\/kapsuly-kyselina-hyaluronova-60-ks\/\" \/>\n<meta property=\"og:locale\" content=\"sk_SK\" \/>\n<meta property=\"og:type\" content=\"article\" \/>\n<meta property=\"og:title\" content=\"Kyselina hyalur\u00f3nov\u00e1, Kapsuly 60 ks - ZEEN WORLD\" \/>\n<meta property=\"og:description\" content=\"Jedine\u010dn\u00fd v\u00fdrobok na podporu kr\u00e1snej pleti! Kapsuly Kyselina hyalur\u00f3nov\u00e1 zna\u010dky ZEEN by Roal predstavuj\u00fa doplnok pre kr\u00e1snu a pevn\u00fa ple\u0165.\" \/>\n<meta property=\"og:url\" content=\"https:\/\/www.zeenworld.com\/sk\/produkt\/kapsuly-kyselina-hyaluronova-60-ks\/\" \/>\n<meta property=\"og:site_name\" content=\"ZEEN WORLD\" \/>\n<meta property=\"article:modified_time\" content=\"2026-03-06T09:11:42+00:00\" \/>\n<meta property=\"og:image\" content=\"https:\/\/www.zeenworld.com\/sk\/wp-content\/uploads\/2021\/03\/Kyselina_hyaluronova_front_x.png\" \/>\n\t<meta property=\"og:image:width\" content=\"1100\" \/>\n\t<meta property=\"og:image:height\" content=\"1100\" \/>\n\t<meta property=\"og:image:type\" content=\"image\/png\" \/>\n<meta name=\"twitter:card\" content=\"summary_large_image\" \/>\n<meta name=\"twitter:label1\" content=\"Predpokladan\u00fd \u010das \u010d\u00edtania\" \/>\n\t<meta name=\"twitter:data1\" content=\"3 min\u00faty\" \/>\n<script type=\"application\/ld+json\" class=\"yoast-schema-graph\">{\"@context\":\"https:\/\/schema.org\",\"@graph\":[{\"@type\":\"WebPage\",\"@id\":\"https:\/\/www.zeenworld.com\/sk\/produkt\/kapsuly-kyselina-hyaluronova-60-ks\/\",\"url\":\"https:\/\/www.zeenworld.com\/sk\/produkt\/kapsuly-kyselina-hyaluronova-60-ks\/\",\"name\":\"Kyselina hyalur\u00f3nov\u00e1, Kapsuly 60 ks - ZEEN WORLD\",\"isPartOf\":{\"@id\":\"https:\/\/www.zeenworld.com\/sk\/#website\"},\"primaryImageOfPage\":{\"@id\":\"https:\/\/www.zeenworld.com\/sk\/produkt\/kapsuly-kyselina-hyaluronova-60-ks\/#primaryimage\"},\"image\":{\"@id\":\"https:\/\/www.zeenworld.com\/sk\/produkt\/kapsuly-kyselina-hyaluronova-60-ks\/#primaryimage\"},\"thumbnailUrl\":\"https:\/\/www.zeenworld.com\/sk\/wp-content\/uploads\/2021\/03\/Kyselina_hyaluronova_front_x.png\",\"datePublished\":\"2020-12-15T10:18:49+00:00\",\"dateModified\":\"2026-03-06T09:11:42+00:00\",\"description\":\"Jedine\u010dn\u00fd v\u00fdrobok na podporu kr\u00e1snej pleti! Kapsuly Kyselina hyalur\u00f3nov\u00e1 zna\u010dky ZEEN by Roal predstavuj\u00fa doplnok pre kr\u00e1snu a pevn\u00fa ple\u0165.\",\"breadcrumb\":{\"@id\":\"https:\/\/www.zeenworld.com\/sk\/produkt\/kapsuly-kyselina-hyaluronova-60-ks\/#breadcrumb\"},\"inLanguage\":\"sk-SK\",\"potentialAction\":[{\"@type\":\"ReadAction\",\"target\":[\"https:\/\/www.zeenworld.com\/sk\/produkt\/kapsuly-kyselina-hyaluronova-60-ks\/\"]}]},{\"@type\":\"ImageObject\",\"inLanguage\":\"sk-SK\",\"@id\":\"https:\/\/www.zeenworld.com\/sk\/produkt\/kapsuly-kyselina-hyaluronova-60-ks\/#primaryimage\",\"url\":\"https:\/\/www.zeenworld.com\/sk\/wp-content\/uploads\/2021\/03\/Kyselina_hyaluronova_front_x.png\",\"contentUrl\":\"https:\/\/www.zeenworld.com\/sk\/wp-content\/uploads\/2021\/03\/Kyselina_hyaluronova_front_x.png\",\"width\":1100,\"height\":1100},{\"@type\":\"BreadcrumbList\",\"@id\":\"https:\/\/www.zeenworld.com\/sk\/produkt\/kapsuly-kyselina-hyaluronova-60-ks\/#breadcrumb\",\"itemListElement\":[{\"@type\":\"ListItem\",\"position\":1,\"name\":\"Domovsk\u00e1 str\u00e1nka\",\"item\":\"https:\/\/www.zeenworld.com\/sk\/\"},{\"@type\":\"ListItem\",\"position\":2,\"name\":\"E-shop\",\"item\":\"https:\/\/www.zeenworld.com\/sk\/shop\/\"},{\"@type\":\"ListItem\",\"position\":3,\"name\":\"Kyselina hyalur\u00f3nov\u00e1, Kapsuly 60 ks\"}]},{\"@type\":\"WebSite\",\"@id\":\"https:\/\/www.zeenworld.com\/sk\/#website\",\"url\":\"https:\/\/www.zeenworld.com\/sk\/\",\"name\":\"ZEEN WORLD\",\"description\":\"Kr\u00e1sa a zdravie bez kompromisov\",\"publisher\":{\"@id\":\"https:\/\/www.zeenworld.com\/sk\/#organization\"},\"potentialAction\":[{\"@type\":\"SearchAction\",\"target\":{\"@type\":\"EntryPoint\",\"urlTemplate\":\"https:\/\/www.zeenworld.com\/sk\/?s={search_term_string}\"},\"query-input\":{\"@type\":\"PropertyValueSpecification\",\"valueRequired\":true,\"valueName\":\"search_term_string\"}}],\"inLanguage\":\"sk-SK\"},{\"@type\":\"Organization\",\"@id\":\"https:\/\/www.zeenworld.com\/sk\/#organization\",\"name\":\"ZEEN WORLD\",\"url\":\"https:\/\/www.zeenworld.com\/sk\/\",\"logo\":{\"@type\":\"ImageObject\",\"inLanguage\":\"sk-SK\",\"@id\":\"https:\/\/www.zeenworld.com\/sk\/#\/schema\/logo\/image\/\",\"url\":\"https:\/\/www.zeenworld.com\/sk\/wp-content\/uploads\/2020\/11\/zeen-22.png\",\"contentUrl\":\"https:\/\/www.zeenworld.com\/sk\/wp-content\/uploads\/2020\/11\/zeen-22.png\",\"width\":630,\"height\":630,\"caption\":\"ZEEN WORLD\"},\"image\":{\"@id\":\"https:\/\/www.zeenworld.com\/sk\/#\/schema\/logo\/image\/\"}}]}<\/script>\n<!-- \/ Yoast SEO plugin. -->","yoast_head_json":{"title":"Kyselina hyalur\u00f3nov\u00e1, Kapsuly 60 ks - ZEEN WORLD","description":"Jedine\u010dn\u00fd v\u00fdrobok na podporu kr\u00e1snej pleti! Kapsuly Kyselina hyalur\u00f3nov\u00e1 zna\u010dky ZEEN by Roal predstavuj\u00fa doplnok pre kr\u00e1snu a pevn\u00fa ple\u0165.","robots":{"index":"index","follow":"follow","max-snippet":"max-snippet:-1","max-image-preview":"max-image-preview:large","max-video-preview":"max-video-preview:-1"},"canonical":"https:\/\/www.zeenworld.com\/sk\/produkt\/kapsuly-kyselina-hyaluronova-60-ks\/","og_locale":"sk_SK","og_type":"article","og_title":"Kyselina hyalur\u00f3nov\u00e1, Kapsuly 60 ks - ZEEN WORLD","og_description":"Jedine\u010dn\u00fd v\u00fdrobok na podporu kr\u00e1snej pleti! Kapsuly Kyselina hyalur\u00f3nov\u00e1 zna\u010dky ZEEN by Roal predstavuj\u00fa doplnok pre kr\u00e1snu a pevn\u00fa ple\u0165.","og_url":"https:\/\/www.zeenworld.com\/sk\/produkt\/kapsuly-kyselina-hyaluronova-60-ks\/","og_site_name":"ZEEN WORLD","article_modified_time":"2026-03-06T09:11:42+00:00","og_image":[{"width":1100,"height":1100,"url":"https:\/\/www.zeenworld.com\/sk\/wp-content\/uploads\/2021\/03\/Kyselina_hyaluronova_front_x.png","type":"image\/png"}],"twitter_card":"summary_large_image","twitter_misc":{"Predpokladan\u00fd \u010das \u010d\u00edtania":"3 min\u00faty"},"schema":{"@context":"https:\/\/schema.org","@graph":[{"@type":"WebPage","@id":"https:\/\/www.zeenworld.com\/sk\/produkt\/kapsuly-kyselina-hyaluronova-60-ks\/","url":"https:\/\/www.zeenworld.com\/sk\/produkt\/kapsuly-kyselina-hyaluronova-60-ks\/","name":"Kyselina hyalur\u00f3nov\u00e1, Kapsuly 60 ks - ZEEN WORLD","isPartOf":{"@id":"https:\/\/www.zeenworld.com\/sk\/#website"},"primaryImageOfPage":{"@id":"https:\/\/www.zeenworld.com\/sk\/produkt\/kapsuly-kyselina-hyaluronova-60-ks\/#primaryimage"},"image":{"@id":"https:\/\/www.zeenworld.com\/sk\/produkt\/kapsuly-kyselina-hyaluronova-60-ks\/#primaryimage"},"thumbnailUrl":"https:\/\/www.zeenworld.com\/sk\/wp-content\/uploads\/2021\/03\/Kyselina_hyaluronova_front_x.png","datePublished":"2020-12-15T10:18:49+00:00","dateModified":"2026-03-06T09:11:42+00:00","description":"Jedine\u010dn\u00fd v\u00fdrobok na podporu kr\u00e1snej pleti! Kapsuly Kyselina hyalur\u00f3nov\u00e1 zna\u010dky ZEEN by Roal predstavuj\u00fa doplnok pre kr\u00e1snu a pevn\u00fa ple\u0165.","breadcrumb":{"@id":"https:\/\/www.zeenworld.com\/sk\/produkt\/kapsuly-kyselina-hyaluronova-60-ks\/#breadcrumb"},"inLanguage":"sk-SK","potentialAction":[{"@type":"ReadAction","target":["https:\/\/www.zeenworld.com\/sk\/produkt\/kapsuly-kyselina-hyaluronova-60-ks\/"]}]},{"@type":"ImageObject","inLanguage":"sk-SK","@id":"https:\/\/www.zeenworld.com\/sk\/produkt\/kapsuly-kyselina-hyaluronova-60-ks\/#primaryimage","url":"https:\/\/www.zeenworld.com\/sk\/wp-content\/uploads\/2021\/03\/Kyselina_hyaluronova_front_x.png","contentUrl":"https:\/\/www.zeenworld.com\/sk\/wp-content\/uploads\/2021\/03\/Kyselina_hyaluronova_front_x.png","width":1100,"height":1100},{"@type":"BreadcrumbList","@id":"https:\/\/www.zeenworld.com\/sk\/produkt\/kapsuly-kyselina-hyaluronova-60-ks\/#breadcrumb","itemListElement":[{"@type":"ListItem","position":1,"name":"Domovsk\u00e1 str\u00e1nka","item":"https:\/\/www.zeenworld.com\/sk\/"},{"@type":"ListItem","position":2,"name":"E-shop","item":"https:\/\/www.zeenworld.com\/sk\/shop\/"},{"@type":"ListItem","position":3,"name":"Kyselina hyalur\u00f3nov\u00e1, Kapsuly 60 ks"}]},{"@type":"WebSite","@id":"https:\/\/www.zeenworld.com\/sk\/#website","url":"https:\/\/www.zeenworld.com\/sk\/","name":"ZEEN WORLD","description":"Kr\u00e1sa a zdravie bez kompromisov","publisher":{"@id":"https:\/\/www.zeenworld.com\/sk\/#organization"},"potentialAction":[{"@type":"SearchAction","target":{"@type":"EntryPoint","urlTemplate":"https:\/\/www.zeenworld.com\/sk\/?s={search_term_string}"},"query-input":{"@type":"PropertyValueSpecification","valueRequired":true,"valueName":"search_term_string"}}],"inLanguage":"sk-SK"},{"@type":"Organization","@id":"https:\/\/www.zeenworld.com\/sk\/#organization","name":"ZEEN WORLD","url":"https:\/\/www.zeenworld.com\/sk\/","logo":{"@type":"ImageObject","inLanguage":"sk-SK","@id":"https:\/\/www.zeenworld.com\/sk\/#\/schema\/logo\/image\/","url":"https:\/\/www.zeenworld.com\/sk\/wp-content\/uploads\/2020\/11\/zeen-22.png","contentUrl":"https:\/\/www.zeenworld.com\/sk\/wp-content\/uploads\/2020\/11\/zeen-22.png","width":630,"height":630,"caption":"ZEEN WORLD"},"image":{"@id":"https:\/\/www.zeenworld.com\/sk\/#\/schema\/logo\/image\/"}}]}},"_links":{"self":[{"href":"https:\/\/www.zeenworld.com\/sk\/wp-json\/wp\/v2\/product\/3191"}],"collection":[{"href":"https:\/\/www.zeenworld.com\/sk\/wp-json\/wp\/v2\/product"}],"about":[{"href":"https:\/\/www.zeenworld.com\/sk\/wp-json\/wp\/v2\/types\/product"}],"wp:featuredmedia":[{"embeddable":true,"href":"https:\/\/www.zeenworld.com\/sk\/wp-json\/wp\/v2\/media\/9488"}],"wp:attachment":[{"href":"https:\/\/www.zeenworld.com\/sk\/wp-json\/wp\/v2\/media?parent=3191"}],"wp:term":[{"taxonomy":"product_cat","embeddable":true,"href":"https:\/\/www.zeenworld.com\/sk\/wp-json\/wp\/v2\/product_cat?post=3191"},{"taxonomy":"product_tag","embeddable":true,"href":"https:\/\/www.zeenworld.com\/sk\/wp-json\/wp\/v2\/product_tag?post=3191"}],"curies":[{"name":"wp","href":"https:\/\/api.w.org\/{rel}","templated":true}]}}