{"id":3192,"date":"2020-12-15T11:18:58","date_gmt":"2020-12-15T10:18:58","guid":{"rendered":"https:\/\/www.zeenworld.com\/novy\/?post_type=product&#038;p=3192"},"modified":"2026-01-02T15:46:40","modified_gmt":"2026-01-02T14:46:40","slug":"kapsuly-spanok-l-tryptofan-60-ks","status":"publish","type":"product","link":"https:\/\/www.zeenworld.com\/sk\/produkt\/kapsuly-spanok-l-tryptofan-60-ks\/","title":{"rendered":"Sp\u00e1nok L &#8211; Tryptof\u00e1n, Kapsuly 60 ks"},"content":{"rendered":"<h2>Benefity kaps\u00fal Sp\u00e1nok L &#8211; Tryptof\u00e1n<\/h2>\n<p>Tento jedine\u010dn\u00fd v\u00fdrobok zna\u010dky <strong>ZEEN by Roal<\/strong> pom\u00e1ha <strong>pri zasp\u00e1van\u00ed<\/strong> a celkovo <strong>podporuje kvalitn\u00fd sp\u00e1nok.\u00a0<\/strong>Okrem toho obsahuje aj tieto telu prospe\u0161n\u00e9 vitam\u00edny.<\/p>\n<p><strong>Vitam\u00edn B6 a B3 a ich prospe\u0161n\u00e9 \u00fa\u010dinky<\/strong><\/p>\n<ul>\n<li>prispieva k spr\u00e1vnej synt\u00e9ze cyste\u00ednu, homocyste\u00ednu, k premene bielkov\u00edn a glykog\u00e9nu<\/li>\n<li>podporuje fungovanie nervov\u00e9ho syst\u00e9mu<\/li>\n<li>prispieva k spr\u00e1vnej tvorbe \u010derven\u00fdch krviniek, k zn\u00ed\u017eeniu vy\u010derpania a \u00fanavy<\/li>\n<li>napom\u00e1ha pri \u0165a\u017ekostiach s men\u0161tru\u00e1ciou<\/li>\n<li>vyrovn\u00e1va hladinu horm\u00f3nov v krvi<\/li>\n<li>podpora metabolizmu<\/li>\n<li>zmier\u0148ovanie svalov\u00fdch k\u0155\u010dov<\/li>\n<\/ul>\n<p><strong>Hor\u010d\u00edk a jeho \u00fa\u010dinky<\/strong><\/p>\n<ul>\n<li>m\u00e1 v\u00fdznam pri transkripcii, nukleov\u00fdch kysel\u00edn (DNA, RNA), zabezpe\u010duje bunkov\u00fa integritu<\/li>\n<li>m\u00e1 v\u00fdznam v procesoch riaden\u00e9ho z\u00e1niku buniek, podie\u013ea sa na tvorbe gluk\u00f3zy (glukoneogen\u00e9za) a jej metabolizovan\u00ed<\/li>\n<li>podie\u013ea sa na tvorbe a \u0161tiepan\u00ed mastn\u00fdch kysel\u00edn<\/li>\n<li>reguluje distrib\u00faciu sod\u00edka (Na) a drasl\u00edka (K)<\/li>\n<li>podporuje stabiliz\u00e1ciu krvn\u00e9ho tlaku a upokojuje<\/li>\n<\/ul>\n<p><strong>Vitam\u00edn C a jeho \u00fa\u010dinky<\/strong><\/p>\n<ul>\n<li>zni\u017euje z\u00e1va\u017enos\u0165 be\u017en\u00e9ho prechladnutia<\/li>\n<li>je siln\u00fd antioxidant<\/li>\n<li>pom\u00e1ha hoji\u0165 rany<\/li>\n<li>posil\u0148uje imunitn\u00fd syst\u00e9m<\/li>\n<\/ul>\n<h3>D\u00e1vkovanie a sp\u00f4sob u\u017e\u00edvania<\/h3>\n<p>U\u017e\u00edvajte 2 kapsule ve\u010der s jedlom.<\/p>\n<p><img decoding=\"async\" src=\"https:\/\/www.zeenworld.com\/sk\/wp-content\/uploads\/2020\/12\/vegan-150x150.png\" alt=\"\" width=\"150\" height=\"150\" \/><img decoding=\"async\" src=\"https:\/\/www.zeenworld.com\/sk\/wp-content\/uploads\/2020\/12\/non-GMO-150x150.png\" alt=\"\" width=\"150\" height=\"150\" \/><img decoding=\"async\" src=\"https:\/\/www.zeenworld.com\/sk\/wp-content\/uploads\/2020\/12\/bez-lepku-150x150.png\" alt=\"\" width=\"150\" height=\"150\" \/><img decoding=\"async\" src=\"https:\/\/www.zeenworld.com\/sk\/wp-content\/uploads\/2020\/12\/bez-pridanych-farbiv-150x150.png\" alt=\"\" width=\"150\" height=\"150\" \/><br \/>\n<img decoding=\"async\" src=\"https:\/\/www.zeenworld.com\/sk\/wp-content\/uploads\/2020\/12\/spanok.png\" alt=\"\" width=\"500\" height=\"500\" \/><\/p>\n","protected":false},"excerpt":{"rendered":"<p>V\u00fd\u017eivov\u00fd doplnok podporuj\u00faci kvalitn\u00fd sp\u00e1nok a\u00a0pokoj, prospe\u0161n\u00fd pre upokojenie mysle. Doplnok obsahuje perfektn\u00fa kombin\u00e1ciu \u00fa\u010dinn\u00fdch l\u00e1tok ako esenci\u00e1lnu aminokyselinu L-tryptof\u00e1n, vitam\u00edn C 250 mg, Hor\u010d\u00edk 25 mg, Vitam\u00edn B3 \u00a05 mg a\u00a0Vitam\u00edn B6 5 mg, balen\u00e9 vo veg\u00e1nskych kapsliach.<\/p>\n<p>L-tryptof\u00e1n a\u00a0jeho \u00fa\u010dinky na \u013eudsk\u00e9 telo:<\/p>\n<ul>\n<li>Aminokyselina L-tryptof\u00e1n je prekurzorom melaton\u00ednu a seroton\u00ednu, zodpovedn\u00e9ho za pozit\u00edvny psychick\u00fd stav a kvalitn\u00fd sp\u00e1nok<\/li>\n<li>Pri hlbokom sp\u00e1nku sa telo najlep\u0161ie regeneruje a naviac doch\u00e1dza k obnove a rastu buniek, r\u00e1no sa zobud\u00edte svie\u017ei a vit\u00e1lny<\/li>\n<li>60 kaps\u00fal v balen\u00ed<\/li>\n<li>Vyroben\u00e9 na Slovensku<\/li>\n<\/ul>\n","protected":false},"featured_media":9492,"template":"","meta":{"site-sidebar-layout":"default","site-content-layout":"","ast-site-content-layout":"default","site-content-style":"default","site-sidebar-style":"default","ast-global-header-display":"","ast-banner-title-visibility":"","ast-main-header-display":"","ast-hfb-above-header-display":"","ast-hfb-below-header-display":"","ast-hfb-mobile-header-display":"","site-post-title":"","ast-breadcrumbs-content":"","ast-featured-img":"","footer-sml-layout":"","theme-transparent-header-meta":"default","adv-header-id-meta":"","stick-header-meta":"","header-above-stick-meta":"","header-main-stick-meta":"","header-below-stick-meta":"","astra-migrate-meta-layouts":"set","ast-page-background-enabled":"default","ast-page-background-meta":{"desktop":{"background-color":"var(--ast-global-color-4)","background-image":"","background-repeat":"repeat","background-position":"center center","background-size":"auto","background-attachment":"scroll","background-type":"","background-media":"","overlay-type":"","overlay-color":"","overlay-opacity":"","overlay-gradient":""},"tablet":{"background-color":"","background-image":"","background-repeat":"repeat","background-position":"center center","background-size":"auto","background-attachment":"scroll","background-type":"","background-media":"","overlay-type":"","overlay-color":"","overlay-opacity":"","overlay-gradient":""},"mobile":{"background-color":"","background-image":"","background-repeat":"repeat","background-position":"center center","background-size":"auto","background-attachment":"scroll","background-type":"","background-media":"","overlay-type":"","overlay-color":"","overlay-opacity":"","overlay-gradient":""}},"ast-content-background-meta":{"desktop":{"background-color":"var(--ast-global-color-5)","background-image":"","background-repeat":"repeat","background-position":"center center","background-size":"auto","background-attachment":"scroll","background-type":"","background-media":"","overlay-type":"","overlay-color":"","overlay-opacity":"","overlay-gradient":""},"tablet":{"background-color":"var(--ast-global-color-5)","background-image":"","background-repeat":"repeat","background-position":"center center","background-size":"auto","background-attachment":"scroll","background-type":"","background-media":"","overlay-type":"","overlay-color":"","overlay-opacity":"","overlay-gradient":""},"mobile":{"background-color":"var(--ast-global-color-5)","background-image":"","background-repeat":"repeat","background-position":"center center","background-size":"auto","background-attachment":"scroll","background-type":"","background-media":"","overlay-type":"","overlay-color":"","overlay-opacity":"","overlay-gradient":""}}},"product_cat":[83],"product_tag":[93,84,99,95],"yoast_head":"<!-- This site is optimized with the Yoast SEO plugin v24.2 - https:\/\/yoast.com\/wordpress\/plugins\/seo\/ -->\n<title>Sp\u00e1nok L - Tryptof\u00e1n, Kapsuly 60 ks - ZEEN WORLD<\/title>\n<meta name=\"description\" content=\"Kapsuly ZEEN by Roal Sp\u00e1nok L-Tryptof\u00e1n - v\u00fd\u017eivov\u00fd doplnok, ktor\u00fd napom\u00e1ha zmierni\u0165 stres, nap\u00e4tie priaznivo p\u00f4sob\u00ed pri poruch\u00e1ch sp\u00e1nku, n\u00e1lady.\" \/>\n<meta name=\"robots\" content=\"index, follow, max-snippet:-1, max-image-preview:large, max-video-preview:-1\" \/>\n<link rel=\"canonical\" href=\"https:\/\/www.zeenworld.com\/sk\/produkt\/kapsuly-spanok-l-tryptofan-60-ks\/\" \/>\n<meta property=\"og:locale\" content=\"sk_SK\" \/>\n<meta property=\"og:type\" content=\"article\" \/>\n<meta property=\"og:title\" content=\"Sp\u00e1nok L - Tryptof\u00e1n, Kapsuly 60 ks - ZEEN WORLD\" \/>\n<meta property=\"og:description\" content=\"Kapsuly ZEEN by Roal Sp\u00e1nok L-Tryptof\u00e1n - v\u00fd\u017eivov\u00fd doplnok, ktor\u00fd napom\u00e1ha zmierni\u0165 stres, nap\u00e4tie priaznivo p\u00f4sob\u00ed pri poruch\u00e1ch sp\u00e1nku, n\u00e1lady.\" \/>\n<meta property=\"og:url\" content=\"https:\/\/www.zeenworld.com\/sk\/produkt\/kapsuly-spanok-l-tryptofan-60-ks\/\" \/>\n<meta property=\"og:site_name\" content=\"ZEEN WORLD\" \/>\n<meta property=\"article:modified_time\" content=\"2026-01-02T14:46:40+00:00\" \/>\n<meta property=\"og:image\" content=\"https:\/\/www.zeenworld.com\/sk\/wp-content\/uploads\/2021\/03\/Spanok_L-Tryptofan_front_x.png\" \/>\n\t<meta property=\"og:image:width\" content=\"1100\" \/>\n\t<meta property=\"og:image:height\" content=\"1100\" \/>\n\t<meta property=\"og:image:type\" content=\"image\/png\" \/>\n<meta name=\"twitter:card\" content=\"summary_large_image\" \/>\n<meta name=\"twitter:label1\" content=\"Predpokladan\u00fd \u010das \u010d\u00edtania\" \/>\n\t<meta name=\"twitter:data1\" content=\"3 min\u00faty\" \/>\n<script type=\"application\/ld+json\" class=\"yoast-schema-graph\">{\"@context\":\"https:\/\/schema.org\",\"@graph\":[{\"@type\":\"WebPage\",\"@id\":\"https:\/\/www.zeenworld.com\/sk\/produkt\/kapsuly-spanok-l-tryptofan-60-ks\/\",\"url\":\"https:\/\/www.zeenworld.com\/sk\/produkt\/kapsuly-spanok-l-tryptofan-60-ks\/\",\"name\":\"Sp\u00e1nok L - Tryptof\u00e1n, Kapsuly 60 ks - ZEEN WORLD\",\"isPartOf\":{\"@id\":\"https:\/\/www.zeenworld.com\/sk\/#website\"},\"primaryImageOfPage\":{\"@id\":\"https:\/\/www.zeenworld.com\/sk\/produkt\/kapsuly-spanok-l-tryptofan-60-ks\/#primaryimage\"},\"image\":{\"@id\":\"https:\/\/www.zeenworld.com\/sk\/produkt\/kapsuly-spanok-l-tryptofan-60-ks\/#primaryimage\"},\"thumbnailUrl\":\"https:\/\/www.zeenworld.com\/sk\/wp-content\/uploads\/2021\/03\/Spanok_L-Tryptofan_front_x.png\",\"datePublished\":\"2020-12-15T10:18:58+00:00\",\"dateModified\":\"2026-01-02T14:46:40+00:00\",\"description\":\"Kapsuly ZEEN by Roal Sp\u00e1nok L-Tryptof\u00e1n - v\u00fd\u017eivov\u00fd doplnok, ktor\u00fd napom\u00e1ha zmierni\u0165 stres, nap\u00e4tie priaznivo p\u00f4sob\u00ed pri poruch\u00e1ch sp\u00e1nku, n\u00e1lady.\",\"breadcrumb\":{\"@id\":\"https:\/\/www.zeenworld.com\/sk\/produkt\/kapsuly-spanok-l-tryptofan-60-ks\/#breadcrumb\"},\"inLanguage\":\"sk-SK\",\"potentialAction\":[{\"@type\":\"ReadAction\",\"target\":[\"https:\/\/www.zeenworld.com\/sk\/produkt\/kapsuly-spanok-l-tryptofan-60-ks\/\"]}]},{\"@type\":\"ImageObject\",\"inLanguage\":\"sk-SK\",\"@id\":\"https:\/\/www.zeenworld.com\/sk\/produkt\/kapsuly-spanok-l-tryptofan-60-ks\/#primaryimage\",\"url\":\"https:\/\/www.zeenworld.com\/sk\/wp-content\/uploads\/2021\/03\/Spanok_L-Tryptofan_front_x.png\",\"contentUrl\":\"https:\/\/www.zeenworld.com\/sk\/wp-content\/uploads\/2021\/03\/Spanok_L-Tryptofan_front_x.png\",\"width\":1100,\"height\":1100},{\"@type\":\"BreadcrumbList\",\"@id\":\"https:\/\/www.zeenworld.com\/sk\/produkt\/kapsuly-spanok-l-tryptofan-60-ks\/#breadcrumb\",\"itemListElement\":[{\"@type\":\"ListItem\",\"position\":1,\"name\":\"Domovsk\u00e1 str\u00e1nka\",\"item\":\"https:\/\/www.zeenworld.com\/sk\/\"},{\"@type\":\"ListItem\",\"position\":2,\"name\":\"E-shop\",\"item\":\"https:\/\/www.zeenworld.com\/sk\/shop\/\"},{\"@type\":\"ListItem\",\"position\":3,\"name\":\"Sp\u00e1nok L &#8211; Tryptof\u00e1n, Kapsuly 60 ks\"}]},{\"@type\":\"WebSite\",\"@id\":\"https:\/\/www.zeenworld.com\/sk\/#website\",\"url\":\"https:\/\/www.zeenworld.com\/sk\/\",\"name\":\"ZEEN WORLD\",\"description\":\"Kr\u00e1sa a zdravie bez kompromisov\",\"publisher\":{\"@id\":\"https:\/\/www.zeenworld.com\/sk\/#organization\"},\"potentialAction\":[{\"@type\":\"SearchAction\",\"target\":{\"@type\":\"EntryPoint\",\"urlTemplate\":\"https:\/\/www.zeenworld.com\/sk\/?s={search_term_string}\"},\"query-input\":{\"@type\":\"PropertyValueSpecification\",\"valueRequired\":true,\"valueName\":\"search_term_string\"}}],\"inLanguage\":\"sk-SK\"},{\"@type\":\"Organization\",\"@id\":\"https:\/\/www.zeenworld.com\/sk\/#organization\",\"name\":\"ZEEN WORLD\",\"url\":\"https:\/\/www.zeenworld.com\/sk\/\",\"logo\":{\"@type\":\"ImageObject\",\"inLanguage\":\"sk-SK\",\"@id\":\"https:\/\/www.zeenworld.com\/sk\/#\/schema\/logo\/image\/\",\"url\":\"https:\/\/www.zeenworld.com\/sk\/wp-content\/uploads\/2020\/11\/zeen-22.png\",\"contentUrl\":\"https:\/\/www.zeenworld.com\/sk\/wp-content\/uploads\/2020\/11\/zeen-22.png\",\"width\":630,\"height\":630,\"caption\":\"ZEEN WORLD\"},\"image\":{\"@id\":\"https:\/\/www.zeenworld.com\/sk\/#\/schema\/logo\/image\/\"}}]}<\/script>\n<!-- \/ Yoast SEO plugin. -->","yoast_head_json":{"title":"Sp\u00e1nok L - Tryptof\u00e1n, Kapsuly 60 ks - ZEEN WORLD","description":"Kapsuly ZEEN by Roal Sp\u00e1nok L-Tryptof\u00e1n - v\u00fd\u017eivov\u00fd doplnok, ktor\u00fd napom\u00e1ha zmierni\u0165 stres, nap\u00e4tie priaznivo p\u00f4sob\u00ed pri poruch\u00e1ch sp\u00e1nku, n\u00e1lady.","robots":{"index":"index","follow":"follow","max-snippet":"max-snippet:-1","max-image-preview":"max-image-preview:large","max-video-preview":"max-video-preview:-1"},"canonical":"https:\/\/www.zeenworld.com\/sk\/produkt\/kapsuly-spanok-l-tryptofan-60-ks\/","og_locale":"sk_SK","og_type":"article","og_title":"Sp\u00e1nok L - Tryptof\u00e1n, Kapsuly 60 ks - ZEEN WORLD","og_description":"Kapsuly ZEEN by Roal Sp\u00e1nok L-Tryptof\u00e1n - v\u00fd\u017eivov\u00fd doplnok, ktor\u00fd napom\u00e1ha zmierni\u0165 stres, nap\u00e4tie priaznivo p\u00f4sob\u00ed pri poruch\u00e1ch sp\u00e1nku, n\u00e1lady.","og_url":"https:\/\/www.zeenworld.com\/sk\/produkt\/kapsuly-spanok-l-tryptofan-60-ks\/","og_site_name":"ZEEN WORLD","article_modified_time":"2026-01-02T14:46:40+00:00","og_image":[{"width":1100,"height":1100,"url":"https:\/\/www.zeenworld.com\/sk\/wp-content\/uploads\/2021\/03\/Spanok_L-Tryptofan_front_x.png","type":"image\/png"}],"twitter_card":"summary_large_image","twitter_misc":{"Predpokladan\u00fd \u010das \u010d\u00edtania":"3 min\u00faty"},"schema":{"@context":"https:\/\/schema.org","@graph":[{"@type":"WebPage","@id":"https:\/\/www.zeenworld.com\/sk\/produkt\/kapsuly-spanok-l-tryptofan-60-ks\/","url":"https:\/\/www.zeenworld.com\/sk\/produkt\/kapsuly-spanok-l-tryptofan-60-ks\/","name":"Sp\u00e1nok L - Tryptof\u00e1n, Kapsuly 60 ks - ZEEN WORLD","isPartOf":{"@id":"https:\/\/www.zeenworld.com\/sk\/#website"},"primaryImageOfPage":{"@id":"https:\/\/www.zeenworld.com\/sk\/produkt\/kapsuly-spanok-l-tryptofan-60-ks\/#primaryimage"},"image":{"@id":"https:\/\/www.zeenworld.com\/sk\/produkt\/kapsuly-spanok-l-tryptofan-60-ks\/#primaryimage"},"thumbnailUrl":"https:\/\/www.zeenworld.com\/sk\/wp-content\/uploads\/2021\/03\/Spanok_L-Tryptofan_front_x.png","datePublished":"2020-12-15T10:18:58+00:00","dateModified":"2026-01-02T14:46:40+00:00","description":"Kapsuly ZEEN by Roal Sp\u00e1nok L-Tryptof\u00e1n - v\u00fd\u017eivov\u00fd doplnok, ktor\u00fd napom\u00e1ha zmierni\u0165 stres, nap\u00e4tie priaznivo p\u00f4sob\u00ed pri poruch\u00e1ch sp\u00e1nku, n\u00e1lady.","breadcrumb":{"@id":"https:\/\/www.zeenworld.com\/sk\/produkt\/kapsuly-spanok-l-tryptofan-60-ks\/#breadcrumb"},"inLanguage":"sk-SK","potentialAction":[{"@type":"ReadAction","target":["https:\/\/www.zeenworld.com\/sk\/produkt\/kapsuly-spanok-l-tryptofan-60-ks\/"]}]},{"@type":"ImageObject","inLanguage":"sk-SK","@id":"https:\/\/www.zeenworld.com\/sk\/produkt\/kapsuly-spanok-l-tryptofan-60-ks\/#primaryimage","url":"https:\/\/www.zeenworld.com\/sk\/wp-content\/uploads\/2021\/03\/Spanok_L-Tryptofan_front_x.png","contentUrl":"https:\/\/www.zeenworld.com\/sk\/wp-content\/uploads\/2021\/03\/Spanok_L-Tryptofan_front_x.png","width":1100,"height":1100},{"@type":"BreadcrumbList","@id":"https:\/\/www.zeenworld.com\/sk\/produkt\/kapsuly-spanok-l-tryptofan-60-ks\/#breadcrumb","itemListElement":[{"@type":"ListItem","position":1,"name":"Domovsk\u00e1 str\u00e1nka","item":"https:\/\/www.zeenworld.com\/sk\/"},{"@type":"ListItem","position":2,"name":"E-shop","item":"https:\/\/www.zeenworld.com\/sk\/shop\/"},{"@type":"ListItem","position":3,"name":"Sp\u00e1nok L &#8211; Tryptof\u00e1n, Kapsuly 60 ks"}]},{"@type":"WebSite","@id":"https:\/\/www.zeenworld.com\/sk\/#website","url":"https:\/\/www.zeenworld.com\/sk\/","name":"ZEEN WORLD","description":"Kr\u00e1sa a zdravie bez kompromisov","publisher":{"@id":"https:\/\/www.zeenworld.com\/sk\/#organization"},"potentialAction":[{"@type":"SearchAction","target":{"@type":"EntryPoint","urlTemplate":"https:\/\/www.zeenworld.com\/sk\/?s={search_term_string}"},"query-input":{"@type":"PropertyValueSpecification","valueRequired":true,"valueName":"search_term_string"}}],"inLanguage":"sk-SK"},{"@type":"Organization","@id":"https:\/\/www.zeenworld.com\/sk\/#organization","name":"ZEEN WORLD","url":"https:\/\/www.zeenworld.com\/sk\/","logo":{"@type":"ImageObject","inLanguage":"sk-SK","@id":"https:\/\/www.zeenworld.com\/sk\/#\/schema\/logo\/image\/","url":"https:\/\/www.zeenworld.com\/sk\/wp-content\/uploads\/2020\/11\/zeen-22.png","contentUrl":"https:\/\/www.zeenworld.com\/sk\/wp-content\/uploads\/2020\/11\/zeen-22.png","width":630,"height":630,"caption":"ZEEN WORLD"},"image":{"@id":"https:\/\/www.zeenworld.com\/sk\/#\/schema\/logo\/image\/"}}]}},"_links":{"self":[{"href":"https:\/\/www.zeenworld.com\/sk\/wp-json\/wp\/v2\/product\/3192"}],"collection":[{"href":"https:\/\/www.zeenworld.com\/sk\/wp-json\/wp\/v2\/product"}],"about":[{"href":"https:\/\/www.zeenworld.com\/sk\/wp-json\/wp\/v2\/types\/product"}],"wp:featuredmedia":[{"embeddable":true,"href":"https:\/\/www.zeenworld.com\/sk\/wp-json\/wp\/v2\/media\/9492"}],"wp:attachment":[{"href":"https:\/\/www.zeenworld.com\/sk\/wp-json\/wp\/v2\/media?parent=3192"}],"wp:term":[{"taxonomy":"product_cat","embeddable":true,"href":"https:\/\/www.zeenworld.com\/sk\/wp-json\/wp\/v2\/product_cat?post=3192"},{"taxonomy":"product_tag","embeddable":true,"href":"https:\/\/www.zeenworld.com\/sk\/wp-json\/wp\/v2\/product_tag?post=3192"}],"curies":[{"name":"wp","href":"https:\/\/api.w.org\/{rel}","templated":true}]}}