{"id":3195,"date":"2020-12-15T11:19:31","date_gmt":"2020-12-15T10:19:31","guid":{"rendered":"https:\/\/www.zeenworld.com\/novy\/?post_type=product&#038;p=3195"},"modified":"2026-01-12T08:37:41","modified_gmt":"2026-01-12T07:37:41","slug":"kapsuly-imunita-trio-zn-d3-c-60-ks","status":"publish","type":"product","link":"https:\/\/www.zeenworld.com\/sk\/produkt\/kapsuly-imunita-trio-zn-d3-c-60-ks\/","title":{"rendered":"Imunita Trio 60 kaps\u00fal"},"content":{"rendered":"<h2>Benefity kaps\u00fal Imunita Trio<\/h2>\n<p>Tento jedine\u010dn\u00fd v\u00fdrobok zna\u010dky <strong>ZEEN by Roal<\/strong> podporuje<strong> spr\u00e1vnu funkciu imunitn\u00e9ho syst\u00e9mu a svalstva<\/strong>:<\/p>\n<ul>\n<li>v\u00fd\u017eivov\u00fd doplnok <strong>zvy\u0161uj\u00faci obranyschopnos\u0165 organizmu<\/strong><\/li>\n<li>obsahuje kombin\u00e1ciu <strong>zinku, vitam\u00ednu D3 a vitam\u00ednu C<\/strong>, ktor\u00fd je z\u00edskan\u00fd z <strong>Aceroly<\/strong><\/li>\n<li>podporuje nervov\u00fd syst\u00e9m, \u010d\u00edm <strong>potl\u00e1\u010da pr\u00edznaky \u00fanavy<\/strong> a <strong>psychick\u00e9ho vy\u010derpania<\/strong><\/li>\n<li><strong>zlep\u0161uje vitalitu poko\u017eky<\/strong> v\u010faka prirodzenej tvorbe kolag\u00e9nu<\/li>\n<li>chr\u00e1ni bunky pred<strong> oxida\u010dn\u00fdm stresom<\/strong><\/li>\n<li><strong>neobsahuje glut\u00e9n<\/strong> ani <strong>geneticky modifikovan\u00e9 zlo\u017eky<\/strong><\/li>\n<\/ul>\n<p><strong>D\u00e1vkovanie:<\/strong> U\u017e\u00edvajte 1 kapsulu denne s\u00a0hlavn\u00fdm jedlom.<\/p>\n<p><strong>Vitam\u00edny a\u00a0miner\u00e1ly v\u00a0dennej d\u00e1vke:<\/strong><\/p>\n<p>Vitam\u00edn C (Acerola): 35 mg<\/p>\n<p>Zinok (chel\u00e1tov\u00fd): 10 mg<\/p>\n<p>Vitam\u00edn D (2000I.U.): 50 mcg<\/p>\n<p>&nbsp;<\/p>\n<p><img decoding=\"async\" src=\"https:\/\/www.zeenworld.com\/sk\/wp-content\/uploads\/2020\/12\/vegan-150x150.png\" alt=\"\" width=\"150\" height=\"150\" \/><img decoding=\"async\" src=\"https:\/\/www.zeenworld.com\/sk\/wp-content\/uploads\/2020\/12\/non-GMO-150x150.png\" alt=\"\" width=\"150\" height=\"150\" \/><img decoding=\"async\" src=\"https:\/\/www.zeenworld.com\/sk\/wp-content\/uploads\/2020\/12\/bez-lepku-150x150.png\" alt=\"\" width=\"150\" height=\"150\" \/><br \/>\n<img decoding=\"async\" src=\"https:\/\/www.zeenworld.com\/sk\/wp-content\/uploads\/2020\/12\/imunita-trio.png\" alt=\"\" width=\"500\" height=\"500\" \/><\/p>\n","protected":false},"excerpt":{"rendered":"<p>V\u00fd\u017eivov\u00fd doplnok podporuj\u00faci va\u0161e zdravie a\u00a0imunitu s\u00a0kombin\u00e1ciou zinku a\u00a0vitam\u00ednu D3 s\u00a0vitam\u00ednom C, vo veg\u00e1nskych kapsuliach :<\/p>\n<ul>\n<li>Podporuje imunitn\u00fd syst\u00e9m a jeho spr\u00e1vne fungovanie<\/li>\n<li>Dop\u013a\u0148anie vitam\u00ednu D je vhodn\u00e9 pre \u013eud\u00ed, ktor\u00ed tr\u00e1via malo \u010dasu na slnku<\/li>\n<li>Pom\u00e1ha pri vstreb\u00e1van\u00ed fosforu a v\u00e1pnika v tele<\/li>\n<li>Udr\u017eiava zdrav\u00e9 kosti a zuby<\/li>\n<li>Prispieva k spr\u00e1vnej funkcii svalov<\/li>\n<li>Zni\u017euje priebeh be\u017en\u00e9ho prechladnutia<\/li>\n<li>Pom\u00e1ha hoji\u0165 rany<\/li>\n<li>Zni\u017euje oxida\u010dn\u00fd stres<\/li>\n<li>Zlep\u0161uje regul\u00e1ciu hladiny cukru v krvi<\/li>\n<li>Spoma\u013euje makul\u00e1rnu degener\u00e1ciu o\u010d\u00ed<\/li>\n<li>V\u00fdrobok obsahuje &#8211; Vitam\u00edn C 35 mg, Zinok 10 mg, Vitam\u00edn D (2000 I.U.) 50 mcg<\/li>\n<li><span style=\"font-size: 14px\">Vyroben\u00e9 na Slovensku<\/span><\/li>\n<\/ul>\n<p>&nbsp;<\/p>\n","protected":false},"featured_media":9486,"template":"","meta":{"site-sidebar-layout":"default","site-content-layout":"","ast-site-content-layout":"default","site-content-style":"default","site-sidebar-style":"default","ast-global-header-display":"","ast-banner-title-visibility":"","ast-main-header-display":"","ast-hfb-above-header-display":"","ast-hfb-below-header-display":"","ast-hfb-mobile-header-display":"","site-post-title":"","ast-breadcrumbs-content":"","ast-featured-img":"","footer-sml-layout":"","theme-transparent-header-meta":"default","adv-header-id-meta":"","stick-header-meta":"","header-above-stick-meta":"","header-main-stick-meta":"","header-below-stick-meta":"","astra-migrate-meta-layouts":"set","ast-page-background-enabled":"default","ast-page-background-meta":{"desktop":{"background-color":"var(--ast-global-color-4)","background-image":"","background-repeat":"repeat","background-position":"center center","background-size":"auto","background-attachment":"scroll","background-type":"","background-media":"","overlay-type":"","overlay-color":"","overlay-opacity":"","overlay-gradient":""},"tablet":{"background-color":"","background-image":"","background-repeat":"repeat","background-position":"center center","background-size":"auto","background-attachment":"scroll","background-type":"","background-media":"","overlay-type":"","overlay-color":"","overlay-opacity":"","overlay-gradient":""},"mobile":{"background-color":"","background-image":"","background-repeat":"repeat","background-position":"center center","background-size":"auto","background-attachment":"scroll","background-type":"","background-media":"","overlay-type":"","overlay-color":"","overlay-opacity":"","overlay-gradient":""}},"ast-content-background-meta":{"desktop":{"background-color":"var(--ast-global-color-5)","background-image":"","background-repeat":"repeat","background-position":"center center","background-size":"auto","background-attachment":"scroll","background-type":"","background-media":"","overlay-type":"","overlay-color":"","overlay-opacity":"","overlay-gradient":""},"tablet":{"background-color":"var(--ast-global-color-5)","background-image":"","background-repeat":"repeat","background-position":"center center","background-size":"auto","background-attachment":"scroll","background-type":"","background-media":"","overlay-type":"","overlay-color":"","overlay-opacity":"","overlay-gradient":""},"mobile":{"background-color":"var(--ast-global-color-5)","background-image":"","background-repeat":"repeat","background-position":"center center","background-size":"auto","background-attachment":"scroll","background-type":"","background-media":"","overlay-type":"","overlay-color":"","overlay-opacity":"","overlay-gradient":""}}},"product_cat":[83],"product_tag":[96,97,127,95],"yoast_head":"<!-- This site is optimized with the Yoast SEO plugin v24.2 - https:\/\/yoast.com\/wordpress\/plugins\/seo\/ -->\n<title>Imunita Trio 60 kaps\u00fal - ZEEN WORLD<\/title>\n<meta name=\"description\" content=\"V\u00fd\u017eivov\u00fd doplnok so zinkom + vitam\u00ednom D3 + vitam\u00ednom C. Prispieva k zn\u00ed\u017eeniu vy\u010derpania a \u00fanavy, podporuje spr\u00e1vnu funkciu psychiky...\" \/>\n<meta name=\"robots\" content=\"index, follow, max-snippet:-1, max-image-preview:large, max-video-preview:-1\" \/>\n<link rel=\"canonical\" href=\"https:\/\/www.zeenworld.com\/sk\/produkt\/kapsuly-imunita-trio-zn-d3-c-60-ks\/\" \/>\n<meta property=\"og:locale\" content=\"sk_SK\" \/>\n<meta property=\"og:type\" content=\"article\" \/>\n<meta property=\"og:title\" content=\"Imunita Trio 60 kaps\u00fal - ZEEN WORLD\" \/>\n<meta property=\"og:description\" content=\"V\u00fd\u017eivov\u00fd doplnok so zinkom + vitam\u00ednom D3 + vitam\u00ednom C. Prispieva k zn\u00ed\u017eeniu vy\u010derpania a \u00fanavy, podporuje spr\u00e1vnu funkciu psychiky...\" \/>\n<meta property=\"og:url\" content=\"https:\/\/www.zeenworld.com\/sk\/produkt\/kapsuly-imunita-trio-zn-d3-c-60-ks\/\" \/>\n<meta property=\"og:site_name\" content=\"ZEEN WORLD\" \/>\n<meta property=\"article:modified_time\" content=\"2026-01-12T07:37:41+00:00\" \/>\n<meta property=\"og:image\" content=\"https:\/\/www.zeenworld.com\/sk\/wp-content\/uploads\/2021\/03\/ImunitaTrio_Front_x.png\" \/>\n\t<meta property=\"og:image:width\" content=\"1100\" \/>\n\t<meta property=\"og:image:height\" content=\"1100\" \/>\n\t<meta property=\"og:image:type\" content=\"image\/png\" \/>\n<meta name=\"twitter:card\" content=\"summary_large_image\" \/>\n<meta name=\"twitter:label1\" content=\"Predpokladan\u00fd \u010das \u010d\u00edtania\" \/>\n\t<meta name=\"twitter:data1\" content=\"2 min\u00faty\" \/>\n<script type=\"application\/ld+json\" class=\"yoast-schema-graph\">{\"@context\":\"https:\/\/schema.org\",\"@graph\":[{\"@type\":\"WebPage\",\"@id\":\"https:\/\/www.zeenworld.com\/sk\/produkt\/kapsuly-imunita-trio-zn-d3-c-60-ks\/\",\"url\":\"https:\/\/www.zeenworld.com\/sk\/produkt\/kapsuly-imunita-trio-zn-d3-c-60-ks\/\",\"name\":\"Imunita Trio 60 kaps\u00fal - ZEEN WORLD\",\"isPartOf\":{\"@id\":\"https:\/\/www.zeenworld.com\/sk\/#website\"},\"primaryImageOfPage\":{\"@id\":\"https:\/\/www.zeenworld.com\/sk\/produkt\/kapsuly-imunita-trio-zn-d3-c-60-ks\/#primaryimage\"},\"image\":{\"@id\":\"https:\/\/www.zeenworld.com\/sk\/produkt\/kapsuly-imunita-trio-zn-d3-c-60-ks\/#primaryimage\"},\"thumbnailUrl\":\"https:\/\/www.zeenworld.com\/sk\/wp-content\/uploads\/2021\/03\/ImunitaTrio_Front_x.png\",\"datePublished\":\"2020-12-15T10:19:31+00:00\",\"dateModified\":\"2026-01-12T07:37:41+00:00\",\"description\":\"V\u00fd\u017eivov\u00fd doplnok so zinkom + vitam\u00ednom D3 + vitam\u00ednom C. Prispieva k zn\u00ed\u017eeniu vy\u010derpania a \u00fanavy, podporuje spr\u00e1vnu funkciu psychiky...\",\"breadcrumb\":{\"@id\":\"https:\/\/www.zeenworld.com\/sk\/produkt\/kapsuly-imunita-trio-zn-d3-c-60-ks\/#breadcrumb\"},\"inLanguage\":\"sk-SK\",\"potentialAction\":[{\"@type\":\"ReadAction\",\"target\":[\"https:\/\/www.zeenworld.com\/sk\/produkt\/kapsuly-imunita-trio-zn-d3-c-60-ks\/\"]}]},{\"@type\":\"ImageObject\",\"inLanguage\":\"sk-SK\",\"@id\":\"https:\/\/www.zeenworld.com\/sk\/produkt\/kapsuly-imunita-trio-zn-d3-c-60-ks\/#primaryimage\",\"url\":\"https:\/\/www.zeenworld.com\/sk\/wp-content\/uploads\/2021\/03\/ImunitaTrio_Front_x.png\",\"contentUrl\":\"https:\/\/www.zeenworld.com\/sk\/wp-content\/uploads\/2021\/03\/ImunitaTrio_Front_x.png\",\"width\":1100,\"height\":1100},{\"@type\":\"BreadcrumbList\",\"@id\":\"https:\/\/www.zeenworld.com\/sk\/produkt\/kapsuly-imunita-trio-zn-d3-c-60-ks\/#breadcrumb\",\"itemListElement\":[{\"@type\":\"ListItem\",\"position\":1,\"name\":\"Domovsk\u00e1 str\u00e1nka\",\"item\":\"https:\/\/www.zeenworld.com\/sk\/\"},{\"@type\":\"ListItem\",\"position\":2,\"name\":\"E-shop\",\"item\":\"https:\/\/www.zeenworld.com\/sk\/shop\/\"},{\"@type\":\"ListItem\",\"position\":3,\"name\":\"Imunita Trio 60 kaps\u00fal\"}]},{\"@type\":\"WebSite\",\"@id\":\"https:\/\/www.zeenworld.com\/sk\/#website\",\"url\":\"https:\/\/www.zeenworld.com\/sk\/\",\"name\":\"ZEEN WORLD\",\"description\":\"Kr\u00e1sa a zdravie bez kompromisov\",\"publisher\":{\"@id\":\"https:\/\/www.zeenworld.com\/sk\/#organization\"},\"potentialAction\":[{\"@type\":\"SearchAction\",\"target\":{\"@type\":\"EntryPoint\",\"urlTemplate\":\"https:\/\/www.zeenworld.com\/sk\/?s={search_term_string}\"},\"query-input\":{\"@type\":\"PropertyValueSpecification\",\"valueRequired\":true,\"valueName\":\"search_term_string\"}}],\"inLanguage\":\"sk-SK\"},{\"@type\":\"Organization\",\"@id\":\"https:\/\/www.zeenworld.com\/sk\/#organization\",\"name\":\"ZEEN WORLD\",\"url\":\"https:\/\/www.zeenworld.com\/sk\/\",\"logo\":{\"@type\":\"ImageObject\",\"inLanguage\":\"sk-SK\",\"@id\":\"https:\/\/www.zeenworld.com\/sk\/#\/schema\/logo\/image\/\",\"url\":\"https:\/\/www.zeenworld.com\/sk\/wp-content\/uploads\/2020\/11\/zeen-22.png\",\"contentUrl\":\"https:\/\/www.zeenworld.com\/sk\/wp-content\/uploads\/2020\/11\/zeen-22.png\",\"width\":630,\"height\":630,\"caption\":\"ZEEN WORLD\"},\"image\":{\"@id\":\"https:\/\/www.zeenworld.com\/sk\/#\/schema\/logo\/image\/\"}}]}<\/script>\n<!-- \/ Yoast SEO plugin. -->","yoast_head_json":{"title":"Imunita Trio 60 kaps\u00fal - ZEEN WORLD","description":"V\u00fd\u017eivov\u00fd doplnok so zinkom + vitam\u00ednom D3 + vitam\u00ednom C. Prispieva k zn\u00ed\u017eeniu vy\u010derpania a \u00fanavy, podporuje spr\u00e1vnu funkciu psychiky...","robots":{"index":"index","follow":"follow","max-snippet":"max-snippet:-1","max-image-preview":"max-image-preview:large","max-video-preview":"max-video-preview:-1"},"canonical":"https:\/\/www.zeenworld.com\/sk\/produkt\/kapsuly-imunita-trio-zn-d3-c-60-ks\/","og_locale":"sk_SK","og_type":"article","og_title":"Imunita Trio 60 kaps\u00fal - ZEEN WORLD","og_description":"V\u00fd\u017eivov\u00fd doplnok so zinkom + vitam\u00ednom D3 + vitam\u00ednom C. Prispieva k zn\u00ed\u017eeniu vy\u010derpania a \u00fanavy, podporuje spr\u00e1vnu funkciu psychiky...","og_url":"https:\/\/www.zeenworld.com\/sk\/produkt\/kapsuly-imunita-trio-zn-d3-c-60-ks\/","og_site_name":"ZEEN WORLD","article_modified_time":"2026-01-12T07:37:41+00:00","og_image":[{"width":1100,"height":1100,"url":"https:\/\/www.zeenworld.com\/sk\/wp-content\/uploads\/2021\/03\/ImunitaTrio_Front_x.png","type":"image\/png"}],"twitter_card":"summary_large_image","twitter_misc":{"Predpokladan\u00fd \u010das \u010d\u00edtania":"2 min\u00faty"},"schema":{"@context":"https:\/\/schema.org","@graph":[{"@type":"WebPage","@id":"https:\/\/www.zeenworld.com\/sk\/produkt\/kapsuly-imunita-trio-zn-d3-c-60-ks\/","url":"https:\/\/www.zeenworld.com\/sk\/produkt\/kapsuly-imunita-trio-zn-d3-c-60-ks\/","name":"Imunita Trio 60 kaps\u00fal - ZEEN WORLD","isPartOf":{"@id":"https:\/\/www.zeenworld.com\/sk\/#website"},"primaryImageOfPage":{"@id":"https:\/\/www.zeenworld.com\/sk\/produkt\/kapsuly-imunita-trio-zn-d3-c-60-ks\/#primaryimage"},"image":{"@id":"https:\/\/www.zeenworld.com\/sk\/produkt\/kapsuly-imunita-trio-zn-d3-c-60-ks\/#primaryimage"},"thumbnailUrl":"https:\/\/www.zeenworld.com\/sk\/wp-content\/uploads\/2021\/03\/ImunitaTrio_Front_x.png","datePublished":"2020-12-15T10:19:31+00:00","dateModified":"2026-01-12T07:37:41+00:00","description":"V\u00fd\u017eivov\u00fd doplnok so zinkom + vitam\u00ednom D3 + vitam\u00ednom C. Prispieva k zn\u00ed\u017eeniu vy\u010derpania a \u00fanavy, podporuje spr\u00e1vnu funkciu psychiky...","breadcrumb":{"@id":"https:\/\/www.zeenworld.com\/sk\/produkt\/kapsuly-imunita-trio-zn-d3-c-60-ks\/#breadcrumb"},"inLanguage":"sk-SK","potentialAction":[{"@type":"ReadAction","target":["https:\/\/www.zeenworld.com\/sk\/produkt\/kapsuly-imunita-trio-zn-d3-c-60-ks\/"]}]},{"@type":"ImageObject","inLanguage":"sk-SK","@id":"https:\/\/www.zeenworld.com\/sk\/produkt\/kapsuly-imunita-trio-zn-d3-c-60-ks\/#primaryimage","url":"https:\/\/www.zeenworld.com\/sk\/wp-content\/uploads\/2021\/03\/ImunitaTrio_Front_x.png","contentUrl":"https:\/\/www.zeenworld.com\/sk\/wp-content\/uploads\/2021\/03\/ImunitaTrio_Front_x.png","width":1100,"height":1100},{"@type":"BreadcrumbList","@id":"https:\/\/www.zeenworld.com\/sk\/produkt\/kapsuly-imunita-trio-zn-d3-c-60-ks\/#breadcrumb","itemListElement":[{"@type":"ListItem","position":1,"name":"Domovsk\u00e1 str\u00e1nka","item":"https:\/\/www.zeenworld.com\/sk\/"},{"@type":"ListItem","position":2,"name":"E-shop","item":"https:\/\/www.zeenworld.com\/sk\/shop\/"},{"@type":"ListItem","position":3,"name":"Imunita Trio 60 kaps\u00fal"}]},{"@type":"WebSite","@id":"https:\/\/www.zeenworld.com\/sk\/#website","url":"https:\/\/www.zeenworld.com\/sk\/","name":"ZEEN WORLD","description":"Kr\u00e1sa a zdravie bez kompromisov","publisher":{"@id":"https:\/\/www.zeenworld.com\/sk\/#organization"},"potentialAction":[{"@type":"SearchAction","target":{"@type":"EntryPoint","urlTemplate":"https:\/\/www.zeenworld.com\/sk\/?s={search_term_string}"},"query-input":{"@type":"PropertyValueSpecification","valueRequired":true,"valueName":"search_term_string"}}],"inLanguage":"sk-SK"},{"@type":"Organization","@id":"https:\/\/www.zeenworld.com\/sk\/#organization","name":"ZEEN WORLD","url":"https:\/\/www.zeenworld.com\/sk\/","logo":{"@type":"ImageObject","inLanguage":"sk-SK","@id":"https:\/\/www.zeenworld.com\/sk\/#\/schema\/logo\/image\/","url":"https:\/\/www.zeenworld.com\/sk\/wp-content\/uploads\/2020\/11\/zeen-22.png","contentUrl":"https:\/\/www.zeenworld.com\/sk\/wp-content\/uploads\/2020\/11\/zeen-22.png","width":630,"height":630,"caption":"ZEEN WORLD"},"image":{"@id":"https:\/\/www.zeenworld.com\/sk\/#\/schema\/logo\/image\/"}}]}},"_links":{"self":[{"href":"https:\/\/www.zeenworld.com\/sk\/wp-json\/wp\/v2\/product\/3195"}],"collection":[{"href":"https:\/\/www.zeenworld.com\/sk\/wp-json\/wp\/v2\/product"}],"about":[{"href":"https:\/\/www.zeenworld.com\/sk\/wp-json\/wp\/v2\/types\/product"}],"wp:featuredmedia":[{"embeddable":true,"href":"https:\/\/www.zeenworld.com\/sk\/wp-json\/wp\/v2\/media\/9486"}],"wp:attachment":[{"href":"https:\/\/www.zeenworld.com\/sk\/wp-json\/wp\/v2\/media?parent=3195"}],"wp:term":[{"taxonomy":"product_cat","embeddable":true,"href":"https:\/\/www.zeenworld.com\/sk\/wp-json\/wp\/v2\/product_cat?post=3195"},{"taxonomy":"product_tag","embeddable":true,"href":"https:\/\/www.zeenworld.com\/sk\/wp-json\/wp\/v2\/product_tag?post=3195"}],"curies":[{"name":"wp","href":"https:\/\/api.w.org\/{rel}","templated":true}]}}