{"id":3197,"date":"2020-12-15T11:20:04","date_gmt":"2020-12-15T10:20:04","guid":{"rendered":"https:\/\/www.zeenworld.com\/novy\/?post_type=product&#038;p=3197"},"modified":"2026-04-30T11:54:57","modified_gmt":"2026-04-30T09:54:57","slug":"vitamin-c-500-mg-60-ks","status":"publish","type":"product","link":"https:\/\/www.zeenworld.com\/sk\/produkt\/vitamin-c-500-mg-60-ks\/","title":{"rendered":"Vitam\u00edn C 800 mg 60 ks"},"content":{"rendered":"<h3>Vitam\u00edn C: 800 mg<\/h3>\n<p>Kapsuly Vitam\u00edn C 800 mg od ZEEN by Roal predstavuj\u00fa v\u00fd\u017eivov\u00fd doplnok na doplnenie hladiny vitam\u00ednu C v organizme. Vitam\u00edn C hr\u00e1 d\u00f4le\u017eit\u00fa \u00falohu pri zv\u00fd\u0161enej telesnej a du\u0161evnej z\u00e1\u0165a\u017ei, prispieva k zn\u00ed\u017eeniu vy\u010derpania a \u00fanavy, pom\u00e1ha pri n\u00e1dche \u010di prechladnut\u00ed. M\u00f4\u017ee by\u0165 dop\u013a\u0148an\u00fd v ka\u017edom ro\u010dnom obdob\u00ed. Kapsuly Vitam\u00edn C od ZEEN by Roal s\u00fa navy\u0161e balen\u00e9 v elegantnom obale.<\/p>\n<h3>D\u00e1vkovanie a sp\u00f4sob u\u017e\u00edvania<\/h3>\n<p>Odpor\u00fa\u010da sa 1 kapsula denne, zapi\u0165 dostato\u010dn\u00fdm mno\u017estvom tekutiny.<\/p>\n<h3>Zlo\u017eenie<\/h3>\n<p>Kyselina L- askorbov\u00e1, objemov\u00e9 \u010dinidlo: mikrokry\u0161talick\u00e1 celul\u00f3za, stearan hore\u010dnat\u00fd rastlinn\u00e9ho p\u00f4vodu. \u00da\u010dinn\u00e9 l\u00e1tky v odpor\u00fa\u010danej dennej d\u00e1vke (1 kapsula): vitam\u00edn C 800 mg (1000% NRV) NRV= denn\u00e1 referen\u010dn\u00e1 hodnota pr\u00edjmu dospel\u00e9ho.<\/p>\n<h3>Upozornenie<\/h3>\n<p>Nie je vhodn\u00fd pre deti, tehotn\u00e9 a doj\u010diace \u017eeny. Ustanoven\u00e1 odpor\u00fa\u010dan\u00e1 denn\u00e1 d\u00e1vka sa nesmie presiahnu\u0165. V\u00fd\u017eivov\u00fd doplnok sa nesmie pou\u017e\u00edva\u0165 ako n\u00e1hrada rozmanitej stravy. Usklad\u0148ova\u0165 mimo dosahu det\u00ed. Skladova\u0165 dobre uzatvoren\u00e9 pri izbovej teplote, mimo dosahu priameho slne\u010dn\u00e9ho \u017eiarenia.<\/p>\n","protected":false},"excerpt":{"rendered":"<ul>\n<li>v\u00fd\u017eivov\u00fd doplnok s obsahom Vitam\u00ednu C 800 mg<\/li>\n<li>Vitam\u00edn C prispieva k spr\u00e1vnemu fungovaniu imunitn\u00e9ho syst\u00e9mu<\/li>\n<li>podporuje spr\u00e1vnu funkciu kolag\u00e9nu<\/li>\n<li>prispieva k zn\u00ed\u017eeniu vy\u010derpania a \u00fanavy a pri jednotv\u00e1rnom stravovan\u00ed<\/li>\n<\/ul>\n","protected":false},"featured_media":16208,"template":"","meta":{"site-sidebar-layout":"default","site-content-layout":"","ast-site-content-layout":"default","site-content-style":"default","site-sidebar-style":"default","ast-global-header-display":"","ast-banner-title-visibility":"","ast-main-header-display":"","ast-hfb-above-header-display":"","ast-hfb-below-header-display":"","ast-hfb-mobile-header-display":"","site-post-title":"","ast-breadcrumbs-content":"","ast-featured-img":"","footer-sml-layout":"","theme-transparent-header-meta":"default","adv-header-id-meta":"","stick-header-meta":"","header-above-stick-meta":"","header-main-stick-meta":"","header-below-stick-meta":"","astra-migrate-meta-layouts":"set","ast-page-background-enabled":"default","ast-page-background-meta":{"desktop":{"background-color":"var(--ast-global-color-4)","background-image":"","background-repeat":"repeat","background-position":"center center","background-size":"auto","background-attachment":"scroll","background-type":"","background-media":"","overlay-type":"","overlay-color":"","overlay-opacity":"","overlay-gradient":""},"tablet":{"background-color":"","background-image":"","background-repeat":"repeat","background-position":"center center","background-size":"auto","background-attachment":"scroll","background-type":"","background-media":"","overlay-type":"","overlay-color":"","overlay-opacity":"","overlay-gradient":""},"mobile":{"background-color":"","background-image":"","background-repeat":"repeat","background-position":"center center","background-size":"auto","background-attachment":"scroll","background-type":"","background-media":"","overlay-type":"","overlay-color":"","overlay-opacity":"","overlay-gradient":""}},"ast-content-background-meta":{"desktop":{"background-color":"var(--ast-global-color-5)","background-image":"","background-repeat":"repeat","background-position":"center center","background-size":"auto","background-attachment":"scroll","background-type":"","background-media":"","overlay-type":"","overlay-color":"","overlay-opacity":"","overlay-gradient":""},"tablet":{"background-color":"var(--ast-global-color-5)","background-image":"","background-repeat":"repeat","background-position":"center center","background-size":"auto","background-attachment":"scroll","background-type":"","background-media":"","overlay-type":"","overlay-color":"","overlay-opacity":"","overlay-gradient":""},"mobile":{"background-color":"var(--ast-global-color-5)","background-image":"","background-repeat":"repeat","background-position":"center center","background-size":"auto","background-attachment":"scroll","background-type":"","background-media":"","overlay-type":"","overlay-color":"","overlay-opacity":"","overlay-gradient":""}}},"product_cat":[83],"product_tag":[96,97,95],"yoast_head":"<!-- This site is optimized with the Yoast SEO plugin v24.2 - https:\/\/yoast.com\/wordpress\/plugins\/seo\/ -->\n<title>Vitam\u00edn C 800 mg 60 ks - ZEEN WORLD<\/title>\n<meta name=\"description\" content=\"Kapsuly Vitam\u00edn C 500 mg od ZEEN by Roal predstavuj\u00fa v\u00fd\u017eivov\u00fd doplnok na doplnenie hladiny vitam\u00ednu C v organizme.\" \/>\n<meta name=\"robots\" content=\"index, follow, max-snippet:-1, max-image-preview:large, max-video-preview:-1\" \/>\n<link rel=\"canonical\" href=\"https:\/\/www.zeenworld.com\/sk\/produkt\/vitamin-c-500-mg-60-ks\/\" \/>\n<meta property=\"og:locale\" content=\"sk_SK\" \/>\n<meta property=\"og:type\" content=\"article\" \/>\n<meta property=\"og:title\" content=\"Vitam\u00edn C 800 mg 60 ks - ZEEN WORLD\" \/>\n<meta property=\"og:description\" content=\"Kapsuly Vitam\u00edn C 500 mg od ZEEN by Roal predstavuj\u00fa v\u00fd\u017eivov\u00fd doplnok na doplnenie hladiny vitam\u00ednu C v organizme.\" \/>\n<meta property=\"og:url\" content=\"https:\/\/www.zeenworld.com\/sk\/produkt\/vitamin-c-500-mg-60-ks\/\" \/>\n<meta property=\"og:site_name\" content=\"ZEEN WORLD\" \/>\n<meta property=\"article:modified_time\" content=\"2026-04-30T09:54:57+00:00\" \/>\n<meta property=\"og:image\" content=\"https:\/\/www.zeenworld.com\/sk\/wp-content\/uploads\/2020\/12\/Vitamin-C-800-mg-60-kps.png\" \/>\n\t<meta property=\"og:image:width\" content=\"795\" \/>\n\t<meta property=\"og:image:height\" content=\"795\" \/>\n\t<meta property=\"og:image:type\" content=\"image\/png\" \/>\n<meta name=\"twitter:card\" content=\"summary_large_image\" \/>\n<meta name=\"twitter:label1\" content=\"Predpokladan\u00fd \u010das \u010d\u00edtania\" \/>\n\t<meta name=\"twitter:data1\" content=\"2 min\u00faty\" \/>\n<script type=\"application\/ld+json\" class=\"yoast-schema-graph\">{\"@context\":\"https:\/\/schema.org\",\"@graph\":[{\"@type\":\"WebPage\",\"@id\":\"https:\/\/www.zeenworld.com\/sk\/produkt\/vitamin-c-500-mg-60-ks\/\",\"url\":\"https:\/\/www.zeenworld.com\/sk\/produkt\/vitamin-c-500-mg-60-ks\/\",\"name\":\"Vitam\u00edn C 800 mg 60 ks - ZEEN WORLD\",\"isPartOf\":{\"@id\":\"https:\/\/www.zeenworld.com\/sk\/#website\"},\"primaryImageOfPage\":{\"@id\":\"https:\/\/www.zeenworld.com\/sk\/produkt\/vitamin-c-500-mg-60-ks\/#primaryimage\"},\"image\":{\"@id\":\"https:\/\/www.zeenworld.com\/sk\/produkt\/vitamin-c-500-mg-60-ks\/#primaryimage\"},\"thumbnailUrl\":\"https:\/\/www.zeenworld.com\/sk\/wp-content\/uploads\/2020\/12\/Vitamin-C-800-mg-60-kps.png\",\"datePublished\":\"2020-12-15T10:20:04+00:00\",\"dateModified\":\"2026-04-30T09:54:57+00:00\",\"description\":\"Kapsuly Vitam\u00edn C 500 mg od ZEEN by Roal predstavuj\u00fa v\u00fd\u017eivov\u00fd doplnok na doplnenie hladiny vitam\u00ednu C v organizme.\",\"breadcrumb\":{\"@id\":\"https:\/\/www.zeenworld.com\/sk\/produkt\/vitamin-c-500-mg-60-ks\/#breadcrumb\"},\"inLanguage\":\"sk-SK\",\"potentialAction\":[{\"@type\":\"ReadAction\",\"target\":[\"https:\/\/www.zeenworld.com\/sk\/produkt\/vitamin-c-500-mg-60-ks\/\"]}]},{\"@type\":\"ImageObject\",\"inLanguage\":\"sk-SK\",\"@id\":\"https:\/\/www.zeenworld.com\/sk\/produkt\/vitamin-c-500-mg-60-ks\/#primaryimage\",\"url\":\"https:\/\/www.zeenworld.com\/sk\/wp-content\/uploads\/2020\/12\/Vitamin-C-800-mg-60-kps.png\",\"contentUrl\":\"https:\/\/www.zeenworld.com\/sk\/wp-content\/uploads\/2020\/12\/Vitamin-C-800-mg-60-kps.png\",\"width\":795,\"height\":795,\"caption\":\"Vitam\u00edn C\"},{\"@type\":\"BreadcrumbList\",\"@id\":\"https:\/\/www.zeenworld.com\/sk\/produkt\/vitamin-c-500-mg-60-ks\/#breadcrumb\",\"itemListElement\":[{\"@type\":\"ListItem\",\"position\":1,\"name\":\"Domovsk\u00e1 str\u00e1nka\",\"item\":\"https:\/\/www.zeenworld.com\/sk\/\"},{\"@type\":\"ListItem\",\"position\":2,\"name\":\"E-shop\",\"item\":\"https:\/\/www.zeenworld.com\/sk\/shop\/\"},{\"@type\":\"ListItem\",\"position\":3,\"name\":\"Vitam\u00edn C 800 mg 60 ks\"}]},{\"@type\":\"WebSite\",\"@id\":\"https:\/\/www.zeenworld.com\/sk\/#website\",\"url\":\"https:\/\/www.zeenworld.com\/sk\/\",\"name\":\"ZEEN WORLD\",\"description\":\"Kr\u00e1sa a zdravie bez kompromisov\",\"publisher\":{\"@id\":\"https:\/\/www.zeenworld.com\/sk\/#organization\"},\"potentialAction\":[{\"@type\":\"SearchAction\",\"target\":{\"@type\":\"EntryPoint\",\"urlTemplate\":\"https:\/\/www.zeenworld.com\/sk\/?s={search_term_string}\"},\"query-input\":{\"@type\":\"PropertyValueSpecification\",\"valueRequired\":true,\"valueName\":\"search_term_string\"}}],\"inLanguage\":\"sk-SK\"},{\"@type\":\"Organization\",\"@id\":\"https:\/\/www.zeenworld.com\/sk\/#organization\",\"name\":\"ZEEN WORLD\",\"url\":\"https:\/\/www.zeenworld.com\/sk\/\",\"logo\":{\"@type\":\"ImageObject\",\"inLanguage\":\"sk-SK\",\"@id\":\"https:\/\/www.zeenworld.com\/sk\/#\/schema\/logo\/image\/\",\"url\":\"https:\/\/www.zeenworld.com\/sk\/wp-content\/uploads\/2020\/11\/zeen-22.png\",\"contentUrl\":\"https:\/\/www.zeenworld.com\/sk\/wp-content\/uploads\/2020\/11\/zeen-22.png\",\"width\":630,\"height\":630,\"caption\":\"ZEEN WORLD\"},\"image\":{\"@id\":\"https:\/\/www.zeenworld.com\/sk\/#\/schema\/logo\/image\/\"}}]}<\/script>\n<!-- \/ Yoast SEO plugin. -->","yoast_head_json":{"title":"Vitam\u00edn C 800 mg 60 ks - ZEEN WORLD","description":"Kapsuly Vitam\u00edn C 500 mg od ZEEN by Roal predstavuj\u00fa v\u00fd\u017eivov\u00fd doplnok na doplnenie hladiny vitam\u00ednu C v organizme.","robots":{"index":"index","follow":"follow","max-snippet":"max-snippet:-1","max-image-preview":"max-image-preview:large","max-video-preview":"max-video-preview:-1"},"canonical":"https:\/\/www.zeenworld.com\/sk\/produkt\/vitamin-c-500-mg-60-ks\/","og_locale":"sk_SK","og_type":"article","og_title":"Vitam\u00edn C 800 mg 60 ks - ZEEN WORLD","og_description":"Kapsuly Vitam\u00edn C 500 mg od ZEEN by Roal predstavuj\u00fa v\u00fd\u017eivov\u00fd doplnok na doplnenie hladiny vitam\u00ednu C v organizme.","og_url":"https:\/\/www.zeenworld.com\/sk\/produkt\/vitamin-c-500-mg-60-ks\/","og_site_name":"ZEEN WORLD","article_modified_time":"2026-04-30T09:54:57+00:00","og_image":[{"width":795,"height":795,"url":"https:\/\/www.zeenworld.com\/sk\/wp-content\/uploads\/2020\/12\/Vitamin-C-800-mg-60-kps.png","type":"image\/png"}],"twitter_card":"summary_large_image","twitter_misc":{"Predpokladan\u00fd \u010das \u010d\u00edtania":"2 min\u00faty"},"schema":{"@context":"https:\/\/schema.org","@graph":[{"@type":"WebPage","@id":"https:\/\/www.zeenworld.com\/sk\/produkt\/vitamin-c-500-mg-60-ks\/","url":"https:\/\/www.zeenworld.com\/sk\/produkt\/vitamin-c-500-mg-60-ks\/","name":"Vitam\u00edn C 800 mg 60 ks - ZEEN WORLD","isPartOf":{"@id":"https:\/\/www.zeenworld.com\/sk\/#website"},"primaryImageOfPage":{"@id":"https:\/\/www.zeenworld.com\/sk\/produkt\/vitamin-c-500-mg-60-ks\/#primaryimage"},"image":{"@id":"https:\/\/www.zeenworld.com\/sk\/produkt\/vitamin-c-500-mg-60-ks\/#primaryimage"},"thumbnailUrl":"https:\/\/www.zeenworld.com\/sk\/wp-content\/uploads\/2020\/12\/Vitamin-C-800-mg-60-kps.png","datePublished":"2020-12-15T10:20:04+00:00","dateModified":"2026-04-30T09:54:57+00:00","description":"Kapsuly Vitam\u00edn C 500 mg od ZEEN by Roal predstavuj\u00fa v\u00fd\u017eivov\u00fd doplnok na doplnenie hladiny vitam\u00ednu C v organizme.","breadcrumb":{"@id":"https:\/\/www.zeenworld.com\/sk\/produkt\/vitamin-c-500-mg-60-ks\/#breadcrumb"},"inLanguage":"sk-SK","potentialAction":[{"@type":"ReadAction","target":["https:\/\/www.zeenworld.com\/sk\/produkt\/vitamin-c-500-mg-60-ks\/"]}]},{"@type":"ImageObject","inLanguage":"sk-SK","@id":"https:\/\/www.zeenworld.com\/sk\/produkt\/vitamin-c-500-mg-60-ks\/#primaryimage","url":"https:\/\/www.zeenworld.com\/sk\/wp-content\/uploads\/2020\/12\/Vitamin-C-800-mg-60-kps.png","contentUrl":"https:\/\/www.zeenworld.com\/sk\/wp-content\/uploads\/2020\/12\/Vitamin-C-800-mg-60-kps.png","width":795,"height":795,"caption":"Vitam\u00edn C"},{"@type":"BreadcrumbList","@id":"https:\/\/www.zeenworld.com\/sk\/produkt\/vitamin-c-500-mg-60-ks\/#breadcrumb","itemListElement":[{"@type":"ListItem","position":1,"name":"Domovsk\u00e1 str\u00e1nka","item":"https:\/\/www.zeenworld.com\/sk\/"},{"@type":"ListItem","position":2,"name":"E-shop","item":"https:\/\/www.zeenworld.com\/sk\/shop\/"},{"@type":"ListItem","position":3,"name":"Vitam\u00edn C 800 mg 60 ks"}]},{"@type":"WebSite","@id":"https:\/\/www.zeenworld.com\/sk\/#website","url":"https:\/\/www.zeenworld.com\/sk\/","name":"ZEEN WORLD","description":"Kr\u00e1sa a zdravie bez kompromisov","publisher":{"@id":"https:\/\/www.zeenworld.com\/sk\/#organization"},"potentialAction":[{"@type":"SearchAction","target":{"@type":"EntryPoint","urlTemplate":"https:\/\/www.zeenworld.com\/sk\/?s={search_term_string}"},"query-input":{"@type":"PropertyValueSpecification","valueRequired":true,"valueName":"search_term_string"}}],"inLanguage":"sk-SK"},{"@type":"Organization","@id":"https:\/\/www.zeenworld.com\/sk\/#organization","name":"ZEEN WORLD","url":"https:\/\/www.zeenworld.com\/sk\/","logo":{"@type":"ImageObject","inLanguage":"sk-SK","@id":"https:\/\/www.zeenworld.com\/sk\/#\/schema\/logo\/image\/","url":"https:\/\/www.zeenworld.com\/sk\/wp-content\/uploads\/2020\/11\/zeen-22.png","contentUrl":"https:\/\/www.zeenworld.com\/sk\/wp-content\/uploads\/2020\/11\/zeen-22.png","width":630,"height":630,"caption":"ZEEN WORLD"},"image":{"@id":"https:\/\/www.zeenworld.com\/sk\/#\/schema\/logo\/image\/"}}]}},"_links":{"self":[{"href":"https:\/\/www.zeenworld.com\/sk\/wp-json\/wp\/v2\/product\/3197"}],"collection":[{"href":"https:\/\/www.zeenworld.com\/sk\/wp-json\/wp\/v2\/product"}],"about":[{"href":"https:\/\/www.zeenworld.com\/sk\/wp-json\/wp\/v2\/types\/product"}],"wp:featuredmedia":[{"embeddable":true,"href":"https:\/\/www.zeenworld.com\/sk\/wp-json\/wp\/v2\/media\/16208"}],"wp:attachment":[{"href":"https:\/\/www.zeenworld.com\/sk\/wp-json\/wp\/v2\/media?parent=3197"}],"wp:term":[{"taxonomy":"product_cat","embeddable":true,"href":"https:\/\/www.zeenworld.com\/sk\/wp-json\/wp\/v2\/product_cat?post=3197"},{"taxonomy":"product_tag","embeddable":true,"href":"https:\/\/www.zeenworld.com\/sk\/wp-json\/wp\/v2\/product_tag?post=3197"}],"curies":[{"name":"wp","href":"https:\/\/api.w.org\/{rel}","templated":true}]}}